{"id":44675,"date":"2024-08-18T09:37:01","date_gmt":"2024-08-18T09:37:01","guid":{"rendered":"https:\/\/staging.nbg.eu\/product\/daa-carry-it-all-cia-backpack\/"},"modified":"2024-09-10T09:09:01","modified_gmt":"2024-09-10T09:09:01","slug":"daa-carry-it-all-cia-batoh","status":"publish","type":"product","link":"https:\/\/staging.nbg.eu\/sk\/produkt\/daa-carry-it-all-cia-batoh\/","title":{"rendered":"Daa Carry It All (Cia) batoh"},"content":{"rendered":"<h2>DAA Carry It All (CIA) Batoh<\/h2>\n<p>Dokonal\u00fd spolo\u010dn\u00edk na strelnici pre oddan\u00fdch strelcov IPSC, batoh Double-Alpha CIA je navrhnut\u00fd tak, aby splnil a prekonal va\u0161e o\u010dak\u00e1vania.<\/p>\n<h2>K\u013e\u00fa\u010dov\u00e9 vlastnosti:<\/h2>\n<ul>\n<li>Odoln\u00fd materi\u00e1l D600 Cordura s vodoodpudiv\u00fdmi vlastnos\u0165ami<\/li>\n<li>Spodn\u00e1 \u010das\u0165 vystlan\u00e1 Hypalonom pre extra ochranu<\/li>\n<li>Vn\u00fatro s velcro pod\u0161\u00edvkou pre prisp\u00f4sobite\u013en\u00e9 \u00falo\u017en\u00e9 priestory<\/li>\n<li>Odn\u00edmate\u013en\u00e1 stredov\u00e1 prie\u010dka<\/li>\n<li>Priestrann\u00e9 horn\u00e9 predn\u00e9 vrecko na ochranu sluchu<\/li>\n<li>Vonkaj\u0161\u00ed velcro panel na personaliz\u00e1ciu<\/li>\n<li>MOLLE popruhy pre \u010fal\u0161ie doplnky<\/li>\n<li>Pohodln\u00e9, odn\u00edmate\u013en\u00e9 ramenn\u00e9 popruhy<\/li>\n<li>Ergonomick\u00fd dizajn pre optim\u00e1lne rozlo\u017eenie hmotnosti<\/li>\n<\/ul>\n<h2>\u0160pecifik\u00e1cie:<\/h2>\n<ul>\n<li>Rozmery: 42\u0160 x 27H x 56V cm<\/li>\n<li>Objem: Pribli\u017ene 37L<\/li>\n<li>Hmotnos\u0165: 2,8 kg<\/li>\n<li>Farba: \u010cierna<\/li>\n<\/ul>\n<p>Za\u017eite dokonal\u00fa kombin\u00e1ciu odolnosti, funk\u010dnosti a pohodlia s batohom DAA CIA \u2013 va\u0161im nevyhnutn\u00fdm vybaven\u00edm pre roky spo\u013eahliv\u00fdch slu\u017eieb na strelnici.<\/p>\n","protected":false},"excerpt":{"rendered":"<p>DAA CIA batoh: Odoln\u00e1, v\u0161estrann\u00e1 ta\u0161ka na streli\u0161te pre IPSC strelcov.<\/p>\n","protected":false},"featured_media":27776,"template":"","meta":{"_acf_changed":false},"product_brand":[11282],"product_cat":[13410,13364],"product_tag":[],"class_list":{"0":"post-44675","1":"product","2":"type-product","3":"status-publish","4":"has-post-thumbnail","6":"product_brand-doublealpha","7":"product_cat-tasky-na-strelnicu","8":"product_cat-vystroj","10":"first","11":"outofstock","12":"taxable","13":"shipping-taxable","14":"purchasable","15":"product-type-simple"},"acf":[],"_links":{"self":[{"href":"https:\/\/staging.nbg.eu\/sk\/wp-json\/wp\/v2\/product\/44675","targetHints":{"allow":["GET"]}}],"collection":[{"href":"https:\/\/staging.nbg.eu\/sk\/wp-json\/wp\/v2\/product"}],"about":[{"href":"https:\/\/staging.nbg.eu\/sk\/wp-json\/wp\/v2\/types\/product"}],"wp:featuredmedia":[{"embeddable":true,"href":"https:\/\/staging.nbg.eu\/sk\/wp-json\/wp\/v2\/media\/27776"}],"wp:attachment":[{"href":"https:\/\/staging.nbg.eu\/sk\/wp-json\/wp\/v2\/media?parent=44675"}],"wp:term":[{"taxonomy":"product_brand","embeddable":true,"href":"https:\/\/staging.nbg.eu\/sk\/wp-json\/wp\/v2\/product_brand?post=44675"},{"taxonomy":"product_cat","embeddable":true,"href":"https:\/\/staging.nbg.eu\/sk\/wp-json\/wp\/v2\/product_cat?post=44675"},{"taxonomy":"product_tag","embeddable":true,"href":"https:\/\/staging.nbg.eu\/sk\/wp-json\/wp\/v2\/product_tag?post=44675"}],"curies":[{"name":"wp","href":"https:\/\/api.w.org\/{rel}","templated":true}]}}