{"id":44653,"date":"2024-08-18T09:37:34","date_gmt":"2024-09-10T09:03:14","guid":{"rendered":"https:\/\/staging.nbg.eu\/product\/flex-holster-spare-slide-lock-teeth-set\/"},"modified":"2024-09-10T09:04:05","modified_gmt":"2024-09-10T09:04:05","slug":"flex-holster-nahradna-sada-zubov-slide-lock","status":"publish","type":"product","link":"https:\/\/staging.nbg.eu\/sk\/produkt\/flex-holster-nahradna-sada-zubov-slide-lock\/","title":{"rendered":"Flex Holster &#8211; n\u00e1hradn\u00e1 sada zubov slide-lock"},"content":{"rendered":"<div class=\"product-description\">\n<h2>Flex puzdro &#8211; N\u00e1hradn\u00e1 sada zubov posuvn\u00e9ho z\u00e1mku<\/h2>\n<p>Vylep\u0161ite svoje Flex puzdro touto n\u00e1hradnou sadou \u010derven\u00fdch zubov posuvn\u00e9ho z\u00e1mku. Kompatibiln\u00e1 s vkladac\u00edmi blokmi typu A aj B, t\u00e1to sada obsahuje:<\/p>\n<ul>\n<li>\u010cerven\u00e9 zuby posuvn\u00e9ho z\u00e1mku<\/li>\n<li>Mont\u00e1\u017eny hardv\u00e9r (skrutky a matice)<\/li>\n<\/ul>\n<p>\u013dahko vylep\u0161ite alebo vyme\u0148te existuj\u00face zuby pre optim\u00e1lny v\u00fdkon a bezpe\u010dn\u00e9 uchytenie.<\/p>\n<\/div>\n","protected":false},"excerpt":{"rendered":"<p>N\u00e1hradn\u00e9 \u010derven\u00e9 zuby s posuvn\u00fdm z\u00e1mkom pre puzdro Flex, vr\u00e1tane hardv\u00e9ru.<\/p>\n","protected":false},"featured_media":30509,"template":"","meta":{"_acf_changed":false},"product_brand":[11282],"product_cat":[13384,13351,13389],"product_tag":[],"class_list":{"0":"post-44653","1":"product","2":"type-product","3":"status-publish","4":"has-post-thumbnail","6":"product_brand-doublealpha","7":"product_cat-prislusenstvo-k-puzdram","8":"product_cat-puzdro","9":"product_cat-sportove-puzdro","11":"first","12":"instock","13":"taxable","14":"shipping-taxable","15":"purchasable","16":"product-type-simple"},"acf":[],"_links":{"self":[{"href":"https:\/\/staging.nbg.eu\/sk\/wp-json\/wp\/v2\/product\/44653","targetHints":{"allow":["GET"]}}],"collection":[{"href":"https:\/\/staging.nbg.eu\/sk\/wp-json\/wp\/v2\/product"}],"about":[{"href":"https:\/\/staging.nbg.eu\/sk\/wp-json\/wp\/v2\/types\/product"}],"wp:featuredmedia":[{"embeddable":true,"href":"https:\/\/staging.nbg.eu\/sk\/wp-json\/wp\/v2\/media\/30509"}],"wp:attachment":[{"href":"https:\/\/staging.nbg.eu\/sk\/wp-json\/wp\/v2\/media?parent=44653"}],"wp:term":[{"taxonomy":"product_brand","embeddable":true,"href":"https:\/\/staging.nbg.eu\/sk\/wp-json\/wp\/v2\/product_brand?post=44653"},{"taxonomy":"product_cat","embeddable":true,"href":"https:\/\/staging.nbg.eu\/sk\/wp-json\/wp\/v2\/product_cat?post=44653"},{"taxonomy":"product_tag","embeddable":true,"href":"https:\/\/staging.nbg.eu\/sk\/wp-json\/wp\/v2\/product_tag?post=44653"}],"curies":[{"name":"wp","href":"https:\/\/api.w.org\/{rel}","templated":true}]}}