{"id":44631,"date":"2024-08-18T09:37:54","date_gmt":"2024-08-18T09:37:54","guid":{"rendered":"https:\/\/staging.nbg.eu\/product\/daa-primer-pickup-tubes-5-pack-small\/"},"modified":"2024-09-10T08:59:08","modified_gmt":"2024-09-10T08:59:08","slug":"daa-zberne-trubice-na-zapalkove-kapsle-5-balenie-male","status":"publish","type":"product","link":"https:\/\/staging.nbg.eu\/sk\/produkt\/daa-zberne-trubice-na-zapalkove-kapsle-5-balenie-male\/","title":{"rendered":"Daa zbern\u00e9 trubice na z\u00e1palkov\u00e9 kapsle, 5-balenie, mal\u00e9"},"content":{"rendered":"<div class=\"product-description\">\n<h2>DAA Trubice na zber z\u00e1paliek, 5 kusov, mal\u00e9<\/h2>\n<p>Pozdvihnite svoje prebi\u0165ovacie sk\u00fasenosti s trubicami DAA na zber z\u00e1paliek. Vyroben\u00e9 z prvotriedneho hlin\u00edka pomocou \u0161peci\u00e1lnych extr\u00faznych n\u00e1strojov, tieto trubice pon\u00fakaj\u00fa neprekonate\u013en\u00fa presnos\u0165 a povrchov\u00fd fini\u0161. \u010cerven\u00e1 anodizovan\u00e1 povrchov\u00e1 \u00faprava pre mal\u00e9 z\u00e1palky zabezpe\u010duje \u013eahk\u00fa identifik\u00e1ciu a prid\u00e1va elegantn\u00fd vzh\u013ead.<\/p>\n<ul>\n<li>Ergonomick\u00fd koniec na zber so \u0161ir\u0161ou oblas\u0165ou na podporu prstov zabra\u0148uje \u00fanave r\u00fak<\/li>\n<li>Prepracovan\u00fd hrot s dvojit\u00fdmi zubami pre bezpe\u010dn\u00e9 uchopenie z\u00e1palky<\/li>\n<li>Priesvitn\u00e9 koncov\u00e9 \u010dasti pre \u013eahk\u00fa vidite\u013enos\u0165 z\u00e1paliek<\/li>\n<li>Pevne priliehaj\u00face konce zabra\u0148uj\u00fa n\u00e1hodn\u00e9mu odpojeniu<\/li>\n<li>Konzistentn\u00e9 vn\u00fatorn\u00e9 a vonkaj\u0161ie skosenie pre optim\u00e1lne pod\u00e1vanie<\/li>\n<\/ul>\n<p>Za\u017eite pohodlie a efektivitu trub\u00edc DAA na zber z\u00e1paliek vo va\u0161om prebi\u0165ovacom procese. Vylep\u0161ite svoje vybavenie e\u0161te dnes!<\/p>\n<\/div>\n","protected":false},"excerpt":{"rendered":"<p>Primer zbern\u00e9 trubi\u010dky DAA: balenie po 5 kusov, mal\u00e9, \u010derven\u00fd eloxovan\u00fd hlin\u00edk, ergonomick\u00fd dizajn.<\/p>\n","protected":false},"featured_media":28052,"template":"","meta":{"_acf_changed":false},"product_brand":[11282],"product_cat":[13393,13347],"product_tag":[],"class_list":{"0":"post-44631","1":"product","2":"type-product","3":"status-publish","4":"has-post-thumbnail","6":"product_brand-doublealpha","7":"product_cat-nabijanie-nabojov","8":"product_cat-prislusenstvo-na-nabijanie","10":"first","11":"outofstock","12":"taxable","13":"shipping-taxable","14":"purchasable","15":"product-type-simple"},"acf":[],"_links":{"self":[{"href":"https:\/\/staging.nbg.eu\/sk\/wp-json\/wp\/v2\/product\/44631","targetHints":{"allow":["GET"]}}],"collection":[{"href":"https:\/\/staging.nbg.eu\/sk\/wp-json\/wp\/v2\/product"}],"about":[{"href":"https:\/\/staging.nbg.eu\/sk\/wp-json\/wp\/v2\/types\/product"}],"wp:featuredmedia":[{"embeddable":true,"href":"https:\/\/staging.nbg.eu\/sk\/wp-json\/wp\/v2\/media\/28052"}],"wp:attachment":[{"href":"https:\/\/staging.nbg.eu\/sk\/wp-json\/wp\/v2\/media?parent=44631"}],"wp:term":[{"taxonomy":"product_brand","embeddable":true,"href":"https:\/\/staging.nbg.eu\/sk\/wp-json\/wp\/v2\/product_brand?post=44631"},{"taxonomy":"product_cat","embeddable":true,"href":"https:\/\/staging.nbg.eu\/sk\/wp-json\/wp\/v2\/product_cat?post=44631"},{"taxonomy":"product_tag","embeddable":true,"href":"https:\/\/staging.nbg.eu\/sk\/wp-json\/wp\/v2\/product_tag?post=44631"}],"curies":[{"name":"wp","href":"https:\/\/api.w.org\/{rel}","templated":true}]}}