{"id":44609,"date":"2024-08-18T09:38:23","date_gmt":"2024-09-10T08:53:26","guid":{"rendered":"https:\/\/staging.nbg.eu\/product\/flex-alpha-x-racer-x-extended-ball-joint-rod\/"},"modified":"2024-09-10T08:54:12","modified_gmt":"2024-09-10T08:54:12","slug":"flex-alpha-x-racer-x-predlzena-gulova-tyc","status":"publish","type":"product","link":"https:\/\/staging.nbg.eu\/sk\/produkt\/flex-alpha-x-racer-x-predlzena-gulova-tyc\/","title":{"rendered":"Flex \/ Alpha-X \/ Racer-X pred\u013a\u017een\u00e1 gu\u013eov\u00e1 ty\u010d"},"content":{"rendered":"<p><strong>Pred\u013a\u017een\u00e1 gu\u013eov\u00e1 ty\u010d Flex \/ Alpha-X \/ Racer-X<\/strong> je vlastn\u00e9 rie\u0161enie pre strelcov, ktor\u00ed preferuj\u00fa, aby bola ich zbra\u0148 umiestnen\u00e1 \u010falej od tela alebo opasku. Toto pr\u00edslu\u0161enstvo prid\u00e1va 8 mm d\u013a\u017eky ku krku gu\u013eov\u00e9ho k\u013abu, poskytuj\u00fac:<\/p>\n<ul>\n<li>Zv\u00e4\u010d\u0161en\u00fa vzdialenos\u0165 medzi puzdrom a z\u00e1vesn\u00fdm syst\u00e9mom<\/li>\n<li>Vylep\u0161en\u00fa nastavite\u013enos\u0165 pre osobn\u00e9 pohodlie<\/li>\n<li>V\u00e4\u010d\u0161iu slobodu v uhle a umiestnen\u00ed zbrane<\/li>\n<\/ul>\n<p>Ide\u00e1lne pre strelcov s r\u00f4znymi telesn\u00fdm stavbami alebo \u0161pecifick\u00fdmi preferenciami nosenia, t\u00e1to ty\u010d pon\u00faka dokonal\u00fa rovnov\u00e1hu medzi pr\u00edstupnos\u0165ou a pohodl\u00edm.<\/p>\n","protected":false},"excerpt":{"rendered":"<p>Pred\u013a\u017ete vzdialenos\u0165 puzdra pomocou vlastnej 8 mm ty\u010de s gu\u013eov\u00fdm k\u013abom.<\/p>\n","protected":false},"featured_media":28121,"template":"","meta":{"_acf_changed":false},"product_brand":[11282],"product_cat":[13384,13351,13389],"product_tag":[],"class_list":{"0":"post-44609","1":"product","2":"type-product","3":"status-publish","4":"has-post-thumbnail","6":"product_brand-doublealpha","7":"product_cat-prislusenstvo-k-puzdram","8":"product_cat-puzdro","9":"product_cat-sportove-puzdro","11":"first","12":"instock","13":"taxable","14":"shipping-taxable","15":"purchasable","16":"product-type-simple"},"acf":[],"_links":{"self":[{"href":"https:\/\/staging.nbg.eu\/sk\/wp-json\/wp\/v2\/product\/44609","targetHints":{"allow":["GET"]}}],"collection":[{"href":"https:\/\/staging.nbg.eu\/sk\/wp-json\/wp\/v2\/product"}],"about":[{"href":"https:\/\/staging.nbg.eu\/sk\/wp-json\/wp\/v2\/types\/product"}],"wp:featuredmedia":[{"embeddable":true,"href":"https:\/\/staging.nbg.eu\/sk\/wp-json\/wp\/v2\/media\/28121"}],"wp:attachment":[{"href":"https:\/\/staging.nbg.eu\/sk\/wp-json\/wp\/v2\/media?parent=44609"}],"wp:term":[{"taxonomy":"product_brand","embeddable":true,"href":"https:\/\/staging.nbg.eu\/sk\/wp-json\/wp\/v2\/product_brand?post=44609"},{"taxonomy":"product_cat","embeddable":true,"href":"https:\/\/staging.nbg.eu\/sk\/wp-json\/wp\/v2\/product_cat?post=44609"},{"taxonomy":"product_tag","embeddable":true,"href":"https:\/\/staging.nbg.eu\/sk\/wp-json\/wp\/v2\/product_tag?post=44609"}],"curies":[{"name":"wp","href":"https:\/\/api.w.org\/{rel}","templated":true}]}}