{"id":44579,"date":"2024-08-18T09:38:38","date_gmt":"2024-08-18T09:38:38","guid":{"rendered":"https:\/\/staging.nbg.eu\/product\/daa-primer-pro-collator-small-primer\/"},"modified":"2024-09-10T08:47:29","modified_gmt":"2024-09-10T08:47:29","slug":"daa-primer-pro-triediaci-zasobnik-male-zapalkove-kapsle","status":"publish","type":"product","link":"https:\/\/staging.nbg.eu\/sk\/produkt\/daa-primer-pro-triediaci-zasobnik-male-zapalkove-kapsle\/","title":{"rendered":"Daa Primer-Pro triediaci z\u00e1sobn\u00edk mal\u00e9 z\u00e1palkov\u00e9 kapsle"},"content":{"rendered":"<h2>Daa Primer-Pro Kola\u010dn\u00fd syst\u00e9m pre mal\u00e9 z\u00e1palky<\/h2>\n<p>Zrevolu\u010dnite svoj proces preb\u00edjania s PRIMER-PRO od Double-Alpha! Toto inovat\u00edvne zariadenie s \u010dakaj\u00facim patentom pon\u00faka jedine\u010dn\u00e9 rie\u0161enie pre manipul\u00e1ciu s mal\u00fdmi pu\u0161kov\u00fdmi a pi\u0161to\u013eov\u00fdmi z\u00e1palkami.<\/p>\n<ul>\n<li>Efekt\u00edvny kola\u010dn\u00fd dizajn s 20 prec\u00edzne tvarovan\u00fdmi kan\u00e1lmi<\/li>\n<li>Spo\u013eahliv\u00fd syst\u00e9m odmietnutia zais\u0165uje spr\u00e1vnu orient\u00e1ciu z\u00e1paliek<\/li>\n<li>Optick\u00fd senzor po\u010d\u00edta z\u00e1palky a zastav\u00ed sa pri 100<\/li>\n<li>Inteligentn\u00e1 prevencia zaseknutia a jednoduch\u00e9 rie\u0161enie probl\u00e9mov<\/li>\n<li>Inovat\u00edvne v\u00fdstupn\u00e9 aktu\u00e1torov\u00e9 rameno pre hladk\u00e9 umiest\u0148ovanie z\u00e1paliek<\/li>\n<li>Obsahuje jeden magnetick\u00fd golier pre Dillon z\u00e1palkov\u00fa trubicu<\/li>\n<li>12V DC nap\u00e1jac\u00ed zdroj s US\/EU adapt\u00e9rmi a 2m k\u00e1blom<\/li>\n<\/ul>\n<p>Pozn\u00e1mka: Z\u00e1palkov\u00e1 trubica nie je s\u00fa\u010das\u0165ou balenia. Dodato\u010dn\u00e9 magnetick\u00e9 goliere s\u00fa k dispoz\u00edcii samostatne.<\/p>\n","protected":false},"excerpt":{"rendered":"<p>Efekt\u00edvny, spo\u013eahliv\u00fd mal\u00fd triedi\u010d z\u00e1paliek pre r\u00fdchle preb\u00edjanie.<\/p>\n","protected":false},"featured_media":28213,"template":"","meta":{"_acf_changed":false},"product_brand":[11282],"product_cat":[13365,13393],"product_tag":[],"class_list":{"0":"post-44579","1":"product","2":"type-product","3":"status-publish","4":"has-post-thumbnail","6":"product_brand-doublealpha","7":"product_cat-nabijacie-stroje","8":"product_cat-nabijanie-nabojov","10":"first","11":"outofstock","12":"taxable","13":"shipping-taxable","14":"purchasable","15":"product-type-simple"},"acf":[],"_links":{"self":[{"href":"https:\/\/staging.nbg.eu\/sk\/wp-json\/wp\/v2\/product\/44579","targetHints":{"allow":["GET"]}}],"collection":[{"href":"https:\/\/staging.nbg.eu\/sk\/wp-json\/wp\/v2\/product"}],"about":[{"href":"https:\/\/staging.nbg.eu\/sk\/wp-json\/wp\/v2\/types\/product"}],"wp:featuredmedia":[{"embeddable":true,"href":"https:\/\/staging.nbg.eu\/sk\/wp-json\/wp\/v2\/media\/28213"}],"wp:attachment":[{"href":"https:\/\/staging.nbg.eu\/sk\/wp-json\/wp\/v2\/media?parent=44579"}],"wp:term":[{"taxonomy":"product_brand","embeddable":true,"href":"https:\/\/staging.nbg.eu\/sk\/wp-json\/wp\/v2\/product_brand?post=44579"},{"taxonomy":"product_cat","embeddable":true,"href":"https:\/\/staging.nbg.eu\/sk\/wp-json\/wp\/v2\/product_cat?post=44579"},{"taxonomy":"product_tag","embeddable":true,"href":"https:\/\/staging.nbg.eu\/sk\/wp-json\/wp\/v2\/product_tag?post=44579"}],"curies":[{"name":"wp","href":"https:\/\/api.w.org\/{rel}","templated":true}]}}