{"id":44553,"date":"2024-08-18T09:38:53","date_gmt":"2024-08-18T09:38:53","guid":{"rendered":"https:\/\/staging.nbg.eu\/product\/alpha-xi-pouch-without-inlay\/"},"modified":"2024-09-10T08:39:59","modified_gmt":"2024-09-10T08:39:59","slug":"alpha-xi-puzdro-bez-vlozky","status":"publish","type":"product","link":"https:\/\/staging.nbg.eu\/sk\/produkt\/alpha-xi-puzdro-bez-vlozky\/","title":{"rendered":"Alpha-Xi puzdro bez vlo\u017eky"},"content":{"rendered":"<h2>Alpha-Xi puzdro bez vlo\u017eky &#8211; Kone\u010dn\u00e1 \u00faprava<\/h2>\n<p>Predstavujeme puzdro na z\u00e1sobn\u00edk Alpha-Xi, revolu\u010dn\u00fd dizajn v taktickom vybaven\u00ed. Toto puzdro sa vyzna\u010duje:<\/p>\n<ul>\n<li>Zv\u00fd\u0161enou odolnos\u0165ou v\u010faka upevneniu \u0161peci\u00e1lnou skrutkou so \u0161irokou hlavou<\/li>\n<li>8 v\u0161estrann\u00fdmi bodmi pripojenia pre optim\u00e1lne umiestnenie<\/li>\n<li>Tromi mo\u017enos\u0165ami v\u00fd\u0161ky pre prav\u00e1kov aj \u013eav\u00e1kov<\/li>\n<li>Dvoma mo\u017enos\u0165ami v\u00fd\u0161ky pre mont\u00e1\u017e s n\u00e1bojmi von<\/li>\n<li>K\u013e\u00fa\u010dov\u00fdm upevnen\u00edm pre maxim\u00e1lnu stabilitu<\/li>\n<\/ul>\n<p>Vylep\u0161en\u00e9 gu\u013eov\u00e9 spojenie Alpha-Xi zabezpe\u010duje bezkonkuren\u010dn\u00fa pevnos\u0165 aj v n\u00e1ro\u010dn\u00fdch podmienkach. \u010ci u\u017e zauj\u00edmate polohu le\u017emo alebo prekon\u00e1vate prek\u00e1\u017eky, toto puzdro zvl\u00e1dne v\u00fdzvu. Za\u017eite nov\u00fa \u00farove\u0148 nosenia z\u00e1sobn\u00edkov s puzdrom Alpha-Xi &#8211; odolnos\u0165 a flexibilita nanovo definovan\u00e9.<\/p>\n<p><strong>Pozn\u00e1mka:<\/strong> T\u00e1to verzia neobsahuje vlo\u017eku.<\/p>\n","protected":false},"excerpt":{"rendered":"<p>Odoln\u00e9 puzdro na z\u00e1sobn\u00edk s pokro\u010dil\u00fdm gu\u013eov\u00fdm k\u013abov\u00fdm upevnen\u00edm na opasok.<\/p>\n","protected":false},"featured_media":28282,"template":"","meta":{"_acf_changed":false},"product_brand":[11282],"product_cat":[13340,13351,13389,13355,13364],"product_tag":[],"class_list":{"0":"post-44553","1":"product","2":"type-product","3":"status-publish","4":"has-post-thumbnail","6":"product_brand-doublealpha","7":"product_cat-drziaky-na-zasobniky","8":"product_cat-puzdro","9":"product_cat-sportove-puzdro","10":"product_cat-vrecka","11":"product_cat-vystroj","13":"first","14":"instock","15":"taxable","16":"shipping-taxable","17":"purchasable","18":"product-type-simple"},"acf":[],"_links":{"self":[{"href":"https:\/\/staging.nbg.eu\/sk\/wp-json\/wp\/v2\/product\/44553","targetHints":{"allow":["GET"]}}],"collection":[{"href":"https:\/\/staging.nbg.eu\/sk\/wp-json\/wp\/v2\/product"}],"about":[{"href":"https:\/\/staging.nbg.eu\/sk\/wp-json\/wp\/v2\/types\/product"}],"wp:featuredmedia":[{"embeddable":true,"href":"https:\/\/staging.nbg.eu\/sk\/wp-json\/wp\/v2\/media\/28282"}],"wp:attachment":[{"href":"https:\/\/staging.nbg.eu\/sk\/wp-json\/wp\/v2\/media?parent=44553"}],"wp:term":[{"taxonomy":"product_brand","embeddable":true,"href":"https:\/\/staging.nbg.eu\/sk\/wp-json\/wp\/v2\/product_brand?post=44553"},{"taxonomy":"product_cat","embeddable":true,"href":"https:\/\/staging.nbg.eu\/sk\/wp-json\/wp\/v2\/product_cat?post=44553"},{"taxonomy":"product_tag","embeddable":true,"href":"https:\/\/staging.nbg.eu\/sk\/wp-json\/wp\/v2\/product_tag?post=44553"}],"curies":[{"name":"wp","href":"https:\/\/api.w.org\/{rel}","templated":true}]}}