{"id":44531,"date":"2024-08-18T09:39:07","date_gmt":"2024-08-18T09:39:07","guid":{"rendered":"https:\/\/staging.nbg.eu\/product\/daa-pcc-magzine-pouch-type-glock\/"},"modified":"2024-09-10T08:33:41","modified_gmt":"2024-09-10T08:33:41","slug":"daa-pcc-puzdro-na-zasobnik-typ-glock","status":"publish","type":"product","link":"https:\/\/staging.nbg.eu\/sk\/produkt\/daa-pcc-puzdro-na-zasobnik-typ-glock\/","title":{"rendered":"Daa Pcc puzdro na z\u00e1sobn\u00edk &#8211; typ Glock"},"content":{"rendered":"<h2>DAA PCC z\u00e1sobn\u00edkov\u00e9 puzdro &#8211; Typ Glock<\/h2>\n<p>Pozdvihnite svoju hru s karab\u00ednou na pi\u0161to\u013eov\u00e9 n\u00e1boje (PCC) pomocou DAA PCC z\u00e1sobn\u00edkov\u00e9ho puzdra, \u0161peci\u00e1lne navrhnut\u00e9ho pre z\u00e1sobn\u00edky Glock. Toto puzdro na mieru rie\u0161i jedine\u010dn\u00e9 v\u00fdzvy s\u00fa\u0165a\u017e\u00ed IPSC a USPSA.<\/p>\n<ul>\n<li>Odoln\u00e1 kon\u0161trukcia z nylonu vystu\u017een\u00e9ho vl\u00e1knami<\/li>\n<li>Extra dlh\u00fd dizajn (12 cm\/4,75&#8243;) pre bezpe\u010dn\u00e9 dr\u017eanie 40-50 n\u00e1bojov\u00fdch z\u00e1sobn\u00edkov<\/li>\n<li>Nastavite\u013en\u00e1 sila zadr\u017eania pomocou dvoch skrutiek<\/li>\n<li>Predn\u00e9 v\u00fdrezov\u00e9 okienko pre r\u00fdchlej\u0161ie vytiahnutie<\/li>\n<li>Skosen\u00e1 horn\u00e1 hrana pre r\u00fdchlej\u0161ie preb\u00edjanie<\/li>\n<li>Obojru\u010dn\u00fd dizajn s viacer\u00fdmi v\u00fd\u0161kov\u00fdmi poz\u00edciami<\/li>\n<li>Ve\u013ek\u00e9 gu\u013eov\u00e9 k\u013abov\u00e9 pripojenie pre dlh\u00fa \u017eivotnos\u0165<\/li>\n<li>Dr\u017e\u00ed z\u00e1sobn\u00edky s n\u00e1bojmi smeruj\u00facimi dozadu pre &#8222;\u00fachop p\u00e4s\u0165ou&#8220; pri preb\u00edjan\u00ed<\/li>\n<\/ul>\n<p>Optimalizujte svoj v\u00fdkon s PCC pomocou tohto \u0161peci\u00e1lne navrhnut\u00e9ho z\u00e1sobn\u00edkov\u00e9ho puzdra od Double-Alpha.<\/p>\n","protected":false},"excerpt":{"rendered":"<p>Puzdro na z\u00e1sobn\u00edk PCC pre Glock: Na mieru prisp\u00f4soben\u00e9, bezpe\u010dn\u00e9, r\u00fdchle preb\u00edjanie.<\/p>\n","protected":false},"featured_media":28420,"template":"","meta":{"_acf_changed":false},"product_brand":[11282],"product_cat":[13340,13389,13355,13364],"product_tag":[],"class_list":{"0":"post-44531","1":"product","2":"type-product","3":"status-publish","4":"has-post-thumbnail","6":"product_brand-doublealpha","7":"product_cat-drziaky-na-zasobniky","8":"product_cat-sportove-puzdro","9":"product_cat-vrecka","10":"product_cat-vystroj","12":"first","13":"outofstock","14":"taxable","15":"shipping-taxable","16":"purchasable","17":"product-type-simple"},"acf":[],"_links":{"self":[{"href":"https:\/\/staging.nbg.eu\/sk\/wp-json\/wp\/v2\/product\/44531","targetHints":{"allow":["GET"]}}],"collection":[{"href":"https:\/\/staging.nbg.eu\/sk\/wp-json\/wp\/v2\/product"}],"about":[{"href":"https:\/\/staging.nbg.eu\/sk\/wp-json\/wp\/v2\/types\/product"}],"wp:featuredmedia":[{"embeddable":true,"href":"https:\/\/staging.nbg.eu\/sk\/wp-json\/wp\/v2\/media\/28420"}],"wp:attachment":[{"href":"https:\/\/staging.nbg.eu\/sk\/wp-json\/wp\/v2\/media?parent=44531"}],"wp:term":[{"taxonomy":"product_brand","embeddable":true,"href":"https:\/\/staging.nbg.eu\/sk\/wp-json\/wp\/v2\/product_brand?post=44531"},{"taxonomy":"product_cat","embeddable":true,"href":"https:\/\/staging.nbg.eu\/sk\/wp-json\/wp\/v2\/product_cat?post=44531"},{"taxonomy":"product_tag","embeddable":true,"href":"https:\/\/staging.nbg.eu\/sk\/wp-json\/wp\/v2\/product_tag?post=44531"}],"curies":[{"name":"wp","href":"https:\/\/api.w.org\/{rel}","templated":true}]}}