{"id":44508,"date":"2024-08-18T09:39:25","date_gmt":"2024-08-18T09:39:25","guid":{"rendered":"https:\/\/staging.nbg.eu\/product\/corn-cob-media-4kg\/"},"modified":"2024-09-10T08:26:37","modified_gmt":"2024-09-10T08:26:37","slug":"kukuricne-granule-4kg","status":"publish","type":"product","link":"https:\/\/staging.nbg.eu\/sk\/produkt\/kukuricne-granule-4kg\/","title":{"rendered":"Kukuri\u010dn\u00e9 granule 4Kg"},"content":{"rendered":"<h2>Kukuri\u010dn\u00e9 m\u00e9dium 4 kg<\/h2>\n<p>Pozdvihnite svoju hru v \u010disten\u00ed mosadze s na\u0161\u00edm pr\u00e9miov\u00fdm 4 kg kukuri\u010dn\u00fdm m\u00e9diom. Toto vysoko kvalitn\u00e9 m\u00e9dium je navrhnut\u00e9 tak, aby:<\/p>\n<ul>\n<li>Odstr\u00e1nilo piesok, \u0161pinu a zvy\u0161ky prachu z va\u0161ich n\u00e1bojn\u00edc<\/li>\n<li>Dodalo va\u0161ej mosadzi kr\u00e1sny lesk<\/li>\n<li>Vy\u010distilo aj tie najmen\u0161ie z\u00e1hyby okrajov n\u00e1bojn\u00edc a z\u00e1paln\u00edkov\u00fdch jamiek<\/li>\n<\/ul>\n<p>Ide\u00e1lne na pou\u017eitie v mal\u00fdch a\u017e stredne ve\u013ek\u00fdch bubnov\u00fdch a vibra\u010dn\u00fdch \u010disti\u010dk\u00e1ch, na\u0161e m\u00e9dium s mal\u00fdmi zrnami zabezpe\u010duje d\u00f4kladn\u00e9 \u010distenie va\u0161ich mosadzn\u00fdch n\u00e1bojn\u00edc. Mno\u017estvo 4 kg umo\u017e\u0148uje viacn\u00e1sobn\u00e9 pou\u017eitie, \u010do poskytuje vynikaj\u00facu hodnotu za peniaze.<\/p>\n<p>Hoci toto m\u00e9dium m\u00f4\u017ee by\u0165 pou\u017eit\u00e9 opakovane, odpor\u00fa\u010dame pravideln\u00e9 nahradenie, aby sa udr\u017eali optim\u00e1lne v\u00fdsledky \u010distenia. Investujte do n\u00e1\u0161ho kukuri\u010dn\u00e9ho m\u00e9dia e\u0161te dnes a za\u017eite rozdiel vo va\u0161om procese preb\u00edjania!<\/p>\n","protected":false},"excerpt":{"rendered":"<p>4 kg kukuri\u010dn\u00e9 \u0161\u00fapolie: \u010cist\u00ed a le\u0161t\u00ed mosadzn\u00e9 n\u00e1bojnice, opakovane pou\u017eite\u013en\u00e9.<\/p>\n","protected":false},"featured_media":28581,"template":"","meta":{"_acf_changed":false},"product_brand":[],"product_cat":[13393,13391],"product_tag":[],"class_list":{"0":"post-44508","1":"product","2":"type-product","3":"status-publish","4":"has-post-thumbnail","6":"product_cat-nabijanie-nabojov","7":"product_cat-priprava-nabojnic","9":"first","10":"outofstock","11":"taxable","12":"shipping-taxable","13":"purchasable","14":"product-type-simple"},"acf":[],"_links":{"self":[{"href":"https:\/\/staging.nbg.eu\/sk\/wp-json\/wp\/v2\/product\/44508","targetHints":{"allow":["GET"]}}],"collection":[{"href":"https:\/\/staging.nbg.eu\/sk\/wp-json\/wp\/v2\/product"}],"about":[{"href":"https:\/\/staging.nbg.eu\/sk\/wp-json\/wp\/v2\/types\/product"}],"wp:featuredmedia":[{"embeddable":true,"href":"https:\/\/staging.nbg.eu\/sk\/wp-json\/wp\/v2\/media\/28581"}],"wp:attachment":[{"href":"https:\/\/staging.nbg.eu\/sk\/wp-json\/wp\/v2\/media?parent=44508"}],"wp:term":[{"taxonomy":"product_brand","embeddable":true,"href":"https:\/\/staging.nbg.eu\/sk\/wp-json\/wp\/v2\/product_brand?post=44508"},{"taxonomy":"product_cat","embeddable":true,"href":"https:\/\/staging.nbg.eu\/sk\/wp-json\/wp\/v2\/product_cat?post=44508"},{"taxonomy":"product_tag","embeddable":true,"href":"https:\/\/staging.nbg.eu\/sk\/wp-json\/wp\/v2\/product_tag?post=44508"}],"curies":[{"name":"wp","href":"https:\/\/api.w.org\/{rel}","templated":true}]}}