{"id":44486,"date":"2024-08-18T09:39:38","date_gmt":"2024-08-18T09:39:38","guid":{"rendered":"https:\/\/staging.nbg.eu\/product\/sordin-silicone-gel-replacement-ear-pads\/"},"modified":"2024-09-10T08:15:53","modified_gmt":"2024-09-10T08:15:53","slug":"sordin-silikonove-gelove-nahradne-usne-vankusiky","status":"publish","type":"product","link":"https:\/\/staging.nbg.eu\/sk\/produkt\/sordin-silikonove-gelove-nahradne-usne-vankusiky\/","title":{"rendered":"Sordin silik\u00f3nov\u00e9 g\u00e9lov\u00e9 n\u00e1hradn\u00e9 u\u0161n\u00e9 vank\u00fa\u0161iky"},"content":{"rendered":"<div class=\"product-description\">\n<h2>N\u00e1hradn\u00e9 u\u0161n\u00e9 vank\u00fa\u0161iky zo silik\u00f3nov\u00e9ho g\u00e9lu Sordin<\/h2>\n<p>Vylep\u0161ite svoje chr\u00e1ni\u010de sluchu Sordin na\u0161ou n\u00e1hradnou s\u00fapravou zo silik\u00f3nov\u00e9ho g\u00e9lu, ktor\u00e1 obsahuje:<\/p>\n<ul>\n<li>2 u\u0161n\u00e9 vank\u00fa\u0161iky zo silik\u00f3nov\u00e9ho g\u00e9lu<\/li>\n<li>2 izola\u010dn\u00e9 vank\u00fa\u0161iky<\/li>\n<\/ul>\n<p>Za\u017eite vynikaj\u00face pohodlie a ochranu sluchu s t\u00fdmito inovat\u00edvnymi g\u00e9lov\u00fdmi vank\u00fa\u0161ikmi, ktor\u00e9 sa prisp\u00f4sobia kont\u00faram va\u0161ej hlavy. S\u00fa ide\u00e1lne na pou\u017eitie so streleck\u00fdmi okuliarmi, prisp\u00f4sobia sa okolo ich ramienok pre lep\u0161iu ochranu a pohodlie.<\/p>\n<p>Kompatibiln\u00e9 so v\u0161etk\u00fdmi modelmi Sordin: Supreme Pro, Pro-X a Pro+3. Jednoducho sa in\u0161taluj\u00fa bez potreby ak\u00fdchko\u013evek \u00faprav.<\/p>\n<p>Zlep\u0161ite hygienu a v\u00fdkon pravidelnou v\u00fdmenou u\u0161n\u00fdch vank\u00fa\u0161ikov. Vysk\u00fa\u0161ajte tieto g\u00e9lov\u00e9 vank\u00fa\u0161iky, aby ste skuto\u010dne ocenili rozdiel v pohodl\u00ed a zvukovej izol\u00e1cii.<\/p>\n<\/div>\n","protected":false},"excerpt":{"rendered":"<p>Silik\u00f3nov\u00e9 g\u00e9lov\u00e9 n\u00e1u\u0161n\u00edky pre sl\u00fachadl\u00e1 Sordin. Zlep\u0161en\u00e9 pohodlie a ochrana sluchu.<\/p>\n","protected":false},"featured_media":28604,"template":"","meta":{"_acf_changed":false},"product_brand":[],"product_cat":[13359,13364],"product_tag":[],"class_list":{"0":"post-44486","1":"product","2":"type-product","3":"status-publish","4":"has-post-thumbnail","6":"product_cat-ochrana-sluchu","7":"product_cat-vystroj","9":"first","10":"outofstock","11":"taxable","12":"shipping-taxable","13":"purchasable","14":"product-type-simple"},"acf":[],"_links":{"self":[{"href":"https:\/\/staging.nbg.eu\/sk\/wp-json\/wp\/v2\/product\/44486","targetHints":{"allow":["GET"]}}],"collection":[{"href":"https:\/\/staging.nbg.eu\/sk\/wp-json\/wp\/v2\/product"}],"about":[{"href":"https:\/\/staging.nbg.eu\/sk\/wp-json\/wp\/v2\/types\/product"}],"wp:featuredmedia":[{"embeddable":true,"href":"https:\/\/staging.nbg.eu\/sk\/wp-json\/wp\/v2\/media\/28604"}],"wp:attachment":[{"href":"https:\/\/staging.nbg.eu\/sk\/wp-json\/wp\/v2\/media?parent=44486"}],"wp:term":[{"taxonomy":"product_brand","embeddable":true,"href":"https:\/\/staging.nbg.eu\/sk\/wp-json\/wp\/v2\/product_brand?post=44486"},{"taxonomy":"product_cat","embeddable":true,"href":"https:\/\/staging.nbg.eu\/sk\/wp-json\/wp\/v2\/product_cat?post=44486"},{"taxonomy":"product_tag","embeddable":true,"href":"https:\/\/staging.nbg.eu\/sk\/wp-json\/wp\/v2\/product_tag?post=44486"}],"curies":[{"name":"wp","href":"https:\/\/api.w.org\/{rel}","templated":true}]}}