{"id":44456,"date":"2024-08-18T19:22:32","date_gmt":"2024-09-10T08:08:07","guid":{"rendered":"https:\/\/staging.nbg.eu\/product\/flex-holster-insert-block\/"},"modified":"2024-09-10T08:08:57","modified_gmt":"2024-09-10T08:08:57","slug":"flex-holster-insert-block","status":"publish","type":"product","link":"https:\/\/staging.nbg.eu\/sk\/produkt\/flex-holster-insert-block\/","title":{"rendered":"Flex Holster Insert Block"},"content":{"rendered":"<div class=\"product-description\">\n<h2>Flexibiln\u00fd vlo\u017ekov\u00fd blok do puzdra: Prisp\u00f4sobite\u013en\u00e9 upevnenie pre va\u0161u pi\u0161to\u013e<\/h2>\n<p>Revolu\u010dn\u00fd flexibiln\u00fd vlo\u017ekov\u00fd blok do puzdra pon\u00faka bezkonkuren\u010dn\u00fa nastavite\u013enos\u0165, ktor\u00e1 zabezpe\u010duje dokonal\u00e9 upevnenie pre takmer ka\u017ed\u00fd model pi\u0161tole. Dostupn\u00fd v type A a B, tento inovat\u00edvny dizajn v\u00e1m umo\u017e\u0148uje jemne doladi\u0165 vlo\u017eku do puzdra pre optim\u00e1lny v\u00fdkon a pohodlie.<\/p>\n<h3>K\u013e\u00fa\u010dov\u00e9 vlastnosti:<\/h3>\n<ul>\n<li>Nastavite\u013en\u00e9 z\u00fabky z\u00e1mku z\u00e1vesu pre presn\u00e9 upevnenie<\/li>\n<li>Bo\u010dn\u00e9 rozpery a podlo\u017eky pre prisp\u00f4soben\u00e9 zarovnanie<\/li>\n<li>Volite\u013en\u00e1 predn\u00e1 rozpera pre dodato\u010dn\u00fa nastavite\u013enos\u0165<\/li>\n<li>Hlin\u00edkov\u00fd z\u00e1mok z\u00e1vesu s magnetick\u00fdm zapojen\u00edm<\/li>\n<li>\u0160irok\u00e1, ploch\u00e1 poistn\u00e1 p\u00e1ka z nehrdzavej\u00facej ocele pre \u013eahk\u00fa aktiv\u00e1ciu<\/li>\n<\/ul>\n<p>Zostava flexibiln\u00e9ho vlo\u017ekov\u00e9ho bloku rie\u0161i be\u017en\u00e9 probl\u00e9my s upevnen\u00edm sp\u00f4soben\u00e9 v\u00fdrobn\u00fdmi odch\u00fdlkami, zabezpe\u010duj\u00fac tesn\u00e9 a bezpe\u010dn\u00e9 upevnenie pre va\u0161u konkr\u00e9tnu zbra\u0148. V\u010faka pou\u017e\u00edvate\u013esky pr\u00edvetiv\u00e9mu dizajnu m\u00f4\u017eete \u013eahko nastavi\u0165 vlo\u017eku tak, aby vyhovovala jedine\u010dn\u00fdm rozmerom l\u00fa\u010dika va\u0161ej pi\u0161tole.<\/p>\n<p>Za\u017eite \u010fal\u0161iu \u00farove\u0148 prisp\u00f4sobenia puzdra s flexibiln\u00fdm vlo\u017ekov\u00fdm blokom do puzdra \u2013 ultim\u00e1tne rie\u0161enie pre n\u00e1ro\u010dn\u00fdch strelcov, ktor\u00ed vy\u017eaduj\u00fa presnos\u0165 a spo\u013eahlivos\u0165.<\/p>\n<\/div>\n","protected":false},"excerpt":{"rendered":"<p>Prisp\u00f4sobite\u013en\u00e1 vlo\u017eka do puzdra pre dokonal\u00e9 uchytenie a bezpe\u010dnos\u0165 pi\u0161tole.<\/p>\n","protected":false},"featured_media":28627,"template":"","meta":{"_acf_changed":false},"product_brand":[11282],"product_cat":[13384,13351,13389,13364],"product_tag":[],"class_list":{"0":"post-44456","1":"product","2":"type-product","3":"status-publish","4":"has-post-thumbnail","6":"product_brand-doublealpha","7":"product_cat-prislusenstvo-k-puzdram","8":"product_cat-puzdro","9":"product_cat-sportove-puzdro","10":"product_cat-vystroj","12":"first","13":"instock","14":"taxable","15":"shipping-taxable","16":"purchasable","17":"product-type-variable","18":"wvs-archive-product-wrapper"},"acf":[],"_links":{"self":[{"href":"https:\/\/staging.nbg.eu\/sk\/wp-json\/wp\/v2\/product\/44456","targetHints":{"allow":["GET"]}}],"collection":[{"href":"https:\/\/staging.nbg.eu\/sk\/wp-json\/wp\/v2\/product"}],"about":[{"href":"https:\/\/staging.nbg.eu\/sk\/wp-json\/wp\/v2\/types\/product"}],"wp:featuredmedia":[{"embeddable":true,"href":"https:\/\/staging.nbg.eu\/sk\/wp-json\/wp\/v2\/media\/28627"}],"wp:attachment":[{"href":"https:\/\/staging.nbg.eu\/sk\/wp-json\/wp\/v2\/media?parent=44456"}],"wp:term":[{"taxonomy":"product_brand","embeddable":true,"href":"https:\/\/staging.nbg.eu\/sk\/wp-json\/wp\/v2\/product_brand?post=44456"},{"taxonomy":"product_cat","embeddable":true,"href":"https:\/\/staging.nbg.eu\/sk\/wp-json\/wp\/v2\/product_cat?post=44456"},{"taxonomy":"product_tag","embeddable":true,"href":"https:\/\/staging.nbg.eu\/sk\/wp-json\/wp\/v2\/product_tag?post=44456"}],"curies":[{"name":"wp","href":"https:\/\/api.w.org\/{rel}","templated":true}]}}