{"id":44378,"date":"2024-08-18T19:23:04","date_gmt":"2024-09-10T07:48:57","guid":{"rendered":"https:\/\/staging.nbg.eu\/product\/d%d0%b0%d0%b0-ratchet-inner-belt\/"},"modified":"2024-09-10T07:49:54","modified_gmt":"2024-09-10T07:49:54","slug":"daa-racnovy-vnutorny-opasok","status":"publish","type":"product","link":"https:\/\/staging.nbg.eu\/sk\/produkt\/daa-racnovy-vnutorny-opasok\/","title":{"rendered":"DAA ra\u010d\u0148ov\u00fd vn\u00fatorn\u00fd opasok"},"content":{"rendered":"<h2>DAA Ra\u010d\u0148ov\u00fd vn\u00fatorn\u00fd opasok<\/h2>\n<p>Za\u017eite neporovnate\u013en\u00e9 pohodlie s inovat\u00edvnym DAA ra\u010d\u0148ov\u00fdm vn\u00fatorn\u00fdm opaskom. V\u010faka jedine\u010dnej skladate\u013enej \u010dasti navrhnutej tak, aby sedela pod ra\u010d\u0148ou, tento opasok odstra\u0148uje nepr\u00edjemn\u00e9 tlakov\u00e9 body pri u\u0165ahovan\u00ed a skracovan\u00ed vonkaj\u0161ieho opasku.<\/p>\n<ul>\n<li>Skladate\u013en\u00e1 \u010das\u0165 bez plastov\u00e9ho jadra alebo such\u00e9ho zipsu pre jednoduch\u00e9 skladanie<\/li>\n<li>Za\u0161picaten\u00e9 konce pre bezprobl\u00e9mov\u00e9 prevliekanie cez p\u00fatka nohav\u00edc<\/li>\n<li>Vy\u0161\u0161ie pohodlie v porovnan\u00ed s tradi\u010dn\u00fdmi vn\u00fatorn\u00fdmi opaskami<\/li>\n<li>Vyroben\u00fd z rovnako kvalitn\u00fdch materi\u00e1lov ako \u0161tandardn\u00e9 vn\u00fatorn\u00e9 opasky DAA<\/li>\n<\/ul>\n<p>Rozl\u00fa\u010dte sa s nepohodl\u00edm sp\u00f4soben\u00fdm tvrd\u00fdmi materi\u00e1lmi, ktor\u00e9 sa \u0165a\u017eko skladaj\u00fa. DAA ra\u010d\u0148ov\u00fd vn\u00fatorn\u00fd opasok zabezpe\u010duje tesn\u00e9 priliehanie bez kompromisov v pohodl\u00ed, \u010do z neho rob\u00ed perfektn\u00fa vo\u013ebu pre n\u00e1ro\u010dn\u00fdch pou\u017e\u00edvate\u013eov, ktor\u00ed po\u017eaduj\u00fa to najlep\u0161ie v technol\u00f3gii opaskov.<\/p>\n","protected":false},"excerpt":{"rendered":"<p>Pohodln\u00fd vn\u00fatorn\u00fd opasok so skladacou \u010das\u0165ou pre ra\u010d\u0148ov\u00e9 pracky.<\/p>\n","protected":false},"featured_media":29064,"template":"","meta":{"_acf_changed":false},"product_brand":[11282],"product_cat":[13367,13364],"product_tag":[],"class_list":{"0":"post-44378","1":"product","2":"type-product","3":"status-publish","4":"has-post-thumbnail","6":"product_brand-doublealpha","7":"product_cat-sportove-opasky","8":"product_cat-vystroj","10":"first","11":"instock","12":"taxable","13":"shipping-taxable","14":"purchasable","15":"product-type-variable","16":"wvs-archive-product-wrapper"},"acf":[],"_links":{"self":[{"href":"https:\/\/staging.nbg.eu\/sk\/wp-json\/wp\/v2\/product\/44378","targetHints":{"allow":["GET"]}}],"collection":[{"href":"https:\/\/staging.nbg.eu\/sk\/wp-json\/wp\/v2\/product"}],"about":[{"href":"https:\/\/staging.nbg.eu\/sk\/wp-json\/wp\/v2\/types\/product"}],"wp:featuredmedia":[{"embeddable":true,"href":"https:\/\/staging.nbg.eu\/sk\/wp-json\/wp\/v2\/media\/29064"}],"wp:attachment":[{"href":"https:\/\/staging.nbg.eu\/sk\/wp-json\/wp\/v2\/media?parent=44378"}],"wp:term":[{"taxonomy":"product_brand","embeddable":true,"href":"https:\/\/staging.nbg.eu\/sk\/wp-json\/wp\/v2\/product_brand?post=44378"},{"taxonomy":"product_cat","embeddable":true,"href":"https:\/\/staging.nbg.eu\/sk\/wp-json\/wp\/v2\/product_cat?post=44378"},{"taxonomy":"product_tag","embeddable":true,"href":"https:\/\/staging.nbg.eu\/sk\/wp-json\/wp\/v2\/product_tag?post=44378"}],"curies":[{"name":"wp","href":"https:\/\/api.w.org\/{rel}","templated":true}]}}