{"id":44245,"date":"2024-08-18T19:27:11","date_gmt":"2024-09-10T07:41:56","guid":{"rendered":"https:\/\/staging.nbg.eu\/product\/flex-holster-lh-rh-aluminum-assembly\/"},"modified":"2024-09-10T07:42:50","modified_gmt":"2024-09-10T07:42:50","slug":"flex-puzdro-lhrh-hlinikova-zostava","status":"publish","type":"product","link":"https:\/\/staging.nbg.eu\/sk\/produkt\/flex-puzdro-lhrh-hlinikova-zostava\/","title":{"rendered":"Flex puzdro Lh\/Rh hlin\u00edkov\u00e1 zostava"},"content":{"rendered":"<h2>Flex Holster \u013dav\u00e9\/Prav\u00e9 Hlin\u00edkov\u00e9 Puzdro<\/h2>\n<p>Flex Holster je pr\u00e9miov\u00e9 puzdro s\u00fa\u0165a\u017enej triedy navrhnut\u00e9 pre 3,8 cm (1,5&#8243;) \u0161irok\u00e9 opasky, dokonale kompatibiln\u00e9 s opaskami DAA LYNX a Premium. Medzi k\u013e\u00fa\u010dov\u00e9 vlastnosti patria:<\/p>\n<ul>\n<li>Plne CNC obr\u00e1ban\u00e9 hlin\u00edkov\u00e9 prevedenie pre neprekonate\u013en\u00fa pevnos\u0165 a odolnos\u0165<\/li>\n<li>Odn\u00edmate\u013en\u00fd opaskov\u00fd z\u00e1ves pre jednoduch\u00e9 cestovanie a skladovanie<\/li>\n<li>Inovat\u00edvny syst\u00e9m nastavenia sklonu pre personalizovan\u00e9 pohodlie<\/li>\n<li>S\u00fa\u010das\u0165ou je stehenn\u00e1 podlo\u017eka pre zv\u00fd\u0161en\u00fa stabilitu<\/li>\n<\/ul>\n<p>Jedine\u010dn\u00e9 mo\u017enosti naklonenia v\u00e1m umo\u017e\u0148uj\u00fa umiestni\u0165 puzdro vertik\u00e1lne alebo v r\u00f4znych uhloch, \u010d\u00edm zabezpe\u010duj\u00fa optim\u00e1lne pohodlie bez oh\u013eadu na typ postavy alebo polohu opaska. Za\u017eite to najlep\u0161ie v prisp\u00f4soben\u00ed a v\u00fdkone s Flex Holsterom.<\/p>\n","protected":false},"excerpt":{"rendered":"<p>Odoln\u00e9 puzdro z CNC hlin\u00edka s nastavite\u013en\u00fdm sklonom a odn\u00edmate\u013en\u00fdm dr\u017eiakom.<\/p>\n","protected":false},"featured_media":28880,"template":"","meta":{"_acf_changed":false},"product_brand":[11282],"product_cat":[13384,13351,13389,13364],"product_tag":[],"class_list":{"0":"post-44245","1":"product","2":"type-product","3":"status-publish","4":"has-post-thumbnail","6":"product_brand-doublealpha","7":"product_cat-prislusenstvo-k-puzdram","8":"product_cat-puzdro","9":"product_cat-sportove-puzdro","10":"product_cat-vystroj","12":"first","13":"instock","14":"taxable","15":"shipping-taxable","16":"purchasable","17":"product-type-variable","18":"wvs-archive-product-wrapper"},"acf":[],"_links":{"self":[{"href":"https:\/\/staging.nbg.eu\/sk\/wp-json\/wp\/v2\/product\/44245","targetHints":{"allow":["GET"]}}],"collection":[{"href":"https:\/\/staging.nbg.eu\/sk\/wp-json\/wp\/v2\/product"}],"about":[{"href":"https:\/\/staging.nbg.eu\/sk\/wp-json\/wp\/v2\/types\/product"}],"wp:featuredmedia":[{"embeddable":true,"href":"https:\/\/staging.nbg.eu\/sk\/wp-json\/wp\/v2\/media\/28880"}],"wp:attachment":[{"href":"https:\/\/staging.nbg.eu\/sk\/wp-json\/wp\/v2\/media?parent=44245"}],"wp:term":[{"taxonomy":"product_brand","embeddable":true,"href":"https:\/\/staging.nbg.eu\/sk\/wp-json\/wp\/v2\/product_brand?post=44245"},{"taxonomy":"product_cat","embeddable":true,"href":"https:\/\/staging.nbg.eu\/sk\/wp-json\/wp\/v2\/product_cat?post=44245"},{"taxonomy":"product_tag","embeddable":true,"href":"https:\/\/staging.nbg.eu\/sk\/wp-json\/wp\/v2\/product_tag?post=44245"}],"curies":[{"name":"wp","href":"https:\/\/api.w.org\/{rel}","templated":true}]}}