{"id":44113,"date":"2024-03-14T09:38:02","date_gmt":"2024-03-14T09:38:02","guid":{"rendered":"https:\/\/staging.nbg.eu\/product\/produkt-5\/"},"modified":"2024-09-13T10:02:18","modified_gmt":"2024-09-13T10:02:18","slug":"bore-tech-bavlnene-tampony-100-kusov","status":"publish","type":"product","link":"https:\/\/staging.nbg.eu\/sk\/produkt\/bore-tech-bavlnene-tampony-100-kusov\/","title":{"rendered":"Bore Tech bavlnen\u00e9 tamp\u00f3ny &#8211; 100 kusov"},"content":{"rendered":"<p>Bavlnen\u00e9 ty\u010dinky Bore Tech: Na bodov\u00e9 \u010distenie a presn\u00e9 nan\u00e1\u0161anie rozp\u00fa\u0161\u0165adla. Vlastnosti:<\/p>\n<ul>\n<li>Bavlnen\u00e1 \u0161pi\u010dka s n\u00edzkym uvo\u013e\u0148ovan\u00edm vl\u00e1kien<\/li>\n<li>15 cm ohybn\u00e1 bambusov\u00e1 rukov\u00e4\u0165<\/li>\n<li>Vhodn\u00e9 pre s\u00fa\u010diastky AR, sp\u00fa\u0161\u0165ov\u00e9 mechanizmy a \u0165a\u017eko dostupn\u00e9 miesta<\/li>\n<li>Na nan\u00e1\u0161anie maziva a \u010distenie mal\u00fdch priehlb\u00edn<\/li>\n<\/ul>\n<p>Balenie 100 kusov na \u00fadr\u017ebu streln\u00fdch zbran\u00ed.<\/p>\n","protected":false},"excerpt":{"rendered":"<p>Presn\u00e9 \u010distiace ty\u010dinky pre streln\u00e9 zbrane. 15 cm bambusov\u00e1 rukov\u00e4\u0165, n\u00edzko vl\u00e1knit\u00fd hrot.<\/p>\n","protected":false},"featured_media":44114,"template":"","meta":{"_acf_changed":false},"product_brand":[11161],"product_cat":[13378,13405],"product_tag":[],"class_list":{"0":"post-44113","1":"product","2":"type-product","3":"status-publish","4":"has-post-thumbnail","6":"product_brand-boretech","7":"product_cat-cistenie-zbrani","8":"product_cat-kefky","10":"first","11":"instock","12":"taxable","13":"shipping-taxable","14":"purchasable","15":"product-type-simple"},"acf":[],"_links":{"self":[{"href":"https:\/\/staging.nbg.eu\/sk\/wp-json\/wp\/v2\/product\/44113","targetHints":{"allow":["GET"]}}],"collection":[{"href":"https:\/\/staging.nbg.eu\/sk\/wp-json\/wp\/v2\/product"}],"about":[{"href":"https:\/\/staging.nbg.eu\/sk\/wp-json\/wp\/v2\/types\/product"}],"wp:featuredmedia":[{"embeddable":true,"href":"https:\/\/staging.nbg.eu\/sk\/wp-json\/wp\/v2\/media\/44114"}],"wp:attachment":[{"href":"https:\/\/staging.nbg.eu\/sk\/wp-json\/wp\/v2\/media?parent=44113"}],"wp:term":[{"taxonomy":"product_brand","embeddable":true,"href":"https:\/\/staging.nbg.eu\/sk\/wp-json\/wp\/v2\/product_brand?post=44113"},{"taxonomy":"product_cat","embeddable":true,"href":"https:\/\/staging.nbg.eu\/sk\/wp-json\/wp\/v2\/product_cat?post=44113"},{"taxonomy":"product_tag","embeddable":true,"href":"https:\/\/staging.nbg.eu\/sk\/wp-json\/wp\/v2\/product_tag?post=44113"}],"curies":[{"name":"wp","href":"https:\/\/api.w.org\/{rel}","templated":true}]}}