{"id":44023,"date":"2024-08-18T19:33:17","date_gmt":"2024-09-09T15:47:45","guid":{"rendered":"https:\/\/staging.nbg.eu\/product\/lynx-belt-single-link\/"},"modified":"2025-01-24T12:50:37","modified_gmt":"2025-01-24T12:50:37","slug":"lynx-opasok-jednoduchy-clanok","status":"publish","type":"product","link":"https:\/\/staging.nbg.eu\/sk\/produkt\/lynx-opasok-jednoduchy-clanok\/","title":{"rendered":"Lynx opasok jednoduch\u00fd \u010dl\u00e1nok"},"content":{"rendered":"<div class=\"product-description\">\n<h2>Lynx opasok &#8211; jednotliv\u00fd \u010dl\u00e1nok<\/h2>\n<p>Prisp\u00f4sobte si Lynx opasok jednotliv\u00fdmi \u010dl\u00e1nkami, vytvorte farebn\u00fa sch\u00e9mu:<\/p>\n<ul>\n<li>V\u00fdber z 5 dostupn\u00fdch farieb<\/li>\n<li>Navrhnite si opasok pod\u013ea n\u00e1rodnej vlajky, streleck\u00e9ho klubu alebo uniformy<\/li>\n<li>Zak\u00fapte si jednotliv\u00e9 \u010dl\u00e1nky v akejko\u013evek farbe a mno\u017estve<\/li>\n<\/ul>\n<h3>Rozmery:<\/h3>\n<ul>\n<li>D\u013a\u017eka: 33 mm (od kol\u00edka ku kol\u00edku)<\/li>\n<li>V\u00fd\u0161ka: 38,7 mm<\/li>\n<li>Hr\u00fabka: 8,8 mm (na suchom zipse), 7 mm (bez such\u00e9ho zipsu)<\/li>\n<\/ul>\n<p>Lynx opasok &#8211; jednotliv\u00fd \u010dl\u00e1nok umo\u017e\u0148uje prisp\u00f4sobenie opasku.<\/p>\n<\/div>\n","protected":false},"excerpt":{"rendered":"<p>Prisp\u00f4sobite\u013en\u00e9 spony opasku: 5 farieb, kombinujte a vytv\u00e1rajte jedine\u010dn\u00e9 dizajny.<\/p>\n","protected":false},"featured_media":29156,"template":"","meta":{"_acf_changed":false},"product_brand":[11282],"product_cat":[13367,13364],"product_tag":[],"class_list":{"0":"post-44023","1":"product","2":"type-product","3":"status-publish","4":"has-post-thumbnail","6":"product_brand-doublealpha","7":"product_cat-sportove-opasky","8":"product_cat-vystroj","10":"first","11":"instock","12":"taxable","13":"shipping-taxable","14":"purchasable","15":"product-type-variable","16":"wvs-archive-product-wrapper"},"acf":[],"_links":{"self":[{"href":"https:\/\/staging.nbg.eu\/sk\/wp-json\/wp\/v2\/product\/44023","targetHints":{"allow":["GET"]}}],"collection":[{"href":"https:\/\/staging.nbg.eu\/sk\/wp-json\/wp\/v2\/product"}],"about":[{"href":"https:\/\/staging.nbg.eu\/sk\/wp-json\/wp\/v2\/types\/product"}],"wp:featuredmedia":[{"embeddable":true,"href":"https:\/\/staging.nbg.eu\/sk\/wp-json\/wp\/v2\/media\/29156"}],"wp:attachment":[{"href":"https:\/\/staging.nbg.eu\/sk\/wp-json\/wp\/v2\/media?parent=44023"}],"wp:term":[{"taxonomy":"product_brand","embeddable":true,"href":"https:\/\/staging.nbg.eu\/sk\/wp-json\/wp\/v2\/product_brand?post=44023"},{"taxonomy":"product_cat","embeddable":true,"href":"https:\/\/staging.nbg.eu\/sk\/wp-json\/wp\/v2\/product_cat?post=44023"},{"taxonomy":"product_tag","embeddable":true,"href":"https:\/\/staging.nbg.eu\/sk\/wp-json\/wp\/v2\/product_tag?post=44023"}],"curies":[{"name":"wp","href":"https:\/\/api.w.org\/{rel}","templated":true}]}}