{"id":43879,"date":"2024-08-18T19:43:56","date_gmt":"2024-09-09T15:35:14","guid":{"rendered":"https:\/\/staging.nbg.eu\/product\/alpha-xi-pouch-inlay\/"},"modified":"2024-09-09T15:36:13","modified_gmt":"2024-09-09T15:36:13","slug":"alpha-xi-vlozka-do-vrecka","status":"publish","type":"product","link":"https:\/\/staging.nbg.eu\/sk\/produkt\/alpha-xi-vlozka-do-vrecka\/","title":{"rendered":"Alpha-Xi vlo\u017eka do vrecka"},"content":{"rendered":"<div class=\"product-description\">\n<h2>S\u00faprava vlo\u017eiek Alpha-Xi Pouch<\/h2>\n<p>Vylep\u0161ite svoj Alpha-Xi Pouch s na\u0161ou sadou vlo\u017eiek na mieru, dostupnou vo vami zvolenej farbe. Tieto presne vyrezan\u00e9 vlo\u017eky s\u00fa navrhnut\u00e9 tak, aby sa bezprobl\u00e9movo integrovali do v\u0161etk\u00fdch vreciek v\u00e1\u0161ho Alpha-Xi Pouch.<\/p>\n<ul>\n<li>Kompletn\u00e1 sada pre v\u0161etky vreck\u00e1<\/li>\n<li>Jednoduch\u00e1 in\u0161tal\u00e1cia s 3M lepiacou vrstvou<\/li>\n<li>Ochrann\u00e1 f\u00f3lia na prednej strane pre odolnos\u0165 proti po\u0161kriabaniu<\/li>\n<li>Odn\u00edmate\u013en\u00e9 (s opatrnos\u0165ou) pomocou pr\u00edstupov\u00fdch otvorov<\/li>\n<\/ul>\n<p>In\u0161tal\u00e1cia je jednoduch\u00e1: odde\u013ete jednotliv\u00e9 kusy, odstr\u00e1\u0148te ochrann\u00e9 f\u00f3lie a opatrne umiestnite do zodpovedaj\u00facich vreciek. Pre najlep\u0161ie v\u00fdsledky vysk\u00fa\u0161ajte umiestnenie pred odstr\u00e1nen\u00edm lepiacej vrstvy. Pozn\u00e1mka: Nein\u0161talujte do vrecka ur\u010den\u00e9ho pre pripojenie gu\u013eov\u00e9ho k\u013abu.<\/p>\n<p><strong>Upozornenie:<\/strong> Vlo\u017eky sa m\u00f4\u017eu pri odstra\u0148ovan\u00ed zlomi\u0165. Pri prisp\u00f4sobovan\u00ed v\u00e1\u0161ho Alpha-Xi Pouch bu\u010fte opatrn\u00ed.<\/p>\n<\/div>\n","protected":false},"excerpt":{"rendered":"<p>Vlo\u017eky do vreciek Alpha-Xi: Vlo\u017eky na mieru pre lep\u0161iu organiz\u00e1ciu.<\/p>\n","protected":false},"featured_media":37437,"template":"","meta":{"_acf_changed":false},"product_brand":[11282],"product_cat":[13384,13351,13389,13364],"product_tag":[],"class_list":{"0":"post-43879","1":"product","2":"type-product","3":"status-publish","4":"has-post-thumbnail","6":"product_brand-doublealpha","7":"product_cat-prislusenstvo-k-puzdram","8":"product_cat-puzdro","9":"product_cat-sportove-puzdro","10":"product_cat-vystroj","12":"first","13":"instock","14":"taxable","15":"shipping-taxable","16":"purchasable","17":"product-type-variable","18":"wvs-archive-product-wrapper"},"acf":[],"_links":{"self":[{"href":"https:\/\/staging.nbg.eu\/sk\/wp-json\/wp\/v2\/product\/43879","targetHints":{"allow":["GET"]}}],"collection":[{"href":"https:\/\/staging.nbg.eu\/sk\/wp-json\/wp\/v2\/product"}],"about":[{"href":"https:\/\/staging.nbg.eu\/sk\/wp-json\/wp\/v2\/types\/product"}],"wp:featuredmedia":[{"embeddable":true,"href":"https:\/\/staging.nbg.eu\/sk\/wp-json\/wp\/v2\/media\/37437"}],"wp:attachment":[{"href":"https:\/\/staging.nbg.eu\/sk\/wp-json\/wp\/v2\/media?parent=43879"}],"wp:term":[{"taxonomy":"product_brand","embeddable":true,"href":"https:\/\/staging.nbg.eu\/sk\/wp-json\/wp\/v2\/product_brand?post=43879"},{"taxonomy":"product_cat","embeddable":true,"href":"https:\/\/staging.nbg.eu\/sk\/wp-json\/wp\/v2\/product_cat?post=43879"},{"taxonomy":"product_tag","embeddable":true,"href":"https:\/\/staging.nbg.eu\/sk\/wp-json\/wp\/v2\/product_tag?post=43879"}],"curies":[{"name":"wp","href":"https:\/\/api.w.org\/{rel}","templated":true}]}}