{"id":43377,"date":"2024-08-24T21:40:17","date_gmt":"2024-09-09T15:04:32","guid":{"rendered":"https:\/\/staging.nbg.eu\/product\/vanward-hunter\/"},"modified":"2024-09-09T15:06:11","modified_gmt":"2024-09-09T15:06:11","slug":"vanward-hunter","status":"publish","type":"product","link":"https:\/\/staging.nbg.eu\/sk\/produkt\/vanward-hunter\/","title":{"rendered":"Vanward Hunter"},"content":{"rendered":"<div class=\"product-description\">\n<h2>Vanward Hunter: Pokro\u010dil\u00fd 3D tla\u010den\u00fd tlmi\u010d<\/h2>\n<p>Vanward Hunter predstavuje vrchol technol\u00f3gie tlmi\u010dov, vyvinut\u00fd z uzn\u00e1vanej s\u00e9rie TE-Titan. Tento najmodernej\u0161\u00ed dizajn pon\u00faka:<\/p>\n<ul>\n<li>Optimalizovan\u00e9 rozostupy prep\u00e1\u017eok pre lep\u0161ie vyrovn\u00e1vanie tlaku<\/li>\n<li>\u0160es\u0165hrann\u00fd vonkaj\u0161\u00ed vzor pre zv\u00fd\u0161en\u00fa pevnos\u0165 a efekt\u00edvne chladenie<\/li>\n<li>Ultra \u013eahk\u00fd, v\u00e1\u017eiaci iba 258 gramov*<\/li>\n<li>Extr\u00e9mne zn\u00ed\u017eenie hluku pre maxim\u00e1lny loveck\u00fd v\u00fdkon<\/li>\n<li>Jednodielna 3D tla\u010den\u00e1 kon\u0161trukcia z tit\u00e1nu Grade 5<\/li>\n<li>Vymenite\u013en\u00e9 z\u00e1vitov\u00e9 vlo\u017eky z nehrdzavej\u00facej ocele<\/li>\n<li>Odoln\u00fd vo\u010di kor\u00f3zii a s n\u00edzkou \u00fadr\u017ebou<\/li>\n<li>Obsahuje podporn\u00fd kr\u00fa\u017eok POM pre optim\u00e1lnu v\u00f4\u013eu hlavne<\/li>\n<\/ul>\n<p>Dostupn\u00fd v kalibroch .223, .264, .30 a .338, s viacer\u00fdmi mo\u017enos\u0165ami z\u00e1vitov pre prisp\u00f4sobenie va\u0161ej zbrani.<\/p>\n<p>Za\u017eite bezkonkuren\u010dn\u00fa technol\u00f3giu tlmenia, navrhnut\u00fa s prispen\u00edm expertn\u00fdch ostrostrelcov a lovcov. Vanward Hunter poskytuje maxim\u00e1lnu bezpe\u010dnos\u0165, odolnos\u0165 a v\u00fdkon v elegantnom, inovat\u00edvnom balen\u00ed.<\/p>\n<\/div>\n","protected":false},"excerpt":{"rendered":"<p>3D tla\u010den\u00fd tit\u00e1nov\u00fd tlmi\u010d: \u013eahk\u00fd, odoln\u00fd a efekt\u00edvny.<\/p>\n","protected":false},"featured_media":102020,"template":"","meta":{"_acf_changed":false},"product_brand":[11943],"product_cat":[13397,13332,13350],"product_tag":[],"class_list":{"0":"post-43377","1":"product","2":"type-product","3":"status-publish","4":"has-post-thumbnail","6":"product_brand-vanward","7":"product_cat-puska","8":"product_cat-tlmice","9":"product_cat-tlmice-pre-pusky","11":"first","12":"instock","13":"taxable","14":"shipping-taxable","15":"purchasable","16":"product-type-variable","17":"wvs-archive-product-wrapper"},"acf":[],"_links":{"self":[{"href":"https:\/\/staging.nbg.eu\/sk\/wp-json\/wp\/v2\/product\/43377","targetHints":{"allow":["GET"]}}],"collection":[{"href":"https:\/\/staging.nbg.eu\/sk\/wp-json\/wp\/v2\/product"}],"about":[{"href":"https:\/\/staging.nbg.eu\/sk\/wp-json\/wp\/v2\/types\/product"}],"wp:featuredmedia":[{"embeddable":true,"href":"https:\/\/staging.nbg.eu\/sk\/wp-json\/wp\/v2\/media\/102020"}],"wp:attachment":[{"href":"https:\/\/staging.nbg.eu\/sk\/wp-json\/wp\/v2\/media?parent=43377"}],"wp:term":[{"taxonomy":"product_brand","embeddable":true,"href":"https:\/\/staging.nbg.eu\/sk\/wp-json\/wp\/v2\/product_brand?post=43377"},{"taxonomy":"product_cat","embeddable":true,"href":"https:\/\/staging.nbg.eu\/sk\/wp-json\/wp\/v2\/product_cat?post=43377"},{"taxonomy":"product_tag","embeddable":true,"href":"https:\/\/staging.nbg.eu\/sk\/wp-json\/wp\/v2\/product_tag?post=43377"}],"curies":[{"name":"wp","href":"https:\/\/api.w.org\/{rel}","templated":true}]}}