{"id":41507,"date":"2024-08-26T13:29:45","date_gmt":"2024-09-09T14:57:59","guid":{"rendered":"https:\/\/staging.nbg.eu\/product\/vanward-hunter-pro\/"},"modified":"2024-09-09T14:59:37","modified_gmt":"2024-09-09T14:59:37","slug":"vanward-hunter-pro","status":"publish","type":"product","link":"https:\/\/staging.nbg.eu\/sk\/produkt\/vanward-hunter-pro\/","title":{"rendered":"Vanward Hunter PRO"},"content":{"rendered":"<div class=\"product-description\">\n<h2>Vanward Hunter PRO<\/h2>\n<p>Za\u017eite \u0161pi\u010dkov\u00fd v\u00fdkon pod 300 gramov s tlmi\u010dom Vanward Hunter PRO. V\u010faka optimalizovan\u00e9mu rozostupu prep\u00e1\u017eok pre lep\u0161ie vyrovn\u00e1vanie tlaku a robustn\u00e9mu \u0161es\u0165hrann\u00e9mu vonkaj\u0161iemu dizajnu pon\u00faka tento tlmi\u010d vylep\u0161en\u00fa bezpe\u010dnos\u0165, pevnos\u0165 a \u00fa\u010dinnos\u0165 chladenia.<\/p>\n<h2>K\u013e\u00fa\u010dov\u00e9 vlastnosti:<\/h2>\n<ul>\n<li>3D tla\u010den\u00fd z jedn\u00e9ho kusa tit\u00e1nu 5. triedy pre maxim\u00e1lnu bezpe\u010dnos\u0165 a v\u00fdkon<\/li>\n<li>Extr\u00e9mne odoln\u00fd a kor\u00f3ziivzdorn\u00fd<\/li>\n<li>Vymenite\u013en\u00e9 z\u00e1vitov\u00e9 vlo\u017eky z nehrdzavej\u00facej ocele<\/li>\n<li>POM kr\u00fa\u017eok pre optim\u00e1lnu v\u00f4\u013eu hlavne<\/li>\n<li>Dostupn\u00fd v r\u00f4znych typoch z\u00e1vitov: 1\/2*28&#8243;, 5\/8&#215;24&#8243; M14x1, M14x1.5, M15x1, M16x1, M18x1<\/li>\n<\/ul>\n<h2>\u0160pecifik\u00e1cie:<\/h2>\n<ul>\n<li>Priemer: 48 mm<\/li>\n<li>D\u013a\u017eka: 220 mm<\/li>\n<li>Hmotnos\u0165: 295 gramov*<\/li>\n<\/ul>\n<p>Inovat\u00edvny dizajn a \u0161pi\u010dkov\u00e9 materi\u00e1ly robia z Vanward Hunter PRO dokonal\u00fa vo\u013ebu pre n\u00e1ro\u010dn\u00fdch lovcov a streleck\u00fdch nad\u0161encov, ktor\u00ed vy\u017eaduj\u00fa to najlep\u0161ie v technol\u00f3gii tlmi\u010dov.<\/p>\n<\/div>\n","protected":false},"excerpt":{"rendered":"<p>Ultra\u013eahk\u00fd tit\u00e1nov\u00fd tlmi\u010d s optimalizovan\u00fdm v\u00fdkonom.<\/p>\n","protected":false},"featured_media":102164,"template":"","meta":{"_acf_changed":false},"product_brand":[11943],"product_cat":[13397,13332,13350],"product_tag":[],"class_list":{"0":"post-41507","1":"product","2":"type-product","3":"status-publish","4":"has-post-thumbnail","6":"product_brand-vanward","7":"product_cat-puska","8":"product_cat-tlmice","9":"product_cat-tlmice-pre-pusky","11":"first","12":"instock","13":"taxable","14":"shipping-taxable","15":"purchasable","16":"product-type-variable","17":"wvs-archive-product-wrapper"},"acf":[],"_links":{"self":[{"href":"https:\/\/staging.nbg.eu\/sk\/wp-json\/wp\/v2\/product\/41507","targetHints":{"allow":["GET"]}}],"collection":[{"href":"https:\/\/staging.nbg.eu\/sk\/wp-json\/wp\/v2\/product"}],"about":[{"href":"https:\/\/staging.nbg.eu\/sk\/wp-json\/wp\/v2\/types\/product"}],"wp:featuredmedia":[{"embeddable":true,"href":"https:\/\/staging.nbg.eu\/sk\/wp-json\/wp\/v2\/media\/102164"}],"wp:attachment":[{"href":"https:\/\/staging.nbg.eu\/sk\/wp-json\/wp\/v2\/media?parent=41507"}],"wp:term":[{"taxonomy":"product_brand","embeddable":true,"href":"https:\/\/staging.nbg.eu\/sk\/wp-json\/wp\/v2\/product_brand?post=41507"},{"taxonomy":"product_cat","embeddable":true,"href":"https:\/\/staging.nbg.eu\/sk\/wp-json\/wp\/v2\/product_cat?post=41507"},{"taxonomy":"product_tag","embeddable":true,"href":"https:\/\/staging.nbg.eu\/sk\/wp-json\/wp\/v2\/product_tag?post=41507"}],"curies":[{"name":"wp","href":"https:\/\/api.w.org\/{rel}","templated":true}]}}