{"id":414889,"date":"2025-07-03T13:22:04","date_gmt":"2025-07-03T10:22:04","guid":{"rendered":"https:\/\/staging.nbg.eu\/product\/grip-kmr-l-dotmatrix-ergo-orange\/"},"modified":"2025-07-03T13:23:40","modified_gmt":"2025-07-03T10:23:40","slug":"rukovaet-kmr-l-dotmatrix-ergo-oranzova","status":"publish","type":"product","link":"https:\/\/staging.nbg.eu\/sk\/produkt\/rukovaet-kmr-l-dotmatrix-ergo-oranzova\/","title":{"rendered":"Rukov\u00e4\u0165 KMR L DOTMATRIX ERGO ORAN\u017dOV\u00c1"},"content":{"rendered":"<div class=\"product-description\">\n<h2>Pa\u017eba KMR L DOTMATRIX ERGO ORAN\u017dOV\u00c1<\/h2>\n<p>KMR Precision Arms DOTMATRIX ERGO pa\u017eba. T\u00e1to celokovov\u00e1 hlin\u00edkov\u00e1 pa\u017eba m\u00e1 tieto vlastnosti:<\/p>\n<ul>\n<li>Ergonomick\u00fd tvar pre lep\u0161ie dr\u017eanie<\/li>\n<li>Oran\u017eov\u00e1 farba pre lep\u0161iu vidite\u013enos\u0165<\/li>\n<li>Navrhnut\u00e1 bez z\u00e1sobn\u00edkovej \u0161achty pre v\u0161estrannos\u0165<\/li>\n<li>Prec\u00edzne vyroben\u00e1 pre optim\u00e1lny v\u00fdkon<\/li>\n<\/ul>\n<p>Referencia: 0611-04001-0105<\/p>\n<\/div>\n","protected":false},"excerpt":{"rendered":"<p>Ergonomick\u00e9 hlin\u00edkov\u00e9 rukov\u00e4te s roz\u0161\u00edren\u00edm pre dla\u0148 pre pi\u0161tole KMR.<\/p>\n","protected":false},"featured_media":359482,"template":"","meta":{"_acf_changed":false},"product_brand":[11505],"product_cat":[13398,13349],"product_tag":[],"class_list":{"0":"post-414889","1":"product","2":"type-product","3":"status-publish","4":"has-post-thumbnail","6":"product_brand-kmr-precision","7":"product_cat-diely-na-pistole","8":"product_cat-kmr-diely","10":"first","11":"instock","12":"taxable","13":"shipping-taxable","14":"purchasable","15":"product-type-simple"},"acf":[],"_links":{"self":[{"href":"https:\/\/staging.nbg.eu\/sk\/wp-json\/wp\/v2\/product\/414889","targetHints":{"allow":["GET"]}}],"collection":[{"href":"https:\/\/staging.nbg.eu\/sk\/wp-json\/wp\/v2\/product"}],"about":[{"href":"https:\/\/staging.nbg.eu\/sk\/wp-json\/wp\/v2\/types\/product"}],"wp:featuredmedia":[{"embeddable":true,"href":"https:\/\/staging.nbg.eu\/sk\/wp-json\/wp\/v2\/media\/359482"}],"wp:attachment":[{"href":"https:\/\/staging.nbg.eu\/sk\/wp-json\/wp\/v2\/media?parent=414889"}],"wp:term":[{"taxonomy":"product_brand","embeddable":true,"href":"https:\/\/staging.nbg.eu\/sk\/wp-json\/wp\/v2\/product_brand?post=414889"},{"taxonomy":"product_cat","embeddable":true,"href":"https:\/\/staging.nbg.eu\/sk\/wp-json\/wp\/v2\/product_cat?post=414889"},{"taxonomy":"product_tag","embeddable":true,"href":"https:\/\/staging.nbg.eu\/sk\/wp-json\/wp\/v2\/product_tag?post=414889"}],"curies":[{"name":"wp","href":"https:\/\/api.w.org\/{rel}","templated":true}]}}