{"id":414782,"date":"2025-05-14T22:52:38","date_gmt":"2025-05-14T19:52:38","guid":{"rendered":"https:\/\/staging.nbg.eu\/product\/grip-kmr-s-dotmatrix-ergo-black\/"},"modified":"2025-07-03T13:18:45","modified_gmt":"2025-07-03T10:18:45","slug":"rukovaet-kmr-s-dotmatrix-ergo-cierna","status":"publish","type":"product","link":"https:\/\/staging.nbg.eu\/sk\/produkt\/rukovaet-kmr-s-dotmatrix-ergo-cierna\/","title":{"rendered":"Rukov\u00e4\u0165 KMR S DOTMATRIX ERGO \u010cIERNA"},"content":{"rendered":"<div class=\"product-description\">\n<h2>Rukov\u00e4\u0165 KMR S DOTMATRIX ERGO \u010cIERNA<\/h2>\n<p>Tieto rukov\u00e4te z duralum\u00ednia maj\u00fa vzor golfovej lopti\u010dky pre lep\u0161ie uchopenie. S\u00fa vhodn\u00e9 na moderniz\u00e1ciu existuj\u00facich pi\u0161tol\u00ed alebo pre s\u00fa\u0165a\u017en\u00e9 streln\u00e9 zbrane. Kompatibiln\u00e9 s modelmi KMR S-01 LANCE (OR), KMR S-02 (do roku 2023) a vybran\u00fdmi modelmi CZ vr\u00e1tane Shadow 1, Shadow 2 a SP-01.<\/p>\n<p>Referencia: 0611-03001-0101<\/p>\n<p>Zna\u010dka: KMR Precision Arms<\/p>\n<\/div>\n","protected":false},"excerpt":{"rendered":"<p>Ergonomick\u00e9 duralov\u00e9 rukov\u00e4te so vzorom golfovej lopti\u010dky pre bezpe\u010dn\u00e9 uchopenie. Vhodn\u00e9 pre pi\u0161tole KMR a CZ.<\/p>\n","protected":false},"featured_media":359505,"template":"","meta":{"_acf_changed":false},"product_brand":[11505],"product_cat":[13398,13349],"product_tag":[],"class_list":{"0":"post-414782","1":"product","2":"type-product","3":"status-publish","4":"has-post-thumbnail","6":"product_brand-kmr-precision","7":"product_cat-diely-na-pistole","8":"product_cat-kmr-diely","10":"first","11":"instock","12":"taxable","13":"shipping-taxable","14":"purchasable","15":"product-type-simple"},"acf":[],"_links":{"self":[{"href":"https:\/\/staging.nbg.eu\/sk\/wp-json\/wp\/v2\/product\/414782","targetHints":{"allow":["GET"]}}],"collection":[{"href":"https:\/\/staging.nbg.eu\/sk\/wp-json\/wp\/v2\/product"}],"about":[{"href":"https:\/\/staging.nbg.eu\/sk\/wp-json\/wp\/v2\/types\/product"}],"wp:featuredmedia":[{"embeddable":true,"href":"https:\/\/staging.nbg.eu\/sk\/wp-json\/wp\/v2\/media\/359505"}],"wp:attachment":[{"href":"https:\/\/staging.nbg.eu\/sk\/wp-json\/wp\/v2\/media?parent=414782"}],"wp:term":[{"taxonomy":"product_brand","embeddable":true,"href":"https:\/\/staging.nbg.eu\/sk\/wp-json\/wp\/v2\/product_brand?post=414782"},{"taxonomy":"product_cat","embeddable":true,"href":"https:\/\/staging.nbg.eu\/sk\/wp-json\/wp\/v2\/product_cat?post=414782"},{"taxonomy":"product_tag","embeddable":true,"href":"https:\/\/staging.nbg.eu\/sk\/wp-json\/wp\/v2\/product_tag?post=414782"}],"curies":[{"name":"wp","href":"https:\/\/api.w.org\/{rel}","templated":true}]}}