{"id":414643,"date":"2025-07-03T12:34:46","date_gmt":"2025-07-03T09:34:46","guid":{"rendered":"https:\/\/staging.nbg.eu\/product\/grips-kmr-w-dotmatrix-black\/"},"modified":"2025-07-03T12:36:37","modified_gmt":"2025-07-03T09:36:37","slug":"rukovaete-kmr-w-dotmatrix-cierne","status":"publish","type":"product","link":"https:\/\/staging.nbg.eu\/sk\/produkt\/rukovaete-kmr-w-dotmatrix-cierne\/","title":{"rendered":"RUKOV\u00c4TE KMR W DOTMATRIX \u010cIERNE"},"content":{"rendered":"<div class=\"product-description\">\n<h2>PA\u017dBY KMR W DOTMATRIX \u010cIERNE<\/h2>\n<p>Pa\u017eby z duralum\u00ednia pre pi\u0161to\u013e KMR. Vzor golfovej lopti\u010dky poskytuje text\u00faru pre lep\u0161ie dr\u017eanie. Vhodn\u00e9 na vylep\u0161enie existuj\u00facich pi\u0161tol\u00ed alebo na stavbu s\u00fa\u0165a\u017en\u00fdch zbran\u00ed. Vlastnosti:<\/p>\n<ul>\n<li>Dlh\u00e1 ve\u013ekos\u0165<\/li>\n<li>Eloxovan\u00fd duralum\u00ednium<\/li>\n<li>Bez vod\u00edtka z\u00e1sobn\u00edka<\/li>\n<li>Obsahuje torx skrutky<\/li>\n<li>Logo KMR<\/li>\n<\/ul>\n<p>Kompatibiln\u00e9 s modelmi KMR W-02 CUDA (do roku 2023), UMBRA a UMBRA (OR).<\/p>\n<\/div>\n","protected":false},"excerpt":{"rendered":"<p>Odoln\u00e9 duralov\u00e9 r\u00fa\u010dky s text\u00farou golfovej lopti\u010dky pre pi\u0161tole KMR.<\/p>\n","protected":false},"featured_media":359344,"template":"","meta":{"_acf_changed":false},"product_brand":[11505],"product_cat":[13398,13349],"product_tag":[],"class_list":{"0":"post-414643","1":"product","2":"type-product","3":"status-publish","4":"has-post-thumbnail","6":"product_brand-kmr-precision","7":"product_cat-diely-na-pistole","8":"product_cat-kmr-diely","10":"first","11":"instock","12":"taxable","13":"shipping-taxable","14":"purchasable","15":"product-type-simple"},"acf":[],"_links":{"self":[{"href":"https:\/\/staging.nbg.eu\/sk\/wp-json\/wp\/v2\/product\/414643","targetHints":{"allow":["GET"]}}],"collection":[{"href":"https:\/\/staging.nbg.eu\/sk\/wp-json\/wp\/v2\/product"}],"about":[{"href":"https:\/\/staging.nbg.eu\/sk\/wp-json\/wp\/v2\/types\/product"}],"wp:featuredmedia":[{"embeddable":true,"href":"https:\/\/staging.nbg.eu\/sk\/wp-json\/wp\/v2\/media\/359344"}],"wp:attachment":[{"href":"https:\/\/staging.nbg.eu\/sk\/wp-json\/wp\/v2\/media?parent=414643"}],"wp:term":[{"taxonomy":"product_brand","embeddable":true,"href":"https:\/\/staging.nbg.eu\/sk\/wp-json\/wp\/v2\/product_brand?post=414643"},{"taxonomy":"product_cat","embeddable":true,"href":"https:\/\/staging.nbg.eu\/sk\/wp-json\/wp\/v2\/product_cat?post=414643"},{"taxonomy":"product_tag","embeddable":true,"href":"https:\/\/staging.nbg.eu\/sk\/wp-json\/wp\/v2\/product_tag?post=414643"}],"curies":[{"name":"wp","href":"https:\/\/api.w.org\/{rel}","templated":true}]}}