{"id":414528,"date":"2025-07-03T12:09:34","date_gmt":"2025-07-03T09:09:34","guid":{"rendered":"https:\/\/staging.nbg.eu\/product\/grips-kmr-w-dotmatrix-ergo-black\/"},"modified":"2025-07-03T12:11:25","modified_gmt":"2025-07-03T09:11:25","slug":"rukovaete-kmr-w-dotmatrix-ergo-cierne","status":"publish","type":"product","link":"https:\/\/staging.nbg.eu\/sk\/produkt\/rukovaete-kmr-w-dotmatrix-ergo-cierne\/","title":{"rendered":"RUKOV\u00c4TE KMR W DOTMATRIX ERGO \u010cIERNE"},"content":{"rendered":"<div class=\"product-description\">\n<h2>PA\u017dBY KMR W DOTMATRIX ERGO \u010cIERNE<\/h2>\n<p>Pa\u017eby z duralum\u00ednia pre pi\u0161tole KMR s vzorom golfovej lopti\u010dky pre lep\u0161ie uchopenie. Vhodn\u00e9 pre vylep\u0161enia alebo s\u00fa\u0165a\u017en\u00e9 zostavy, tieto ergonomick\u00e9 pa\u017eby zabezpe\u010duj\u00fa stabiln\u00e9 dr\u017eanie. Kompatibiln\u00e9 s modelmi KMR W-02 CUDA (do roku 2023), UMBRA a UMBRA (OR).<\/p>\n<p><strong>Referencia:<\/strong> 0611-03305-0101<\/p>\n<p><strong>Zna\u010dka:<\/strong> KMR Precision Arms<\/p>\n<\/div>\n","protected":false},"excerpt":{"rendered":"<p>Odoln\u00e9 \u00fachyty s golfov\u00fdm vzorom pre pi\u0161tole KMR.<\/p>\n","protected":false},"featured_media":359367,"template":"","meta":{"_acf_changed":false},"product_brand":[11505],"product_cat":[13398,13349],"product_tag":[],"class_list":{"0":"post-414528","1":"product","2":"type-product","3":"status-publish","4":"has-post-thumbnail","6":"product_brand-kmr-precision","7":"product_cat-diely-na-pistole","8":"product_cat-kmr-diely","10":"first","11":"instock","12":"taxable","13":"shipping-taxable","14":"purchasable","15":"product-type-simple"},"acf":[],"_links":{"self":[{"href":"https:\/\/staging.nbg.eu\/sk\/wp-json\/wp\/v2\/product\/414528","targetHints":{"allow":["GET"]}}],"collection":[{"href":"https:\/\/staging.nbg.eu\/sk\/wp-json\/wp\/v2\/product"}],"about":[{"href":"https:\/\/staging.nbg.eu\/sk\/wp-json\/wp\/v2\/types\/product"}],"wp:featuredmedia":[{"embeddable":true,"href":"https:\/\/staging.nbg.eu\/sk\/wp-json\/wp\/v2\/media\/359367"}],"wp:attachment":[{"href":"https:\/\/staging.nbg.eu\/sk\/wp-json\/wp\/v2\/media?parent=414528"}],"wp:term":[{"taxonomy":"product_brand","embeddable":true,"href":"https:\/\/staging.nbg.eu\/sk\/wp-json\/wp\/v2\/product_brand?post=414528"},{"taxonomy":"product_cat","embeddable":true,"href":"https:\/\/staging.nbg.eu\/sk\/wp-json\/wp\/v2\/product_cat?post=414528"},{"taxonomy":"product_tag","embeddable":true,"href":"https:\/\/staging.nbg.eu\/sk\/wp-json\/wp\/v2\/product_tag?post=414528"}],"curies":[{"name":"wp","href":"https:\/\/api.w.org\/{rel}","templated":true}]}}