{"id":411895,"date":"2025-05-14T22:52:06","date_gmt":"2025-05-14T19:52:06","guid":{"rendered":"https:\/\/staging.nbg.eu\/product\/grips-kmr-w-dotmatrix-ergo-orange\/"},"modified":"2025-07-01T17:43:06","modified_gmt":"2025-07-01T14:43:06","slug":"rukovaete-kmr-w-dotmatrix-ergo-oranzove","status":"publish","type":"product","link":"https:\/\/staging.nbg.eu\/sk\/produkt\/rukovaete-kmr-w-dotmatrix-ergo-oranzove\/","title":{"rendered":"RUKOV\u00c4TE KMR W DOTMATRIX ERGO ORAN\u017dOV\u00c9"},"content":{"rendered":"<div class=\"product-description\">\n<h2>RUKOV\u00c4TE KMR W DOTMATRIX ERGO ORAN\u017dOV\u00c9<\/h2>\n<p>Rukov\u00e4te z duralum\u00ednia pre pi\u0161tole KMR s vzorom golfovej lopti\u010dky pre lep\u0161ie uchopenie. Vhodn\u00e9 pre vylep\u0161enia alebo s\u00fa\u0165a\u017en\u00e9 zostavy. Tieto oran\u017eov\u00e9 rukov\u00e4te DOTMATRIX ERGO s\u00fa kompatibiln\u00e9 s modelmi KMR W-02 CUDA (do roku 2023), UMBRA a UMBRA (OR).<\/p>\n<p><strong>Referencia:<\/strong> 0611-03305-0101<\/p>\n<\/div>\n","protected":false},"excerpt":{"rendered":"<p>Ergonomick\u00e9 oran\u017eov\u00e9 rukov\u00e4te s bodkovan\u00fdm vzorom pre pi\u0161tole KMR.<\/p>\n","protected":false},"featured_media":359390,"template":"","meta":{"_acf_changed":false},"product_brand":[11505],"product_cat":[13398,13349],"product_tag":[],"class_list":{"0":"post-411895","1":"product","2":"type-product","3":"status-publish","4":"has-post-thumbnail","6":"product_brand-kmr-precision","7":"product_cat-diely-na-pistole","8":"product_cat-kmr-diely","10":"first","11":"outofstock","12":"taxable","13":"shipping-taxable","14":"purchasable","15":"product-type-simple"},"acf":[],"_links":{"self":[{"href":"https:\/\/staging.nbg.eu\/sk\/wp-json\/wp\/v2\/product\/411895","targetHints":{"allow":["GET"]}}],"collection":[{"href":"https:\/\/staging.nbg.eu\/sk\/wp-json\/wp\/v2\/product"}],"about":[{"href":"https:\/\/staging.nbg.eu\/sk\/wp-json\/wp\/v2\/types\/product"}],"wp:featuredmedia":[{"embeddable":true,"href":"https:\/\/staging.nbg.eu\/sk\/wp-json\/wp\/v2\/media\/359390"}],"wp:attachment":[{"href":"https:\/\/staging.nbg.eu\/sk\/wp-json\/wp\/v2\/media?parent=411895"}],"wp:term":[{"taxonomy":"product_brand","embeddable":true,"href":"https:\/\/staging.nbg.eu\/sk\/wp-json\/wp\/v2\/product_brand?post=411895"},{"taxonomy":"product_cat","embeddable":true,"href":"https:\/\/staging.nbg.eu\/sk\/wp-json\/wp\/v2\/product_cat?post=411895"},{"taxonomy":"product_tag","embeddable":true,"href":"https:\/\/staging.nbg.eu\/sk\/wp-json\/wp\/v2\/product_tag?post=411895"}],"curies":[{"name":"wp","href":"https:\/\/api.w.org\/{rel}","templated":true}]}}