{"id":411786,"date":"2025-05-14T22:52:01","date_gmt":"2025-05-14T19:52:01","guid":{"rendered":"https:\/\/staging.nbg.eu\/product\/grips-kmr-w-dotmatrix-ergo-red\/"},"modified":"2025-07-01T17:35:47","modified_gmt":"2025-07-01T14:35:47","slug":"rukovaete-kmr-w-dotmatrix-ergo-cervene","status":"publish","type":"product","link":"https:\/\/staging.nbg.eu\/sk\/produkt\/rukovaete-kmr-w-dotmatrix-ergo-cervene\/","title":{"rendered":"RUKOV\u00c4TE KMR W DOTMATRIX ERGO \u010cERVEN\u00c9"},"content":{"rendered":"<div class=\"product-description\">\n<h2>PA\u017dBY KMR W DOTMATRIX ERGO \u010cERVEN\u00c9<\/h2>\n<p>Pa\u017eby z duralum\u00ednia pre pi\u0161tole KMR so vzorom golfovej lopti\u010dky pre lep\u0161ie uchopenie. Vhodn\u00e9 pre s\u00fa\u0165a\u017ee alebo vylep\u0161enie existuj\u00facich zbran\u00ed. Ur\u010den\u00e9 pre modely KMR W-02 CUDA (do roku 2023), UMBRA a UMBRA (OR).<\/p>\n<ul>\n<li>Referencia: 0611-03305-0101<\/li>\n<li>Zna\u010dka: KMR Precision Arms<\/li>\n<li>Materi\u00e1l: Duralum\u00ednium<\/li>\n<\/ul>\n<\/div>\n","protected":false},"excerpt":{"rendered":"<p>Odoln\u00e9, ergonomick\u00e9 rukov\u00e4te pre pi\u0161tole KMR. Pevn\u00e9 uchopenie.<\/p>\n","protected":false},"featured_media":359413,"template":"","meta":{"_acf_changed":false},"product_brand":[11505],"product_cat":[13398,13349],"product_tag":[],"class_list":{"0":"post-411786","1":"product","2":"type-product","3":"status-publish","4":"has-post-thumbnail","6":"product_brand-kmr-precision","7":"product_cat-diely-na-pistole","8":"product_cat-kmr-diely","10":"first","11":"outofstock","12":"taxable","13":"shipping-taxable","14":"purchasable","15":"product-type-simple"},"acf":[],"_links":{"self":[{"href":"https:\/\/staging.nbg.eu\/sk\/wp-json\/wp\/v2\/product\/411786","targetHints":{"allow":["GET"]}}],"collection":[{"href":"https:\/\/staging.nbg.eu\/sk\/wp-json\/wp\/v2\/product"}],"about":[{"href":"https:\/\/staging.nbg.eu\/sk\/wp-json\/wp\/v2\/types\/product"}],"wp:featuredmedia":[{"embeddable":true,"href":"https:\/\/staging.nbg.eu\/sk\/wp-json\/wp\/v2\/media\/359413"}],"wp:attachment":[{"href":"https:\/\/staging.nbg.eu\/sk\/wp-json\/wp\/v2\/media?parent=411786"}],"wp:term":[{"taxonomy":"product_brand","embeddable":true,"href":"https:\/\/staging.nbg.eu\/sk\/wp-json\/wp\/v2\/product_brand?post=411786"},{"taxonomy":"product_cat","embeddable":true,"href":"https:\/\/staging.nbg.eu\/sk\/wp-json\/wp\/v2\/product_cat?post=411786"},{"taxonomy":"product_tag","embeddable":true,"href":"https:\/\/staging.nbg.eu\/sk\/wp-json\/wp\/v2\/product_tag?post=411786"}],"curies":[{"name":"wp","href":"https:\/\/api.w.org\/{rel}","templated":true}]}}