{"id":411676,"date":"2025-07-01T17:25:59","date_gmt":"2025-07-01T14:25:59","guid":{"rendered":"https:\/\/staging.nbg.eu\/product\/grips-kmr-w-dotmatrix-ergo-silver\/"},"modified":"2025-07-01T17:27:47","modified_gmt":"2025-07-01T14:27:47","slug":"rukovaete-kmr-w-dotmatrix-ergo-strieborne","status":"publish","type":"product","link":"https:\/\/staging.nbg.eu\/sk\/produkt\/rukovaete-kmr-w-dotmatrix-ergo-strieborne\/","title":{"rendered":"# RUKOV\u00c4TE KMR W DOTMATRIX ERGO STRIEBORN\u00c9"},"content":{"rendered":"<div class=\"product-description\">\n<h2>PA\u017dBY KMR W DOTMATRIX ERGO STRIEBORN\u00c9<\/h2>\n<p>Tieto pa\u017eby z duralum\u00ednia s\u00fa ur\u010den\u00e9 pre pi\u0161tole KMR. Vzor golfovej lopti\u010dky zabezpe\u010duje pevn\u00e9 dr\u017eanie. Vhodn\u00e9 pre vylep\u0161enia alebo s\u00fa\u0165a\u017en\u00e9 zostavy.<\/p>\n<ul>\n<li>Referencia: 0611-03305-0101<\/li>\n<li>Zna\u010dka: KMR Precision Arms<\/li>\n<li>Kompatibiln\u00e9 s: KMR W-02 CUDA, UMBRA a UMBRA (OR) modelmi<\/li>\n<\/ul>\n<\/div>\n","protected":false},"excerpt":{"rendered":"<p>Ergonomick\u00e9 duralov\u00e9 rukov\u00e4te so vzorom golfovej lopti\u010dky pre pi\u0161tole KMR. Bezpe\u010dn\u00e9 uchopenie v ka\u017edej situ\u00e1cii.<\/p>\n","protected":false},"featured_media":359436,"template":"","meta":{"_acf_changed":false},"product_brand":[11505],"product_cat":[13398,13349],"product_tag":[],"class_list":{"0":"post-411676","1":"product","2":"type-product","3":"status-publish","4":"has-post-thumbnail","6":"product_brand-kmr-precision","7":"product_cat-diely-na-pistole","8":"product_cat-kmr-diely","10":"first","11":"instock","12":"taxable","13":"shipping-taxable","14":"purchasable","15":"product-type-simple"},"acf":[],"_links":{"self":[{"href":"https:\/\/staging.nbg.eu\/sk\/wp-json\/wp\/v2\/product\/411676","targetHints":{"allow":["GET"]}}],"collection":[{"href":"https:\/\/staging.nbg.eu\/sk\/wp-json\/wp\/v2\/product"}],"about":[{"href":"https:\/\/staging.nbg.eu\/sk\/wp-json\/wp\/v2\/types\/product"}],"wp:featuredmedia":[{"embeddable":true,"href":"https:\/\/staging.nbg.eu\/sk\/wp-json\/wp\/v2\/media\/359436"}],"wp:attachment":[{"href":"https:\/\/staging.nbg.eu\/sk\/wp-json\/wp\/v2\/media?parent=411676"}],"wp:term":[{"taxonomy":"product_brand","embeddable":true,"href":"https:\/\/staging.nbg.eu\/sk\/wp-json\/wp\/v2\/product_brand?post=411676"},{"taxonomy":"product_cat","embeddable":true,"href":"https:\/\/staging.nbg.eu\/sk\/wp-json\/wp\/v2\/product_cat?post=411676"},{"taxonomy":"product_tag","embeddable":true,"href":"https:\/\/staging.nbg.eu\/sk\/wp-json\/wp\/v2\/product_tag?post=411676"}],"curies":[{"name":"wp","href":"https:\/\/api.w.org\/{rel}","templated":true}]}}