{"id":411458,"date":"2025-07-01T17:10:56","date_gmt":"2025-07-01T14:10:56","guid":{"rendered":"https:\/\/staging.nbg.eu\/product\/grips-kmr-w-modular-sandpaper-black\/"},"modified":"2025-07-01T17:12:46","modified_gmt":"2025-07-01T14:12:46","slug":"rukovaete-kmr-w-modular-sandpaper-cierne","status":"publish","type":"product","link":"https:\/\/staging.nbg.eu\/sk\/produkt\/rukovaete-kmr-w-modular-sandpaper-cierne\/","title":{"rendered":"RUKOV\u00c4TE KMR W MODULAR SANDPAPER \u010cIERNE"},"content":{"rendered":"<h2>RUKOV\u00c4\u0164 KMR W MODUL\u00c1RNA BR\u00daSNY PAPIER \u010cIERNA<\/h2>\n<p>KMR W Modul\u00e1rna br\u00fasny papier \u010dierna je dlh\u00e1 rukov\u00e4\u0165 z anodizovan\u00e9ho duralu pre streln\u00e9 zbrane. Pon\u00faka kontrolu a pohodlie bez vedenia z\u00e1sobn\u00edka. M\u00e1 modul\u00e1rny dizajn a logo KMR. In\u0161tal\u00e1cia sa vykon\u00e1va pomocou prilo\u017een\u00fdch torx skrutiek.<\/p>\n<ul>\n<li>Ve\u013ekos\u0165: Dlh\u00e1<\/li>\n<li>Materi\u00e1l: Anodizovan\u00fd dural<\/li>\n<li>Pou\u017eitie: Bez vedenia z\u00e1sobn\u00edka<\/li>\n<li>Obsahuje: Torx skrutky<\/li>\n<li>Logo: KMR<\/li>\n<\/ul>\n<p><strong>Referencia:<\/strong> 0611-03304-0101<\/p>\n","protected":false},"excerpt":{"rendered":"<p>Dlh\u00e1, odoln\u00e1 eloxovan\u00e1 duralov\u00e1 rukov\u00e4\u0165.<\/p>\n","protected":false},"featured_media":359280,"template":"","meta":{"_acf_changed":false},"product_brand":[11505],"product_cat":[13398,13349],"product_tag":[],"class_list":{"0":"post-411458","1":"product","2":"type-product","3":"status-publish","4":"has-post-thumbnail","6":"product_brand-kmr-precision","7":"product_cat-diely-na-pistole","8":"product_cat-kmr-diely","10":"first","11":"instock","12":"taxable","13":"shipping-taxable","14":"purchasable","15":"product-type-simple"},"acf":[],"_links":{"self":[{"href":"https:\/\/staging.nbg.eu\/sk\/wp-json\/wp\/v2\/product\/411458","targetHints":{"allow":["GET"]}}],"collection":[{"href":"https:\/\/staging.nbg.eu\/sk\/wp-json\/wp\/v2\/product"}],"about":[{"href":"https:\/\/staging.nbg.eu\/sk\/wp-json\/wp\/v2\/types\/product"}],"wp:featuredmedia":[{"embeddable":true,"href":"https:\/\/staging.nbg.eu\/sk\/wp-json\/wp\/v2\/media\/359280"}],"wp:attachment":[{"href":"https:\/\/staging.nbg.eu\/sk\/wp-json\/wp\/v2\/media?parent=411458"}],"wp:term":[{"taxonomy":"product_brand","embeddable":true,"href":"https:\/\/staging.nbg.eu\/sk\/wp-json\/wp\/v2\/product_brand?post=411458"},{"taxonomy":"product_cat","embeddable":true,"href":"https:\/\/staging.nbg.eu\/sk\/wp-json\/wp\/v2\/product_cat?post=411458"},{"taxonomy":"product_tag","embeddable":true,"href":"https:\/\/staging.nbg.eu\/sk\/wp-json\/wp\/v2\/product_tag?post=411458"}],"curies":[{"name":"wp","href":"https:\/\/api.w.org\/{rel}","templated":true}]}}