{"id":411349,"date":"2025-07-01T17:01:49","date_gmt":"2025-07-01T14:01:49","guid":{"rendered":"https:\/\/staging.nbg.eu\/product\/grips-kmr-w-modular-sandpaper-titan\/"},"modified":"2025-07-01T17:03:38","modified_gmt":"2025-07-01T14:03:38","slug":"rukovaete-kmr-w-modular-sandpaper-titan","status":"publish","type":"product","link":"https:\/\/staging.nbg.eu\/sk\/produkt\/rukovaete-kmr-w-modular-sandpaper-titan\/","title":{"rendered":"RUKOV\u00c4TE KMR W MODULAR SANDPAPER TITAN"},"content":{"rendered":"<h2>\u00daCHYTY KMR W MODUL\u00c1RNY BR\u00daSNY PAPIER TITAN<\/h2>\n<p>\u00daCHYTY KMR W MODUL\u00c1RNY BR\u00daSNY PAPIER TITAN zlep\u0161uj\u00fa \u00fachop zbrane. Tento dlh\u00fd \u00fachyt je vyroben\u00fd z anodizovan\u00e9ho duralum\u00ednia pre odolnos\u0165. Je navrhnut\u00fd na pou\u017eitie bez vodidla z\u00e1sobn\u00edka a pon\u00faka prisp\u00f4sobite\u013en\u00fd \u00fachop. Balenie obsahuje torx skrutky pre in\u0161tal\u00e1ciu. \u00dachyt m\u00e1 logo KMR.<\/p>\n<p><strong>Referencia:<\/strong> 0611-03304-0101<\/p>\n","protected":false},"excerpt":{"rendered":"<p>Dlh\u00e1, odoln\u00e1 rukov\u00e4\u0165 KMR. Eloxovan\u00fd dural.<\/p>\n","protected":false},"featured_media":359304,"template":"","meta":{"_acf_changed":false},"product_brand":[11505],"product_cat":[13398,13349],"product_tag":[],"class_list":{"0":"post-411349","1":"product","2":"type-product","3":"status-publish","4":"has-post-thumbnail","6":"product_brand-kmr-precision","7":"product_cat-diely-na-pistole","8":"product_cat-kmr-diely","10":"first","11":"instock","12":"taxable","13":"shipping-taxable","14":"purchasable","15":"product-type-simple"},"acf":[],"_links":{"self":[{"href":"https:\/\/staging.nbg.eu\/sk\/wp-json\/wp\/v2\/product\/411349","targetHints":{"allow":["GET"]}}],"collection":[{"href":"https:\/\/staging.nbg.eu\/sk\/wp-json\/wp\/v2\/product"}],"about":[{"href":"https:\/\/staging.nbg.eu\/sk\/wp-json\/wp\/v2\/types\/product"}],"wp:featuredmedia":[{"embeddable":true,"href":"https:\/\/staging.nbg.eu\/sk\/wp-json\/wp\/v2\/media\/359304"}],"wp:attachment":[{"href":"https:\/\/staging.nbg.eu\/sk\/wp-json\/wp\/v2\/media?parent=411349"}],"wp:term":[{"taxonomy":"product_brand","embeddable":true,"href":"https:\/\/staging.nbg.eu\/sk\/wp-json\/wp\/v2\/product_brand?post=411349"},{"taxonomy":"product_cat","embeddable":true,"href":"https:\/\/staging.nbg.eu\/sk\/wp-json\/wp\/v2\/product_cat?post=411349"},{"taxonomy":"product_tag","embeddable":true,"href":"https:\/\/staging.nbg.eu\/sk\/wp-json\/wp\/v2\/product_tag?post=411349"}],"curies":[{"name":"wp","href":"https:\/\/api.w.org\/{rel}","templated":true}]}}