{"id":411072,"date":"2025-07-01T16:47:20","date_gmt":"2025-07-01T13:47:20","guid":{"rendered":"https:\/\/staging.nbg.eu\/product\/surefire-ep7-bk-mpr-bulk-ear-plugs\/"},"modified":"2025-07-01T16:49:12","modified_gmt":"2025-07-01T13:49:12","slug":"surefire-ep7-bk-mpr-bulk-chranice-sluchu","status":"publish","type":"product","link":"https:\/\/staging.nbg.eu\/sk\/produkt\/surefire-ep7-bk-mpr-bulk-chranice-sluchu\/","title":{"rendered":"Surefire EP7-BK-MPR-BULK Chr\u00e1ni\u010de Sluchu"},"content":{"rendered":"<div class=\"product-description\">\n<h2>\u0160tuple do u\u0161\u00ed Surefire EP7-BK-MPR-BULK<\/h2>\n<h2>Ochrana sluchu<\/h2>\n<p>\u0160tuple do u\u0161\u00ed Surefire EP7 Sonic Defenders Ultra poskytuj\u00fa ochranu sluchu bez obmedzenia schopnosti po\u010du\u0165 d\u00f4le\u017eit\u00e9 zvuky. S hodnotou zn\u00ed\u017eenia hluku (NRR) 28 dB tieto \u0161tuple \u00fa\u010dinne chr\u00e1nia pred stratou sluchu sp\u00f4sobenou hlukom (NIHL).<\/p>\n<h3>Hlavn\u00e9 vlastnosti:<\/h3>\n<ul>\n<li>Dizajn s penovou \u0161pi\u010dkou a m\u00e4kk\u00fdmi penov\u00fdmi koncovkami Comply\u2122 Canal Tips<\/li>\n<li>28 dB hodnota zn\u00ed\u017eenia hluku (NRR) s vlo\u017een\u00fdmi filtrov\u00fdmi uz\u00e1vermi<\/li>\n<li>Umo\u017e\u0148uje prechod bezpe\u010dn\u00fdch \u00farovn\u00ed zvuku a zni\u017euje \u0161kodliv\u00e9 zvuky nad 85 dB<\/li>\n<li>Reten\u010dn\u00e9 kr\u00fa\u017eky EarLock\u00ae so siedmimi kontaktn\u00fdmi bodmi pre bezpe\u010dn\u00e9 upevnenie<\/li>\n<li>Vyroben\u00e9 z hypoalerg\u00e9nneho, medic\u00ednskeho polym\u00e9ru<\/li>\n<li>N\u00edzky profil kompatibiln\u00fd s maskami, prilbami a sl\u00fachadlami<\/li>\n<li>Pripojite\u013en\u00e9 filtrov\u00e9 uz\u00e1very pre dodato\u010dn\u00fa ochranu v hlu\u010dnom prostred\u00ed<\/li>\n<li>Kompatibiln\u00e9 s r\u00f4znymi r\u00e1diokomunika\u010dn\u00fdmi syst\u00e9mami<\/li>\n<\/ul>\n<h3>\u010eal\u0161ie inform\u00e1cie:<\/h3>\n<ul>\n<li>Dostupn\u00e9 v prieh\u013eadnej, \u010diernej alebo oran\u017eovej farbe<\/li>\n<li>Obsahuje 66 cm polym\u00e9rov\u00fd remienok a n\u00e1hradn\u00fd p\u00e1r koncoviek Comply\u2122 Canal<\/li>\n<li>Ve\u013ekosti: Mal\u00e1 (S), Stredn\u00e1 (M) a Ve\u013ek\u00e1 (L)<\/li>\n<li>Vyhl\u00e1senie o zhode dostupn\u00e9 na surefire.com\/doc-ep7<\/li>\n<\/ul>\n<p>Chr\u00e1\u0148te svoj sluch bez obmedzenia situa\u010dn\u00e9ho povedomia. \u0160tuple do u\u0161\u00ed Surefire EP7 Sonic Defenders Ultra s\u00fa rie\u0161en\u00edm pre profesion\u00e1lne aj rekrea\u010dn\u00e9 pou\u017eitie, poskytuj\u00face ochranu sluchu.<\/p>\n<\/div>\n","protected":false},"excerpt":{"rendered":"<p>Ochrann\u00e9 z\u00e1tky do u\u0161\u00ed s NRR 28 dB. Prep\u00fa\u0161\u0165aj\u00fa bezpe\u010dn\u00e9 zvuky. Pohodln\u00e9 penov\u00e9 koncovky.<\/p>\n","protected":false},"featured_media":399775,"template":"","meta":{"_acf_changed":false},"product_brand":[11873],"product_cat":[13359,13364],"product_tag":[],"class_list":{"0":"post-411072","1":"product","2":"type-product","3":"status-publish","4":"has-post-thumbnail","6":"product_brand-surefire","7":"product_cat-ochrana-sluchu","8":"product_cat-vystroj","10":"first","11":"instock","12":"taxable","13":"shipping-taxable","14":"purchasable","15":"product-type-simple"},"acf":[],"_links":{"self":[{"href":"https:\/\/staging.nbg.eu\/sk\/wp-json\/wp\/v2\/product\/411072","targetHints":{"allow":["GET"]}}],"collection":[{"href":"https:\/\/staging.nbg.eu\/sk\/wp-json\/wp\/v2\/product"}],"about":[{"href":"https:\/\/staging.nbg.eu\/sk\/wp-json\/wp\/v2\/types\/product"}],"wp:featuredmedia":[{"embeddable":true,"href":"https:\/\/staging.nbg.eu\/sk\/wp-json\/wp\/v2\/media\/399775"}],"wp:attachment":[{"href":"https:\/\/staging.nbg.eu\/sk\/wp-json\/wp\/v2\/media?parent=411072"}],"wp:term":[{"taxonomy":"product_brand","embeddable":true,"href":"https:\/\/staging.nbg.eu\/sk\/wp-json\/wp\/v2\/product_brand?post=411072"},{"taxonomy":"product_cat","embeddable":true,"href":"https:\/\/staging.nbg.eu\/sk\/wp-json\/wp\/v2\/product_cat?post=411072"},{"taxonomy":"product_tag","embeddable":true,"href":"https:\/\/staging.nbg.eu\/sk\/wp-json\/wp\/v2\/product_tag?post=411072"}],"curies":[{"name":"wp","href":"https:\/\/api.w.org\/{rel}","templated":true}]}}