{"id":410766,"date":"2025-07-01T16:31:38","date_gmt":"2025-07-01T13:31:38","guid":{"rendered":"https:\/\/staging.nbg.eu\/product\/surefire-csm-09-push-button-switch\/"},"modified":"2025-07-01T16:33:31","modified_gmt":"2025-07-01T13:33:31","slug":"surefire-csm-09-tlacidlovy-spinac","status":"publish","type":"product","link":"https:\/\/staging.nbg.eu\/sk\/produkt\/surefire-csm-09-tlacidlovy-spinac\/","title":{"rendered":"Surefire CSM-09 Tla\u010didlov\u00fd Sp\u00edna\u010d"},"content":{"rendered":"<div class=\"product-description\">\n<h2>Surefire CSM-09 Tla\u010didlov\u00fd Sp\u00edna\u010d<\/h2>\n<h2>Dia\u013ekov\u00e9 ovl\u00e1danie. \u00daspora priestoru.<\/h2>\n<p>CSM-09 Tla\u010didlov\u00fd Sp\u00edna\u010d je rie\u0161enie pre dia\u013ekov\u00fa aktiv\u00e1ciu SureFire WeaponLight pri maximaliz\u00e1cii priestoru na ko\u013eajnici zbrane. Tento kompaktn\u00fd sp\u00edna\u010d pon\u00faka funkcie moment\u00e1lneho a trval\u00e9ho zapnutia z jedn\u00e9ho ovl\u00e1dacieho prvku.<\/p>\n<h3>Hlavn\u00e9 vlastnosti:<\/h3>\n<ul>\n<li>Dia\u013ekov\u00e1 aktiv\u00e1cia pre SureFire WeaponLights so z\u00e1suvkami pre sp\u00edna\u010de<\/li>\n<li>Kompaktn\u00fd dizajn pre efekt\u00edvne vyu\u017eitie priestoru na ko\u013eajnici<\/li>\n<li>Jednoduch\u00e9 pripevnenie na M-LOK ko\u013eajnice<\/li>\n<li>Vodotesn\u00e1 kon\u0161trukcia pre spo\u013eahlivos\u0165 v r\u00f4znych podmienkach<\/li>\n<li>9-palcov\u00fd k\u00e1bel vhodn\u00fd pre v\u00e4\u010d\u0161inu pu\u0161kov\u00fdch\/karab\u00ednov\u00fdch aplik\u00e1ci\u00ed<\/li>\n<\/ul>\n<h3>Kompatibilita:<\/h3>\n<p>CSM-09 je kompatibiln\u00fd s radom SureFire WeaponLights, vr\u00e1tane:<\/p>\n<ul>\n<li>Millennium Universal<\/li>\n<li>Classic Universal<\/li>\n<li>Scout Light (so z\u00e1suvkov\u00fdm zadn\u00fdm krytom)<\/li>\n<li>X300<\/li>\n<li>X400 (s XT zadn\u00fdm krytom)<\/li>\n<\/ul>\n<h3>Ovl\u00e1danie:<\/h3>\n<p>Aktiv\u00e1cia WeaponLight:<\/p>\n<ul>\n<li>\u013dahk\u00e9 stla\u010denie pre moment\u00e1lne zapnutie<\/li>\n<li>\u00dapln\u00e9 stla\u010denie pre trval\u00e9 zapnutie<\/li>\n<\/ul>\n<p>CSM-09 Tla\u010didlov\u00fd Sp\u00edna\u010d zabezpe\u010duje, \u017ee v\u00e1\u0161 WeaponLight je pripraven\u00fd, ke\u010f ho potrebujete. Je spo\u013eahliv\u00fd a presn\u00fd pre v\u0161etky taktick\u00e9 osvet\u013eovacie potreby.<\/p>\n<\/div>\n","protected":false},"excerpt":{"rendered":"<p>Kompaktn\u00fd dia\u013ekov\u00fd sp\u00edna\u010d M-LOK pre taktick\u00e9 svietidl\u00e1 SureFire. Okam\u017eit\u00e9 a trval\u00e9 zapnutie.<\/p>\n","protected":false},"featured_media":399900,"template":"","meta":{"_acf_changed":false},"product_brand":[11873],"product_cat":[13412,13388],"product_tag":[],"class_list":{"0":"post-410766","1":"product","2":"type-product","3":"status-publish","4":"has-post-thumbnail","6":"product_brand-surefire","7":"product_cat-prislusenstvo-k-svetlam","8":"product_cat-svetla","10":"first","11":"instock","12":"taxable","13":"shipping-taxable","14":"purchasable","15":"product-type-simple"},"acf":[],"_links":{"self":[{"href":"https:\/\/staging.nbg.eu\/sk\/wp-json\/wp\/v2\/product\/410766","targetHints":{"allow":["GET"]}}],"collection":[{"href":"https:\/\/staging.nbg.eu\/sk\/wp-json\/wp\/v2\/product"}],"about":[{"href":"https:\/\/staging.nbg.eu\/sk\/wp-json\/wp\/v2\/types\/product"}],"wp:featuredmedia":[{"embeddable":true,"href":"https:\/\/staging.nbg.eu\/sk\/wp-json\/wp\/v2\/media\/399900"}],"wp:attachment":[{"href":"https:\/\/staging.nbg.eu\/sk\/wp-json\/wp\/v2\/media?parent=410766"}],"wp:term":[{"taxonomy":"product_brand","embeddable":true,"href":"https:\/\/staging.nbg.eu\/sk\/wp-json\/wp\/v2\/product_brand?post=410766"},{"taxonomy":"product_cat","embeddable":true,"href":"https:\/\/staging.nbg.eu\/sk\/wp-json\/wp\/v2\/product_cat?post=410766"},{"taxonomy":"product_tag","embeddable":true,"href":"https:\/\/staging.nbg.eu\/sk\/wp-json\/wp\/v2\/product_tag?post=410766"}],"curies":[{"name":"wp","href":"https:\/\/api.w.org\/{rel}","templated":true}]}}