{"id":409692,"date":"2025-07-01T13:41:40","date_gmt":"2025-07-01T10:41:40","guid":{"rendered":"https:\/\/staging.nbg.eu\/product\/surefire-m340v-tn-pro-scout-light-pro\/"},"modified":"2025-07-01T13:43:35","modified_gmt":"2025-07-01T10:43:35","slug":"surefire-m340v-tn-pro-scout-light-pro","status":"publish","type":"product","link":"https:\/\/staging.nbg.eu\/sk\/produkt\/surefire-m340v-tn-pro-scout-light-pro\/","title":{"rendered":"Surefire M340V-TN-PRO Scout Light Pro"},"content":{"rendered":"<h2>Surefire M340V-TN-PRO Scout Light Pro<\/h2>\n<p>Mini infra\u010derven\u00e9 Scout Light\u00ae Pro je 3-voltov\u00e9 svetlo na zbra\u0148, navrhnut\u00e9 pre pou\u017eitie v r\u00f4znych sveteln\u00fdch podmienkach. Toto osvet\u013eovacie zariadenie pon\u00faka:<\/p>\n<ul>\n<li>250 l\u00famenov bieleho svetla<\/li>\n<li>100 mW nevidite\u013en\u00e9ho infra\u010derven\u00e9ho osvetlenia pre pr\u00edstroje no\u010dn\u00e9ho videnia<\/li>\n<li>Nie s\u00fa potrebn\u00e9 IR filtre alebo n\u00e1hradn\u00e9 \u017eiarovky<\/li>\n<li>Nov\u00fd n\u00edzkoprofilov\u00fd dr\u017eiak SureFire (LPM) pre v\u0161estrannos\u0165<\/li>\n<li>Jednoduch\u00e9 prep\u00ednanie medzi bielym svetlom, vypnut\u00edm a infra\u010derven\u00fdm re\u017eimom<\/li>\n<li>TIR \u0161o\u0161ovka pre \u00fazky l\u00fa\u010d vhodn\u00fd pre aplik\u00e1cie na kr\u00e1tku a\u017e stredn\u00fa vzdialenos\u0165<\/li>\n<\/ul>\n<h3>Odoln\u00e1 kon\u0161trukcia<\/h3>\n<p>M340V-TN-PRO je vyroben\u00fd tak, aby odolal n\u00e1ro\u010dn\u00fdm podmienkam:<\/p>\n<ul>\n<li>Telo z vysokopevnostn\u00e9ho leteck\u00e9ho hlin\u00edka<\/li>\n<li>Tvrd\u00e1 anodiz\u00e1cia pod\u013ea vojensk\u00fdch \u0161pecifik\u00e1ci\u00ed pre odolnos\u0165 a odolnos\u0165 proti kor\u00f3zii<\/li>\n<li>Odoln\u00e9 IR a biele LED di\u00f3dy<\/li>\n<li>Hodnotenie vodotesnosti IPX7<\/li>\n<\/ul>\n<h3>K\u013e\u00fa\u010dov\u00e9 \u0161pecifik\u00e1cie<\/h3>\n<ul>\n<li>V\u00fdkon: 250 l\u00famenov (biele) \/ 100 mW (IR)<\/li>\n<li>V\u00fddr\u017e: 1,5 hodiny (biele) \/ 6,0 hod\u00edn (IR)<\/li>\n<li>Maxim\u00e1lna intenzita l\u00fa\u010da: 9 300 kandel<\/li>\n<li>Dosah l\u00fa\u010da: 190 metrov<\/li>\n<li>D\u013a\u017eka: 10,4 cm<\/li>\n<li>Hmotnos\u0165: 96,4 g s bat\u00e9riou<\/li>\n<li>Nap\u00e1janie: Jedna l\u00edtiov\u00e1 bat\u00e9ria 123A (s\u00fa\u010das\u0165 balenia)<\/li>\n<\/ul>\n<p>Surefire M340V-TN-PRO Scout Light Pro je v\u0161estrann\u00e9 a v\u00fdkonn\u00e9 svetlo pre taktick\u00e9 situ\u00e1cie pri slabom osvetlen\u00ed.<\/p>\n","protected":false},"excerpt":{"rendered":"<p>Univerz\u00e1lne taktick\u00e9 svetlo s 250 l\u00famenmi bieleho\/100mW infra\u010derven\u00e9ho svetla, odoln\u00e1 kon\u0161trukcia, montovan\u00e9 na li\u0161tu.<\/p>\n","protected":false},"featured_media":400326,"template":"","meta":{"_acf_changed":false},"product_brand":[11873],"product_cat":[13388,13348],"product_tag":[],"class_list":{"0":"post-409692","1":"product","2":"type-product","3":"status-publish","4":"has-post-thumbnail","6":"product_brand-surefire","7":"product_cat-svetla","8":"product_cat-svetla-na-pusky","10":"first","11":"instock","12":"taxable","13":"shipping-taxable","14":"purchasable","15":"product-type-simple"},"acf":[],"_links":{"self":[{"href":"https:\/\/staging.nbg.eu\/sk\/wp-json\/wp\/v2\/product\/409692","targetHints":{"allow":["GET"]}}],"collection":[{"href":"https:\/\/staging.nbg.eu\/sk\/wp-json\/wp\/v2\/product"}],"about":[{"href":"https:\/\/staging.nbg.eu\/sk\/wp-json\/wp\/v2\/types\/product"}],"wp:featuredmedia":[{"embeddable":true,"href":"https:\/\/staging.nbg.eu\/sk\/wp-json\/wp\/v2\/media\/400326"}],"wp:attachment":[{"href":"https:\/\/staging.nbg.eu\/sk\/wp-json\/wp\/v2\/media?parent=409692"}],"wp:term":[{"taxonomy":"product_brand","embeddable":true,"href":"https:\/\/staging.nbg.eu\/sk\/wp-json\/wp\/v2\/product_brand?post=409692"},{"taxonomy":"product_cat","embeddable":true,"href":"https:\/\/staging.nbg.eu\/sk\/wp-json\/wp\/v2\/product_cat?post=409692"},{"taxonomy":"product_tag","embeddable":true,"href":"https:\/\/staging.nbg.eu\/sk\/wp-json\/wp\/v2\/product_tag?post=409692"}],"curies":[{"name":"wp","href":"https:\/\/api.w.org\/{rel}","templated":true}]}}