{"id":408140,"date":"2025-07-01T12:02:41","date_gmt":"2025-07-01T09:02:41","guid":{"rendered":"https:\/\/staging.nbg.eu\/product\/surefire-m640df-bk-pro-scout-light-pro-black\/"},"modified":"2025-07-01T12:05:01","modified_gmt":"2025-07-01T09:05:01","slug":"surefire-m640df-bk-pro-scout-light-pro-cierna","status":"publish","type":"product","link":"https:\/\/staging.nbg.eu\/sk\/produkt\/surefire-m640df-bk-pro-scout-light-pro-cierna\/","title":{"rendered":"Surefire M640DF-BK-PRO Scout Light Pro, \u010cierna"},"content":{"rendered":"<div class=\"product-description\">\n<h2>Surefire M640DF-BK-PRO Scout Light Pro, \u010cierna<\/h2>\n<p>Dual Fuel Scout Light\u00ae Pro je zbra\u0148ov\u00e9 svetlo, ktor\u00e9 kombinuje osved\u010den\u00e9 prvky s najnov\u0161ou technol\u00f3giou. Tento osvet\u013eovac\u00ed n\u00e1stroj je navrhnut\u00fd pre taktick\u00e9 situ\u00e1cie, vo dne aj v noci.<\/p>\n<h2>K\u013e\u00fa\u010dov\u00e9 vlastnosti:<\/h2>\n<ul>\n<li>Poskytuje a\u017e 1 500 l\u00famenov bieleho svetla<\/li>\n<li>Dual Fuel: Pou\u017e\u00edva bu\u010f nab\u00edjate\u013en\u00fa bat\u00e9riu SF18650B alebo dve l\u00edtiov\u00e9 bat\u00e9rie 123A<\/li>\n<li>N\u00edzkoprofilov\u00fd dr\u017eiak (LPM) pre optim\u00e1lne umiestnenie<\/li>\n<li>Hybridn\u00fd vzor l\u00fa\u010da pre identifik\u00e1ciu na dlh\u00e9 vzdialenosti a situa\u010dn\u00e9 povedomie<\/li>\n<li>LED s vysok\u00fdm v\u00fdkonom<\/li>\n<li>Kon\u0161trukcia z tvrden\u00e9ho eloxovan\u00e9ho hlin\u00edka pod\u013ea vojensk\u00fdch \u0161pecifik\u00e1ci\u00ed<\/li>\n<\/ul>\n<h2>V\u0161estrannos\u0165 a v\u00fdkon:<\/h2>\n<p>M640DF-BK-PRO m\u00e1 nov\u00fd n\u00edzkoprofilov\u00fd dr\u017eiak (LPM), ktor\u00fd umo\u017e\u0148uje flexibiln\u00e9 umiestnenie. Je kompatibiln\u00fd so syst\u00e9mami MIL-STD-1913 a M-LOK. LED produkuje 1 500 l\u00famenov s bat\u00e9riou SF18650B alebo 1 200 l\u00famenov s bat\u00e9riami 123A, poskytuj\u00fac rovnov\u00e1hu medzi dosahom a okolit\u00fdm svetlom cez \u0161o\u0161ovku s \u00fapln\u00fdm vn\u00fatorn\u00fdm odrazom (TIR).<\/p>\n<h2>Kon\u0161trukcia pre n\u00e1ro\u010dn\u00e9 podmienky:<\/h2>\n<p>Vyroben\u00e9 z \u013eahk\u00e9ho leteck\u00e9ho hlin\u00edka s tvrd\u00fdm eloxovan\u00fdm povrchom pod\u013ea vojensk\u00fdch \u0161pecifik\u00e1ci\u00ed. O-kr\u00fa\u017eky zabezpe\u010duj\u00fa vodotesnos\u0165 IPX7. Tvrden\u00e9 sklo a robustn\u00e1 kon\u0161trukcia zabezpe\u010duj\u00fa odolnos\u0165.<\/p>\n<h2>Taktick\u00e9 vlastnosti:<\/h2>\n<p>S intenzitou l\u00fa\u010da 16 000 kandel a dosahom a\u017e 250 metrov. Tla\u010didlo Z68 pre do\u010dasn\u00e9\/trval\u00e9 zapnutie je chr\u00e1nen\u00e9 taktick\u00fdm krytom.<\/p>\n<h2>Technick\u00e9 \u0161pecifik\u00e1cie:<\/h2>\n<ul>\n<li>D\u013a\u017eka: 14,1 cm<\/li>\n<li>Hmotnos\u0165 s bat\u00e9riami: 156 g<\/li>\n<li>Priemer prednej \u010dasti: 2,9 cm<\/li>\n<li>V\u00fdstup: Vysok\u00fd &#8211; 1 500 l\u00famenov (SF18650B) \/ 1 200 l\u00famenov (123A)<\/li>\n<li>V\u00fddr\u017e: 1,5 hodiny (SF18650B) \/ 1,25 hodiny (123A)<\/li>\n<\/ul>\n<p>Surefire M640DF-BK-PRO Scout Light Pro je zbra\u0148ov\u00e9 svetlo pre pou\u017eitie v r\u00f4znych prostrediach.<\/p>\n<\/div>\n","protected":false},"excerpt":{"rendered":"<p>V\u00fdkonn\u00e9 taktick\u00e9 svetlo s 1 500 l\u00famenmi a v\u0161estrann\u00fdm upevnen\u00edm pre pou\u017eitie na kr\u00e1tku aj dlh\u00fa vzdialenos\u0165.<\/p>\n","protected":false},"featured_media":400349,"template":"","meta":{"_acf_changed":false},"product_brand":[11873],"product_cat":[13388,13348],"product_tag":[],"class_list":{"0":"post-408140","1":"product","2":"type-product","3":"status-publish","4":"has-post-thumbnail","6":"product_brand-surefire","7":"product_cat-svetla","8":"product_cat-svetla-na-pusky","10":"first","11":"instock","12":"taxable","13":"shipping-taxable","14":"purchasable","15":"product-type-variable","16":"wvs-archive-product-wrapper"},"acf":[],"_links":{"self":[{"href":"https:\/\/staging.nbg.eu\/sk\/wp-json\/wp\/v2\/product\/408140","targetHints":{"allow":["GET"]}}],"collection":[{"href":"https:\/\/staging.nbg.eu\/sk\/wp-json\/wp\/v2\/product"}],"about":[{"href":"https:\/\/staging.nbg.eu\/sk\/wp-json\/wp\/v2\/types\/product"}],"wp:featuredmedia":[{"embeddable":true,"href":"https:\/\/staging.nbg.eu\/sk\/wp-json\/wp\/v2\/media\/400349"}],"wp:attachment":[{"href":"https:\/\/staging.nbg.eu\/sk\/wp-json\/wp\/v2\/media?parent=408140"}],"wp:term":[{"taxonomy":"product_brand","embeddable":true,"href":"https:\/\/staging.nbg.eu\/sk\/wp-json\/wp\/v2\/product_brand?post=408140"},{"taxonomy":"product_cat","embeddable":true,"href":"https:\/\/staging.nbg.eu\/sk\/wp-json\/wp\/v2\/product_cat?post=408140"},{"taxonomy":"product_tag","embeddable":true,"href":"https:\/\/staging.nbg.eu\/sk\/wp-json\/wp\/v2\/product_tag?post=408140"}],"curies":[{"name":"wp","href":"https:\/\/api.w.org\/{rel}","templated":true}]}}