{"id":405878,"date":"2025-06-30T21:20:25","date_gmt":"2025-06-30T18:20:25","guid":{"rendered":"https:\/\/staging.nbg.eu\/product\/surefire-scout-infrared-light-m640v-pro-tan\/"},"modified":"2025-06-30T21:21:49","modified_gmt":"2025-06-30T18:21:49","slug":"surefire-scout-infracervene-svetlo-m640v-pro-tan","status":"publish","type":"product","link":"https:\/\/staging.nbg.eu\/sk\/produkt\/surefire-scout-infracervene-svetlo-m640v-pro-tan\/","title":{"rendered":"SureFire Scout Infra\u010derven\u00e9 Svetlo &#8211; M640V PRO &#8211; Tan"},"content":{"rendered":"<h2>SureFire Scout infra\u010derven\u00e9 svetlo &#8211; M640V PRO &#8211; Pieskov\u00e1 farba<\/h2>\n<p>M640V PRO Scout infra\u010derven\u00e9 svetlo m\u00e1 tieto vlastnosti:<\/p>\n<ul>\n<li>350 l\u00famenov bieleho svetla a 120 mW IR v\u00fdstupu<\/li>\n<li>Nov\u00fd n\u00edzko-profilov\u00fd dr\u017eiak pre optim\u00e1lne umiestnenie na MIL-STD-1913 alebo M-LOK ko\u013eajnice<\/li>\n<li>\u0160peci\u00e1lna TIR \u0161o\u0161ovka pre \u010falekosiahly l\u00fa\u010d s dostato\u010dn\u00fdm okolit\u00fdm svetlom<\/li>\n<li>Prep\u00ednanie medzi bielym a IR re\u017eimom za chodu<\/li>\n<li>Kon\u0161trukcia z leteck\u00e9ho hlin\u00edka s tvrdou anodizovanou povrchovou \u00fapravou pod\u013ea vojenskej \u0161pecifik\u00e1cie<\/li>\n<li>Odolnos\u0165 vo\u010di vode IPX7<\/li>\n<li>Tla\u010didlov\u00fd sp\u00edna\u010d na zadnej \u010dasti pre jednoduch\u00e9 zapnutie<\/li>\n<\/ul>\n<p>S 2,5 hodinami prev\u00e1dzky na vysokom v\u00fdkone a dosahom l\u00fa\u010da 214 metrov je M640V PRO ur\u010den\u00fd pre stredn\u00e9 a\u017e dlh\u00e9 vzdialenosti. Vyu\u017e\u00edva technol\u00f3giu SureFire.<\/p>\n","protected":false},"excerpt":{"rendered":"<p>V\u0161estrann\u00e9 IR\/biele svetlo na zbra\u0148 s v\u00fdkonom 350 l\u00famenov a 120 mW IR v\u00fdstupom.<\/p>\n","protected":false},"featured_media":353030,"template":"","meta":{"_acf_changed":false},"product_brand":[11873],"product_cat":[13356,13388,13348],"product_tag":[],"class_list":{"0":"post-405878","1":"product","2":"type-product","3":"status-publish","4":"has-post-thumbnail","6":"product_brand-surefire","7":"product_cat-edc-svetla","8":"product_cat-svetla","9":"product_cat-svetla-na-pusky","11":"first","12":"instock","13":"taxable","14":"shipping-taxable","15":"purchasable","16":"product-type-simple"},"acf":[],"_links":{"self":[{"href":"https:\/\/staging.nbg.eu\/sk\/wp-json\/wp\/v2\/product\/405878","targetHints":{"allow":["GET"]}}],"collection":[{"href":"https:\/\/staging.nbg.eu\/sk\/wp-json\/wp\/v2\/product"}],"about":[{"href":"https:\/\/staging.nbg.eu\/sk\/wp-json\/wp\/v2\/types\/product"}],"wp:featuredmedia":[{"embeddable":true,"href":"https:\/\/staging.nbg.eu\/sk\/wp-json\/wp\/v2\/media\/353030"}],"wp:attachment":[{"href":"https:\/\/staging.nbg.eu\/sk\/wp-json\/wp\/v2\/media?parent=405878"}],"wp:term":[{"taxonomy":"product_brand","embeddable":true,"href":"https:\/\/staging.nbg.eu\/sk\/wp-json\/wp\/v2\/product_brand?post=405878"},{"taxonomy":"product_cat","embeddable":true,"href":"https:\/\/staging.nbg.eu\/sk\/wp-json\/wp\/v2\/product_cat?post=405878"},{"taxonomy":"product_tag","embeddable":true,"href":"https:\/\/staging.nbg.eu\/sk\/wp-json\/wp\/v2\/product_tag?post=405878"}],"curies":[{"name":"wp","href":"https:\/\/api.w.org\/{rel}","templated":true}]}}