{"id":405770,"date":"2025-06-30T21:15:11","date_gmt":"2025-06-30T18:15:11","guid":{"rendered":"https:\/\/staging.nbg.eu\/product\/surefire-plr-b-edc-flashlight-stiletto-pro\/"},"modified":"2025-06-30T21:16:34","modified_gmt":"2025-06-30T18:16:34","slug":"surefire-plr-b-edc-baterka-stiletto-pro","status":"publish","type":"product","link":"https:\/\/staging.nbg.eu\/sk\/produkt\/surefire-plr-b-edc-baterka-stiletto-pro\/","title":{"rendered":"Surefire PLR-B EDC Baterka &#8211; Stiletto Pro"},"content":{"rendered":"<h2>Surefire PLR-B EDC Baterka &#8211; Stiletto Pro<\/h2>\n<p>Stiletto Pro je kompaktn\u00e1 baterka na ka\u017edodenn\u00e9 nosenie. Poskytuje 1000 l\u00famenov bieleho LED svetla pomocou reflektora MaxVision Beam\u00ae od SureFire.<\/p>\n<ul>\n<li>Tri programovate\u013en\u00e9 nastavenia: 1000 l\u00famenov (vysok\u00e9), 300 l\u00famenov (stredn\u00e9) a 25 l\u00famenov (n\u00edzke)<\/li>\n<li>Tenk\u00e9 hlin\u00edkov\u00e9 telo pre \u013eahk\u00e9 skrytie a odolnos\u0165<\/li>\n<li>Tvrd\u00e1 eloxovan\u00e1 povrchov\u00e1 \u00faprava s vodotesnos\u0165ou IPX7<\/li>\n<li>Taktick\u00fd zadn\u00fd sp\u00edna\u010d pre okam\u017eit\u00fd vysok\u00fd v\u00fdkon a volite\u013en\u00fd stroboskop<\/li>\n<li>Integrovan\u00e1 USB-C nab\u00edjate\u013en\u00e1 l\u00edtium-polym\u00e9rov\u00e1 bat\u00e9ria<\/li>\n<li>LED indik\u00e1tor stavu bat\u00e9rie<\/li>\n<li>Obojstrann\u00e1 oce\u013eov\u00e1 spona s povrchovou \u00fapravou Melonite\u00ae<\/li>\n<\/ul>\n<p>Stiletto Pro m\u00e1 d\u013a\u017eku 11,4 cm a hmotnos\u0165 113 g. Zmest\u00ed sa do vrecka a poskytuje profesion\u00e1lne osvetlenie.<\/p>\n","protected":false},"excerpt":{"rendered":"<p>Kompaktn\u00e9, v\u00fdkonn\u00e9 1000-l\u00famenov\u00e9 EDC svietidlo s technol\u00f3giou MaxVision Beam\u00ae.<\/p>\n","protected":false},"featured_media":352674,"template":"","meta":{"_acf_changed":false},"product_brand":[11873],"product_cat":[13387,13356,13388],"product_tag":[],"class_list":{"0":"post-405770","1":"product","2":"type-product","3":"status-publish","4":"has-post-thumbnail","6":"product_brand-surefire","7":"product_cat-edc","8":"product_cat-edc-svetla","9":"product_cat-svetla","11":"first","12":"instock","13":"taxable","14":"shipping-taxable","15":"purchasable","16":"product-type-simple"},"acf":[],"_links":{"self":[{"href":"https:\/\/staging.nbg.eu\/sk\/wp-json\/wp\/v2\/product\/405770","targetHints":{"allow":["GET"]}}],"collection":[{"href":"https:\/\/staging.nbg.eu\/sk\/wp-json\/wp\/v2\/product"}],"about":[{"href":"https:\/\/staging.nbg.eu\/sk\/wp-json\/wp\/v2\/types\/product"}],"wp:featuredmedia":[{"embeddable":true,"href":"https:\/\/staging.nbg.eu\/sk\/wp-json\/wp\/v2\/media\/352674"}],"wp:attachment":[{"href":"https:\/\/staging.nbg.eu\/sk\/wp-json\/wp\/v2\/media?parent=405770"}],"wp:term":[{"taxonomy":"product_brand","embeddable":true,"href":"https:\/\/staging.nbg.eu\/sk\/wp-json\/wp\/v2\/product_brand?post=405770"},{"taxonomy":"product_cat","embeddable":true,"href":"https:\/\/staging.nbg.eu\/sk\/wp-json\/wp\/v2\/product_cat?post=405770"},{"taxonomy":"product_tag","embeddable":true,"href":"https:\/\/staging.nbg.eu\/sk\/wp-json\/wp\/v2\/product_tag?post=405770"}],"curies":[{"name":"wp","href":"https:\/\/api.w.org\/{rel}","templated":true}]}}