{"id":405611,"date":"2025-05-05T23:43:01","date_gmt":"2025-05-05T20:43:01","guid":{"rendered":"https:\/\/staging.nbg.eu\/product\/surefire-plr-c-edc-flashlight-stiletto-pro-ii\/"},"modified":"2025-06-30T20:04:05","modified_gmt":"2025-06-30T17:04:05","slug":"surefire-plr-c-edc-baterka-stiletto-pro-ii","status":"publish","type":"product","link":"https:\/\/staging.nbg.eu\/sk\/produkt\/surefire-plr-c-edc-baterka-stiletto-pro-ii\/","title":{"rendered":"Surefire PLR-C EDC Baterka &#8211; Stiletto Pro II"},"content":{"rendered":"<h2>Surefire PLR-C EDC Baterka &#8211; Stiletto Pro II<\/h2>\n<p>Stiletto Pro II je kompaktn\u00e1 baterka na ka\u017edodenn\u00e9 nosenie. Kombinuje tenk\u00fd profil s v\u00fdkonom, poskytuj\u00fac a\u017e 1 500 l\u00famenov hybridn\u00e9ho l\u00fa\u010da svetla s dosahom 375 metrov.<\/p>\n<ul>\n<li>Du\u00e1lna optika poskytuje 35 000 kandel pre osvetlenie na ve\u013ek\u00fa vzdialenos\u0165<\/li>\n<li>Tri programovate\u013en\u00e9 nastavenia: Vysok\u00e9 (1 500 l\u00famenov), Stredn\u00e9 (500 l\u00famenov) a N\u00edzke (25 l\u00famenov)<\/li>\n<li>Telo z leteck\u00e9ho hlin\u00edka zabezpe\u010duje odolnos\u0165 a jednoduch\u00e9 skrytie<\/li>\n<li>Taktick\u00fd zadn\u00fd sp\u00edna\u010d s volite\u013en\u00fdm vysokofrekven\u010dn\u00fdm stroboskopom<\/li>\n<li>Integrovan\u00e1 USB-C nab\u00edjate\u013en\u00e1 l\u00edtium-polym\u00e9rov\u00e1 bat\u00e9ria<\/li>\n<li>LED indik\u00e1tor stavu bat\u00e9rie<\/li>\n<li>Obojstrann\u00e1 oce\u013eov\u00e1 spona s povrchovou \u00fapravou Melonite<\/li>\n<li>Vodotesnos\u0165 IPX7 do 1 metra po dobu 30 min\u00fat<\/li>\n<\/ul>\n<p>Stiletto Pro II je vhodn\u00e1 pre orient\u00e1ciu v tme alebo vonkaj\u0161ie aktivity. Je ur\u010den\u00e1 pre pr\u00edslu\u0161n\u00edkov bezpe\u010dnostn\u00fdch zlo\u017eiek, vojensk\u00fd person\u00e1l a be\u017en\u00fdch pou\u017e\u00edvate\u013eov.<\/p>\n","protected":false},"excerpt":{"rendered":"<p>\u0160t\u00edhle, v\u00fdkonn\u00e9 EDC svietidlo s 1 500 l\u00famenmi a l\u00fa\u010dom s dlh\u00fdm dosahom.<\/p>\n","protected":false},"featured_media":352350,"template":"","meta":{"_acf_changed":false},"product_brand":[11873],"product_cat":[13387,13356,13388],"product_tag":[],"class_list":{"0":"post-405611","1":"product","2":"type-product","3":"status-publish","4":"has-post-thumbnail","6":"product_brand-surefire","7":"product_cat-edc","8":"product_cat-edc-svetla","9":"product_cat-svetla","11":"first","12":"outofstock","13":"taxable","14":"shipping-taxable","15":"purchasable","16":"product-type-simple"},"acf":[],"_links":{"self":[{"href":"https:\/\/staging.nbg.eu\/sk\/wp-json\/wp\/v2\/product\/405611","targetHints":{"allow":["GET"]}}],"collection":[{"href":"https:\/\/staging.nbg.eu\/sk\/wp-json\/wp\/v2\/product"}],"about":[{"href":"https:\/\/staging.nbg.eu\/sk\/wp-json\/wp\/v2\/types\/product"}],"wp:featuredmedia":[{"embeddable":true,"href":"https:\/\/staging.nbg.eu\/sk\/wp-json\/wp\/v2\/media\/352350"}],"wp:attachment":[{"href":"https:\/\/staging.nbg.eu\/sk\/wp-json\/wp\/v2\/media?parent=405611"}],"wp:term":[{"taxonomy":"product_brand","embeddable":true,"href":"https:\/\/staging.nbg.eu\/sk\/wp-json\/wp\/v2\/product_brand?post=405611"},{"taxonomy":"product_cat","embeddable":true,"href":"https:\/\/staging.nbg.eu\/sk\/wp-json\/wp\/v2\/product_cat?post=405611"},{"taxonomy":"product_tag","embeddable":true,"href":"https:\/\/staging.nbg.eu\/sk\/wp-json\/wp\/v2\/product_tag?post=405611"}],"curies":[{"name":"wp","href":"https:\/\/api.w.org\/{rel}","templated":true}]}}