{"id":405368,"date":"2025-06-30T19:48:20","date_gmt":"2025-06-30T16:48:20","guid":{"rendered":"https:\/\/staging.nbg.eu\/product\/compensator-ase-utra-au780-borelock-223-muzzle-brake-1-2x28-unef\/"},"modified":"2025-06-30T19:49:43","modified_gmt":"2025-06-30T16:49:43","slug":"kompenzator-ase-utra-au780-borelock-223-ustova-brzda-12x28-unef","status":"publish","type":"product","link":"https:\/\/staging.nbg.eu\/sk\/produkt\/kompenzator-ase-utra-au780-borelock-223-ustova-brzda-12x28-unef\/","title":{"rendered":"KOMPENZ\u00c1TOR ASE UTRA AU780 BoreLock .223 \u00fas\u0165ov\u00e1 brzda 1\/2&#8243;x28 UNEF"},"content":{"rendered":"<h2>KOMPENZ\u00c1TOR ASE UTRA AU780 BoreLock .223 \u00das\u0165ov\u00e1 brzda<\/h2>\n<p>KOMPENZ\u00c1TOR ASE UTRA AU780 BoreLock .223 \u00fas\u0165ov\u00e1 brzda s BoreLock syst\u00e9mom r\u00fdchleho upevnenia. Toto zariadenie je ur\u010den\u00e9 pre \u00fato\u010dn\u00e9 pu\u0161ky a \u013eahk\u00e9 gu\u013eomety kalibru 5,56 mm NATO.<\/p>\n<h2>Hlavn\u00e9 vlastnosti:<\/h2>\n<ul>\n<li>Z\u00e1vit: 1\/2&#8243;x28 UNEF<\/li>\n<li>Kompatibiln\u00fd s .223 Remington \/ 5,56 NATO<\/li>\n<li>BoreLock syst\u00e9m r\u00fdchleho upevnenia<\/li>\n<li>Dvojportov\u00fd dizajn na zn\u00ed\u017eenie sp\u00e4tn\u00e9ho r\u00e1zu<\/li>\n<li>Kompaktn\u00e1 ve\u013ekos\u0165<\/li>\n<li>Redukcia z\u00e1blesku<\/li>\n<\/ul>\n<p>AU780 BoreLock \u00fas\u0165ov\u00e1 brzda je s\u00fa\u010das\u0165ou BoreLock mont\u00e1\u017eneho syst\u00e9mu ASE UTRA, ktor\u00fd zah\u0155\u0148a r\u00f4zne tlmi\u010de z\u00e1blesku a mont\u00e1\u017eny kr\u00fa\u017eok. T\u00e1to brzda zabezpe\u010duje kontrolu sp\u00e4tn\u00e9ho r\u00e1zu pri zachovan\u00ed n\u00edzkeho profilu.<\/p>\n<p>KOMPENZ\u00c1TOR ASE UTRA AU780 BoreLock .223 \u00fas\u0165ov\u00e1 brzda je doplnok pre va\u0161u zbra\u0148.<\/p>\n","protected":false},"excerpt":{"rendered":"<p>Kompaktn\u00e1, \u00fa\u010dinn\u00e1 redukcia sp\u00e4tn\u00e9ho r\u00e1zu pre pu\u0161ky kalibru .223. Syst\u00e9m r\u00fdchleho pripojenia.<\/p>\n","protected":false},"featured_media":359533,"template":"","meta":{"_acf_changed":false},"product_brand":[],"product_cat":[13397,13346,13350],"product_tag":[],"class_list":{"0":"post-405368","1":"product","2":"type-product","3":"status-publish","4":"has-post-thumbnail","6":"product_cat-puska","7":"product_cat-rifle-tuning","8":"product_cat-tlmice-pre-pusky","10":"first","11":"instock","12":"taxable","13":"shipping-taxable","14":"purchasable","15":"product-type-simple"},"acf":[],"_links":{"self":[{"href":"https:\/\/staging.nbg.eu\/sk\/wp-json\/wp\/v2\/product\/405368","targetHints":{"allow":["GET"]}}],"collection":[{"href":"https:\/\/staging.nbg.eu\/sk\/wp-json\/wp\/v2\/product"}],"about":[{"href":"https:\/\/staging.nbg.eu\/sk\/wp-json\/wp\/v2\/types\/product"}],"wp:featuredmedia":[{"embeddable":true,"href":"https:\/\/staging.nbg.eu\/sk\/wp-json\/wp\/v2\/media\/359533"}],"wp:attachment":[{"href":"https:\/\/staging.nbg.eu\/sk\/wp-json\/wp\/v2\/media?parent=405368"}],"wp:term":[{"taxonomy":"product_brand","embeddable":true,"href":"https:\/\/staging.nbg.eu\/sk\/wp-json\/wp\/v2\/product_brand?post=405368"},{"taxonomy":"product_cat","embeddable":true,"href":"https:\/\/staging.nbg.eu\/sk\/wp-json\/wp\/v2\/product_cat?post=405368"},{"taxonomy":"product_tag","embeddable":true,"href":"https:\/\/staging.nbg.eu\/sk\/wp-json\/wp\/v2\/product_tag?post=405368"}],"curies":[{"name":"wp","href":"https:\/\/api.w.org\/{rel}","templated":true}]}}