{"id":404815,"date":"2025-06-30T12:06:50","date_gmt":"2025-06-30T09:06:50","guid":{"rendered":"https:\/\/staging.nbg.eu\/product\/ammunition-sb-cal-357-mag-fmj-10-25g\/"},"modified":"2025-06-30T12:08:33","modified_gmt":"2025-06-30T09:08:33","slug":"municia-sb-kal-357-mag-fmj-1025g","status":"publish","type":"product","link":"https:\/\/staging.nbg.eu\/sk\/produkt\/municia-sb-kal-357-mag-fmj-1025g\/","title":{"rendered":"MUN\u00cdCIA S&#038;B kal. 357 Mag FMJ 10.25g"},"content":{"rendered":"<div class=\"product-description\">\n<h2>S&amp;B FMJ .357 Magnum 10,25g<\/h2>\n<p>N\u00e1boj Sellier &amp; Bellot Full Metal Jacket .357 Magnum. Toto strelivo je ur\u010den\u00e9 pre revolvery.<\/p>\n<h3>K\u013e\u00fa\u010dov\u00e9 vlastnosti:<\/h3>\n<ul>\n<li>Kaliber: .357 Magnum<\/li>\n<li>Hmotnos\u0165 strely: 158gr\/10,25g Full Metal Jacket (FMJ)<\/li>\n<li>\u00das\u0165ov\u00e1 r\u00fdchlos\u0165: 385 m\/s<\/li>\n<li>Balistick\u00fd koeficient: 0,184<\/li>\n<li>Power Factor: 199,6<\/li>\n<li>Ve\u013ekos\u0165 balenia: 50 n\u00e1bojov<\/li>\n<\/ul>\n<p>Vyroben\u00e9 spolo\u010dnos\u0165ou Sellier &amp; Bellot, v\u00fdrobcom streliva od roku 1825. Toto strelivo je vhodn\u00e9 na tr\u00e9ning, s\u00fa\u0165a\u017ee alebo in\u00e9 streleck\u00e9 aktivity.<\/p>\n<p>Toto strelivo .357 Magnum pou\u017e\u00edvaj\u00fa civilisti aj vojensk\u00ed pracovn\u00edci po celom svete. S&amp;B pon\u00faka strelivo .357 Magnum pre presnos\u0165 a spo\u013eahlivos\u0165.<\/p>\n<\/div>\n","protected":false},"excerpt":{"rendered":"<p>S&amp;B .357 Mag FMJ 10,25g: V\u00fdkonn\u00e9, presn\u00e9 n\u00e1boje do revolveru na tr\u00e9ning<\/p>\n","protected":false},"featured_media":359135,"template":"","meta":{"_acf_changed":false},"product_brand":[],"product_cat":[13382,13372],"product_tag":[],"class_list":{"0":"post-404815","1":"product","2":"type-product","3":"status-publish","4":"has-post-thumbnail","6":"product_cat-licencovany","7":"product_cat-municia","9":"first","10":"instock","11":"taxable","12":"shipping-taxable","13":"purchasable","14":"product-type-simple"},"acf":[],"_links":{"self":[{"href":"https:\/\/staging.nbg.eu\/sk\/wp-json\/wp\/v2\/product\/404815","targetHints":{"allow":["GET"]}}],"collection":[{"href":"https:\/\/staging.nbg.eu\/sk\/wp-json\/wp\/v2\/product"}],"about":[{"href":"https:\/\/staging.nbg.eu\/sk\/wp-json\/wp\/v2\/types\/product"}],"wp:featuredmedia":[{"embeddable":true,"href":"https:\/\/staging.nbg.eu\/sk\/wp-json\/wp\/v2\/media\/359135"}],"wp:attachment":[{"href":"https:\/\/staging.nbg.eu\/sk\/wp-json\/wp\/v2\/media?parent=404815"}],"wp:term":[{"taxonomy":"product_brand","embeddable":true,"href":"https:\/\/staging.nbg.eu\/sk\/wp-json\/wp\/v2\/product_brand?post=404815"},{"taxonomy":"product_cat","embeddable":true,"href":"https:\/\/staging.nbg.eu\/sk\/wp-json\/wp\/v2\/product_cat?post=404815"},{"taxonomy":"product_tag","embeddable":true,"href":"https:\/\/staging.nbg.eu\/sk\/wp-json\/wp\/v2\/product_tag?post=404815"}],"curies":[{"name":"wp","href":"https:\/\/api.w.org\/{rel}","templated":true}]}}