{"id":38721,"date":"2024-08-26T13:54:16","date_gmt":"2024-09-09T14:39:28","guid":{"rendered":"https:\/\/staging.nbg.eu\/product\/vanward-ultra-light\/"},"modified":"2025-05-01T17:51:15","modified_gmt":"2025-05-01T17:51:15","slug":"vanward-ultra-light","status":"publish","type":"product","link":"https:\/\/staging.nbg.eu\/sk\/produkt\/vanward-ultra-light\/","title":{"rendered":"Vanward Ultra Light"},"content":{"rendered":"<h2>Ultra\u013eahk\u00fd tlmi\u010d Vanward<\/h2>\n<p>Za\u017eite neporovnate\u013en\u00fa \u013eahkos\u0165 a v\u00fdkon s tlmi\u010dom Vanward Ultra Light. S hmotnos\u0165ou iba 137 gramov* je naj\u013eah\u0161\u00ed vo svojej triede bez kompromisov v oblasti funk\u010dnosti.<\/p>\n<h2>K\u013e\u00fa\u010dov\u00e9 vlastnosti:<\/h2>\n<ul>\n<li>Optimalizovan\u00e9 rozostupy prep\u00e1\u017eok pre lep\u0161ie vyrovn\u00e1vanie tlaku<\/li>\n<li>\u0160es\u0165hrann\u00fd vonkaj\u0161\u00ed dizajn pre zv\u00fd\u0161en\u00fa pevnos\u0165 a chladenie<\/li>\n<li>3D tla\u010den\u00fd z jedn\u00e9ho kusa tit\u00e1nu 5. triedy<\/li>\n<li>Extr\u00e9mne odoln\u00fd a odoln\u00fd vo\u010di kor\u00f3zii<\/li>\n<li>Dostupn\u00fd v kalibroch .223, .264 a .30<\/li>\n<li>Typy z\u00e1vitov: M18x1, M15x1, M14x1, 1\/2*28<\/li>\n<\/ul>\n<h2>\u0160pecifik\u00e1cie:<\/h2>\n<ul>\n<li>Priemer: 42 mm<\/li>\n<li>D\u013a\u017eka: 130 mm<\/li>\n<li>Hmotnos\u0165: 137 gramov* (model M18)<\/li>\n<\/ul>\n<p>Pozdvihnite svoj streleck\u00fd z\u00e1\u017eitok s Vanward Ultra Light &#8211; kde sa inov\u00e1cia stret\u00e1va s v\u00fdkonom.<\/p>\n","protected":false},"excerpt":{"rendered":"<p>Ultra\u013eahk\u00fd tit\u00e1nov\u00fd tlmi\u010d, 137 g. 3D tla\u010den\u00fd, odoln\u00fd, s efekt\u00edvnym chladen\u00edm.<\/p>\n","protected":false},"featured_media":32441,"template":"","meta":{"_acf_changed":false},"product_brand":[11943],"product_cat":[13397,13332,13350],"product_tag":[],"class_list":{"0":"post-38721","1":"product","2":"type-product","3":"status-publish","4":"has-post-thumbnail","6":"product_brand-vanward","7":"product_cat-puska","8":"product_cat-tlmice","9":"product_cat-tlmice-pre-pusky","11":"first","12":"instock","13":"taxable","14":"shipping-taxable","15":"purchasable","16":"product-type-variable","17":"wvs-archive-product-wrapper"},"acf":[],"_links":{"self":[{"href":"https:\/\/staging.nbg.eu\/sk\/wp-json\/wp\/v2\/product\/38721","targetHints":{"allow":["GET"]}}],"collection":[{"href":"https:\/\/staging.nbg.eu\/sk\/wp-json\/wp\/v2\/product"}],"about":[{"href":"https:\/\/staging.nbg.eu\/sk\/wp-json\/wp\/v2\/types\/product"}],"wp:featuredmedia":[{"embeddable":true,"href":"https:\/\/staging.nbg.eu\/sk\/wp-json\/wp\/v2\/media\/32441"}],"wp:attachment":[{"href":"https:\/\/staging.nbg.eu\/sk\/wp-json\/wp\/v2\/media?parent=38721"}],"wp:term":[{"taxonomy":"product_brand","embeddable":true,"href":"https:\/\/staging.nbg.eu\/sk\/wp-json\/wp\/v2\/product_brand?post=38721"},{"taxonomy":"product_cat","embeddable":true,"href":"https:\/\/staging.nbg.eu\/sk\/wp-json\/wp\/v2\/product_cat?post=38721"},{"taxonomy":"product_tag","embeddable":true,"href":"https:\/\/staging.nbg.eu\/sk\/wp-json\/wp\/v2\/product_tag?post=38721"}],"curies":[{"name":"wp","href":"https:\/\/api.w.org\/{rel}","templated":true}]}}