{"id":37619,"date":"2024-09-02T10:54:46","date_gmt":"2024-09-02T10:54:46","guid":{"rendered":"https:\/\/staging.nbg.eu\/product\/bcm-quick-detach-sling-swivel-heavy-duty-design\/"},"modified":"2024-09-09T14:29:11","modified_gmt":"2024-09-09T14:29:11","slug":"bcm-rychloupinacia-slucka-na-popruh-zosilnene-prevedenie","status":"publish","type":"product","link":"https:\/\/staging.nbg.eu\/sk\/produkt\/bcm-rychloupinacia-slucka-na-popruh-zosilnene-prevedenie\/","title":{"rendered":"BCM\u00ae r\u00fdchloup\u00ednacia slu\u010dka na popruh (zosilnen\u00e9 prevedenie)"},"content":{"rendered":"<div class=\"product-description\">\n<h2>BCM\u00ae R\u00fdchlo odpojite\u013en\u00fd z\u00e1vesn\u00fd oto\u010dn\u00fd \u010dap (\u0164a\u017ek\u00e1 kon\u0161trukcia)<\/h2>\n<p>Vylep\u0161ite funk\u010dnos\u0165 va\u0161ej strelnej zbrane s BCM\u00ae r\u00fdchlo odpojite\u013en\u00fdm z\u00e1vesn\u00fdm oto\u010dn\u00fdm \u010dapom, navrhnut\u00fdm pre trvanlivos\u0165 a spo\u013eahlivos\u0165.<\/p>\n<ul>\n<li>Zapusten\u00fd dizajn piestu zabra\u0148uje n\u00e1hodn\u00e9mu uvo\u013eneniu, zabezpe\u010duj\u00fac bezpe\u010dn\u00e9 pripojenie v\u00e1\u0161ho popruhu<\/li>\n<li>Prec\u00edzne vyroben\u00fd z uhl\u00edkovej ocele s mang\u00e1nov\u00fdm fosf\u00e1tov\u00fdm povrchom pre vynikaj\u00facu odolnos\u0165 vo\u010di kor\u00f3zii<\/li>\n<li>Pred pokovovan\u00edm omie\u013ean\u00fd a pieskovan\u00fd pre hladk\u00fd povrch bez zachyt\u00e1vania<\/li>\n<li>Kompatibiln\u00fd s 1-1\/4&#8243; popruhmi, pon\u00fakaj\u00fac v\u0161estrannos\u0165 pre r\u00f4zne zostavy<\/li>\n<li>\u0164a\u017ek\u00e1 kon\u0161trukcia odol\u00e1 n\u00e1ro\u010dn\u00e9mu pou\u017e\u00edvaniu v n\u00e1ro\u010dn\u00fdch podmienkach<\/li>\n<\/ul>\n<p>Spo\u013eahnite sa na z\u00e1v\u00e4zok BCM ku kvalite a v\u00fdkonu. Tento r\u00fdchlo odpojite\u013en\u00fd z\u00e1vesn\u00fd oto\u010dn\u00fd \u010dap je dokonal\u00fdm doplnkom va\u0161ej taktickej v\u00fdbavy, poskytuj\u00fac r\u00fdchle pripojenie a odpojenie bez kompromisov v oblasti bezpe\u010dnosti.<\/p>\n<\/div>\n","protected":false},"excerpt":{"rendered":"<p>R\u00fdchloup\u00ednacia odoln\u00e1 slu\u010dka na zbra\u0148. Bezpe\u010dn\u00e1, trvanliv\u00e1, kompatibiln\u00e1 s 1-1\/4&#8243;.<\/p>\n","protected":false},"featured_media":36990,"template":"","meta":{"_acf_changed":false},"product_brand":[11071],"product_cat":[13397,13360,13346],"product_tag":[],"class_list":{"0":"post-37619","1":"product","2":"type-product","3":"status-publish","4":"has-post-thumbnail","6":"product_brand-bcm","7":"product_cat-puska","8":"product_cat-remene","9":"product_cat-rifle-tuning","11":"first","12":"instock","13":"taxable","14":"shipping-taxable","15":"purchasable","16":"product-type-simple"},"acf":[],"_links":{"self":[{"href":"https:\/\/staging.nbg.eu\/sk\/wp-json\/wp\/v2\/product\/37619","targetHints":{"allow":["GET"]}}],"collection":[{"href":"https:\/\/staging.nbg.eu\/sk\/wp-json\/wp\/v2\/product"}],"about":[{"href":"https:\/\/staging.nbg.eu\/sk\/wp-json\/wp\/v2\/types\/product"}],"wp:featuredmedia":[{"embeddable":true,"href":"https:\/\/staging.nbg.eu\/sk\/wp-json\/wp\/v2\/media\/36990"}],"wp:attachment":[{"href":"https:\/\/staging.nbg.eu\/sk\/wp-json\/wp\/v2\/media?parent=37619"}],"wp:term":[{"taxonomy":"product_brand","embeddable":true,"href":"https:\/\/staging.nbg.eu\/sk\/wp-json\/wp\/v2\/product_brand?post=37619"},{"taxonomy":"product_cat","embeddable":true,"href":"https:\/\/staging.nbg.eu\/sk\/wp-json\/wp\/v2\/product_cat?post=37619"},{"taxonomy":"product_tag","embeddable":true,"href":"https:\/\/staging.nbg.eu\/sk\/wp-json\/wp\/v2\/product_tag?post=37619"}],"curies":[{"name":"wp","href":"https:\/\/api.w.org\/{rel}","templated":true}]}}