{"id":37596,"date":"2024-09-02T16:31:14","date_gmt":"2024-09-02T16:31:14","guid":{"rendered":"https:\/\/staging.nbg.eu\/product\/bcm-mcmr-sm-quick-detachable-sling-mount-m-lok-compatible\/"},"modified":"2024-09-09T14:22:15","modified_gmt":"2024-09-09T14:22:15","slug":"bcm-mcmr-sm-rychloupinaci-zaves-na-popruh-kompatibilny-s-m-lok","status":"publish","type":"product","link":"https:\/\/staging.nbg.eu\/sk\/produkt\/bcm-mcmr-sm-rychloupinaci-zaves-na-popruh-kompatibilny-s-m-lok\/","title":{"rendered":"BCM\u00ae MCMR-SM r\u00fdchloup\u00ednac\u00ed z\u00e1v\u011bs na popruh (kompatibiln\u00fd s M-LOK\u00ae)"},"content":{"rendered":"<div class=\"product-description\">\n<h2>BCM\u00ae MCMR-SM R\u00fdchlo odpojite\u013en\u00fd dr\u017eiak popruhu (kompatibiln\u00fd s M-LOK\u00ae*)<\/h2>\n<p>Zv\u00fd\u0161te v\u0161estrannos\u0165 va\u0161ej strelnej zbrane s BCM\u00ae MCMR-SM r\u00fdchlo odpojite\u013en\u00fdm dr\u017eiakom popruhu. Toto n\u00edzko profilov\u00e9 pr\u00edslu\u0161enstvo je navrhnut\u00e9 pre zv\u00fd\u0161en\u00fa mobilitu a zn\u00ed\u017een\u00fd potenci\u00e1l zachytenia, \u010do z neho rob\u00ed nevyhnutn\u00fd doplnok pre va\u0161u zostavu kompatibiln\u00fa s M-LOK\u00ae.<\/p>\n<ul>\n<li>Kompatibiln\u00fd s M-LOK\u00ae pre jednoduch\u00fa in\u0161tal\u00e1ciu<\/li>\n<li>Vhodn\u00fd pre \u0161tandardn\u00e9 r\u00fdchlo odpojite\u013en\u00e9 oto\u010dn\u00e9 z\u00e1vesy popruhu s tla\u010didlom (nie s\u00fa s\u00fa\u010das\u0165ou balenia)<\/li>\n<li>8-polohov\u00e9 (360\u00b0) nerota\u010dn\u00e9 uzamykacie rozhranie pre optim\u00e1lne umiestnenie popruhu<\/li>\n<li>Odoln\u00e1 celokovov\u00e1 kon\u0161trukcia zabezpe\u010duje dlhodob\u00fa v\u00fdkonnos\u0165<\/li>\n<\/ul>\n<p>Za\u017eite zv\u00fd\u0161en\u00fa man\u00e9vrovate\u013enos\u0165 a r\u00fdchle pripojenie popruhu s t\u00fdmto robustn\u00fdm, n\u00edzko profilov\u00fdm dr\u017eiakom. Pozn\u00e1mka: R\u00fdchlo odpojite\u013en\u00fd oto\u010dn\u00fd z\u00e1ves popruhu sa pred\u00e1va samostatne.<\/p>\n<\/div>\n","protected":false},"excerpt":{"rendered":"<p>BCM\u00ae MCMR-SM QD upevnenie popruhu: N\u00edzky profil, kompatibiln\u00e9 s M-LOK.<\/p>\n","protected":false},"featured_media":37060,"template":"","meta":{"_acf_changed":false},"product_brand":[11071],"product_cat":[13397,13360,13346],"product_tag":[],"class_list":{"0":"post-37596","1":"product","2":"type-product","3":"status-publish","4":"has-post-thumbnail","6":"product_brand-bcm","7":"product_cat-puska","8":"product_cat-remene","9":"product_cat-rifle-tuning","11":"first","12":"instock","13":"taxable","14":"shipping-taxable","15":"purchasable","16":"product-type-simple"},"acf":[],"_links":{"self":[{"href":"https:\/\/staging.nbg.eu\/sk\/wp-json\/wp\/v2\/product\/37596","targetHints":{"allow":["GET"]}}],"collection":[{"href":"https:\/\/staging.nbg.eu\/sk\/wp-json\/wp\/v2\/product"}],"about":[{"href":"https:\/\/staging.nbg.eu\/sk\/wp-json\/wp\/v2\/types\/product"}],"wp:featuredmedia":[{"embeddable":true,"href":"https:\/\/staging.nbg.eu\/sk\/wp-json\/wp\/v2\/media\/37060"}],"wp:attachment":[{"href":"https:\/\/staging.nbg.eu\/sk\/wp-json\/wp\/v2\/media?parent=37596"}],"wp:term":[{"taxonomy":"product_brand","embeddable":true,"href":"https:\/\/staging.nbg.eu\/sk\/wp-json\/wp\/v2\/product_brand?post=37596"},{"taxonomy":"product_cat","embeddable":true,"href":"https:\/\/staging.nbg.eu\/sk\/wp-json\/wp\/v2\/product_cat?post=37596"},{"taxonomy":"product_tag","embeddable":true,"href":"https:\/\/staging.nbg.eu\/sk\/wp-json\/wp\/v2\/product_tag?post=37596"}],"curies":[{"name":"wp","href":"https:\/\/api.w.org\/{rel}","templated":true}]}}