{"id":37571,"date":"2024-09-02T16:34:30","date_gmt":"2024-09-02T16:34:30","guid":{"rendered":"https:\/\/staging.nbg.eu\/product\/bcm-3-inch-picatinny-rail-section-aluminum-m-lok-compatible\/"},"modified":"2024-09-09T14:10:19","modified_gmt":"2024-09-09T14:10:19","slug":"bcm-3-palcova-picatinny-lista-hlinik-kompatibilna-s-m-lok","status":"publish","type":"product","link":"https:\/\/staging.nbg.eu\/sk\/produkt\/bcm-3-palcova-picatinny-lista-hlinik-kompatibilna-s-m-lok\/","title":{"rendered":"BCM\u00ae 3 palcov\u00e1 Picatinny li\u0161ta, hlin\u00edk (kompatibiln\u00e1 s M-LOK\u00ae)"},"content":{"rendered":"<div class=\"product-description\">\n<h2>BCM\u00ae 3 palcov\u00e1 Picatinny li\u0161ta, hlin\u00edkov\u00e1 (kompatibiln\u00e1 s M-LOK\u00ae*)<\/h2>\n<p>Zv\u00fd\u0161te v\u0161estrannos\u0165 svojej zbrane s BCM\u00ae 3 palcovou Picatinny li\u0161tou. Toto pr\u00e9miov\u00e9 pr\u00edslu\u0161enstvo je vyroben\u00e9 z tvrdo eloxovanej leteckej hlin\u00edkovej zliatiny, \u010do zaru\u010duje odolnos\u0165 a dlh\u00fa \u017eivotnos\u0165 v n\u00e1ro\u010dn\u00fdch podmienkach.<\/p>\n<ul>\n<li>Vyroben\u00e9 pod\u013ea vojensk\u00fdch \u0161tandardov 1913 Picatinny Arsenal<\/li>\n<li>Dizajn odoln\u00fd vo\u010di zachyt\u00e1vaniu pre plynul\u00fa manipul\u00e1ciu<\/li>\n<li>Kompatibiln\u00e1 s M-LOK\u00ae pre jednoduch\u00fa in\u0161tal\u00e1ciu a odstr\u00e1nenie<\/li>\n<li>\u013dahk\u00e1, no z\u00e1rove\u0148 robustn\u00e1 kon\u0161trukcia<\/li>\n<li>Ide\u00e1lna na mont\u00e1\u017e r\u00f4zneho pr\u00edslu\u0161enstva vr\u00e1tane svetiel, laserov a rukov\u00e4ti<\/li>\n<\/ul>\n<p>T\u00e1to li\u0161ta kombinuje funk\u010dnos\u0165 s taktickou estetikou a umo\u017e\u0148uje v\u00e1m prisp\u00f4sobi\u0165 zbra\u0148 va\u0161im \u0161pecifick\u00fdm potreb\u00e1m. \u010ci u\u017e ste profesion\u00e1lny oper\u00e1tor alebo nad\u0161enec, BCM\u00ae 3 palcov\u00e1 Picatinny li\u0161ta je nevyhnutn\u00fdm doplnkom va\u0161ej v\u00fdbavy.<\/p>\n<\/div>\n","protected":false},"excerpt":{"rendered":"<p>BCM\u00ae 3&#8243; Picatinny li\u0161ta: Vojenskej \u0161pecifik\u00e1cie, kompatibiln\u00e1 s M-LOK, odoln\u00e1 vo\u010di zachyt\u00e1vaniu<\/p>\n","protected":false},"featured_media":37199,"template":"","meta":{"_acf_changed":false},"product_brand":[11071],"product_cat":[13345,13397,13346],"product_tag":[],"class_list":{"0":"post-37571","1":"product","2":"type-product","3":"status-publish","4":"has-post-thumbnail","6":"product_brand-bcm","7":"product_cat-listy","8":"product_cat-puska","9":"product_cat-rifle-tuning","11":"first","12":"instock","13":"taxable","14":"shipping-taxable","15":"purchasable","16":"product-type-simple"},"acf":[],"_links":{"self":[{"href":"https:\/\/staging.nbg.eu\/sk\/wp-json\/wp\/v2\/product\/37571","targetHints":{"allow":["GET"]}}],"collection":[{"href":"https:\/\/staging.nbg.eu\/sk\/wp-json\/wp\/v2\/product"}],"about":[{"href":"https:\/\/staging.nbg.eu\/sk\/wp-json\/wp\/v2\/types\/product"}],"wp:featuredmedia":[{"embeddable":true,"href":"https:\/\/staging.nbg.eu\/sk\/wp-json\/wp\/v2\/media\/37199"}],"wp:attachment":[{"href":"https:\/\/staging.nbg.eu\/sk\/wp-json\/wp\/v2\/media?parent=37571"}],"wp:term":[{"taxonomy":"product_brand","embeddable":true,"href":"https:\/\/staging.nbg.eu\/sk\/wp-json\/wp\/v2\/product_brand?post=37571"},{"taxonomy":"product_cat","embeddable":true,"href":"https:\/\/staging.nbg.eu\/sk\/wp-json\/wp\/v2\/product_cat?post=37571"},{"taxonomy":"product_tag","embeddable":true,"href":"https:\/\/staging.nbg.eu\/sk\/wp-json\/wp\/v2\/product_tag?post=37571"}],"curies":[{"name":"wp","href":"https:\/\/api.w.org\/{rel}","templated":true}]}}