{"id":37541,"date":"2024-09-02T16:37:54","date_gmt":"2024-09-02T16:37:54","guid":{"rendered":"https:\/\/staging.nbg.eu\/product\/bcm-kag-m-lok-compatible\/"},"modified":"2024-09-09T14:01:42","modified_gmt":"2024-09-09T14:01:42","slug":"bcm-kag-kompatibilne-s-m-lok","status":"publish","type":"product","link":"https:\/\/staging.nbg.eu\/sk\/produkt\/bcm-kag-kompatibilne-s-m-lok\/","title":{"rendered":"BCM\u00ae KAG &#8211; (kompatibiln\u00e9 s M-LOK\u00ae)"},"content":{"rendered":"<div class=\"product-description\">\n<h2>BCM\u00ae KAG &#8211; Kinesthetick\u00e1 uhlov\u00e1 rukov\u00e4\u0165 (kompatibiln\u00e1 s M-LOK\u00ae*)<\/h2>\n<p>Vylep\u0161ite svoj streleck\u00fd z\u00e1\u017eitok s BCM\u00ae KAG, spolupr\u00e1cou medzi BCM\u00ae a Travisom Haleyom z Haley Strategic Partners. T\u00e1to inovat\u00edvna rukov\u00e4\u0165 pon\u00faka:<\/p>\n<ul>\n<li>Biomechanicky efekt\u00edvny predn\u00fd sklon pre pozit\u00edvne uchopenie<\/li>\n<li>\u00da\u013eavu pre z\u00e1p\u00e4stie, lake\u0165 a rameno<\/li>\n<li>Text\u00farovan\u00fa predn\u00fa a zadn\u00fa \u010das\u0165 pre konzistentn\u00e9 uchopenie<\/li>\n<li>Ide\u00e1lna pre \u00fachop &#8222;C-svorkou&#8220; a podporovan\u00e9 streleck\u00e9 poz\u00edcie<\/li>\n<li>Kompaktn\u00fd dizajn pre lep\u0161iu manipul\u00e1ciu so zbra\u0148ou<\/li>\n<li>Vyroben\u00e9 v USA z vysokokvalitn\u00fdch, n\u00e1razuvzdorn\u00fdch polym\u00e9rov<\/li>\n<\/ul>\n<p>Ergonomick\u00fd dizajn KAG dop\u013a\u0148a modern\u00e9 streleck\u00e9 \u00fachopy, umo\u017e\u0148uj\u00fac plynul\u00e9 prechody a zv\u00fd\u0161en\u00fa efektivitu bez prid\u00e1vania objemu v\u00e1\u0161mu zbraniov\u00e9mu syst\u00e9mu.<\/p>\n<\/div>\n","protected":false},"excerpt":{"rendered":"<p>BCM\u00ae KAG: Ergonomick\u00e1 rukov\u00e4\u0165 M-LOK\u00ae pre lep\u0161iu kontrolu zbrane.<\/p>\n","protected":false},"featured_media":37363,"template":"","meta":{"_acf_changed":false},"product_brand":[11071],"product_cat":[13413],"product_tag":[],"class_list":{"0":"post-37541","1":"product","2":"type-product","3":"status-publish","4":"has-post-thumbnail","6":"product_brand-bcm","7":"product_cat-nezaradene","9":"first","10":"instock","11":"taxable","12":"shipping-taxable","13":"purchasable","14":"product-type-variable","15":"wvs-archive-product-wrapper"},"acf":[],"_links":{"self":[{"href":"https:\/\/staging.nbg.eu\/sk\/wp-json\/wp\/v2\/product\/37541","targetHints":{"allow":["GET"]}}],"collection":[{"href":"https:\/\/staging.nbg.eu\/sk\/wp-json\/wp\/v2\/product"}],"about":[{"href":"https:\/\/staging.nbg.eu\/sk\/wp-json\/wp\/v2\/types\/product"}],"wp:featuredmedia":[{"embeddable":true,"href":"https:\/\/staging.nbg.eu\/sk\/wp-json\/wp\/v2\/media\/37363"}],"wp:attachment":[{"href":"https:\/\/staging.nbg.eu\/sk\/wp-json\/wp\/v2\/media?parent=37541"}],"wp:term":[{"taxonomy":"product_brand","embeddable":true,"href":"https:\/\/staging.nbg.eu\/sk\/wp-json\/wp\/v2\/product_brand?post=37541"},{"taxonomy":"product_cat","embeddable":true,"href":"https:\/\/staging.nbg.eu\/sk\/wp-json\/wp\/v2\/product_cat?post=37541"},{"taxonomy":"product_tag","embeddable":true,"href":"https:\/\/staging.nbg.eu\/sk\/wp-json\/wp\/v2\/product_tag?post=37541"}],"curies":[{"name":"wp","href":"https:\/\/api.w.org\/{rel}","templated":true}]}}