{"id":37459,"date":"2024-09-02T10:45:09","date_gmt":"2024-09-09T13:25:16","guid":{"rendered":"https:\/\/staging.nbg.eu\/product\/condition-one-j-arm-45-1-70\/"},"modified":"2024-09-09T13:26:01","modified_gmt":"2024-09-09T13:26:01","slug":"condition-one-j-arm-45-170","status":"publish","type":"product","link":"https:\/\/staging.nbg.eu\/sk\/produkt\/condition-one-j-arm-45-170\/","title":{"rendered":"Condition One J-Arm 45\u00b0 1.70"},"content":{"rendered":"<div class=\"product-description\">\n<h2>Condition One J-Arm 45\u00b0 1,70<\/h2>\n<p>Vylep\u0161ite svoj modul\u00e1rny dr\u017eiak Condition One (C.O.M.M.) v\u0161estrann\u00fdm ramenom Condition One J-Arm. Toto nevyhnutn\u00e9 pr\u00edslu\u0161enstvo pon\u00faka bezkonkuren\u010dn\u00fa flexibilitu pre mont\u00e1\u017e r\u00f4znych doplnkov k va\u0161ej zostave.<\/p>\n<ul>\n<li>45\u00b0 uhol pre optim\u00e1lne umiestnenie<\/li>\n<li>D\u013a\u017eka 1,70&#8243; pre presn\u00e9 umiestnenie pr\u00edslu\u0161enstva<\/li>\n<li>Obojru\u010dn\u00fd dizajn &#8211; mont\u00e1\u017e v\u013eavo alebo vpravo<\/li>\n<li>Nastavite\u013en\u00e9 umiestnenie vpred a vzad<\/li>\n<li>Vyroben\u00e9 z odoln\u00e9ho hlin\u00edka 7075-T6<\/li>\n<li>Povrchov\u00e1 \u00faprava Type III Hard Coat Anodized<\/li>\n<li>Dostupn\u00e9 v b\u00e9\u017eovej a \u010diernej farbe<\/li>\n<\/ul>\n<p>Prisp\u00f4sobte si svoje vybavenie \u013eahko a efekt\u00edvne. Prisp\u00f4sobite\u013en\u00e1 povaha J-Arm umo\u017e\u0148uje oper\u00e1torom optimalizova\u0165 svoju zostavu pre ak\u00fako\u013evek misiu alebo preferenciu. Za\u017eite vynikaj\u00facu kvalitu a funk\u010dnos\u0165 s Condition One J-Arm 45\u00b0 1,70.<\/p>\n<\/div>\n","protected":false},"excerpt":{"rendered":"<p>Univerz\u00e1lne 45\u00b0 J-rameno pre C.O.M.M. Odoln\u00fd hlin\u00edk, nastavite\u013en\u00e9.<\/p>\n","protected":false},"featured_media":35371,"template":"","meta":{"_acf_changed":false},"product_brand":[11097],"product_cat":[13374,13373,13397,13346],"product_tag":[],"class_list":{"0":"post-37459","1":"product","2":"type-product","3":"status-publish","4":"has-post-thumbnail","6":"product_brand-badger-ordnance","7":"product_cat-cervene-bodove-mieridla","8":"product_cat-mierenie","9":"product_cat-puska","10":"product_cat-rifle-tuning","12":"first","13":"instock","14":"taxable","15":"shipping-taxable","16":"purchasable","17":"product-type-simple"},"acf":[],"_links":{"self":[{"href":"https:\/\/staging.nbg.eu\/sk\/wp-json\/wp\/v2\/product\/37459","targetHints":{"allow":["GET"]}}],"collection":[{"href":"https:\/\/staging.nbg.eu\/sk\/wp-json\/wp\/v2\/product"}],"about":[{"href":"https:\/\/staging.nbg.eu\/sk\/wp-json\/wp\/v2\/types\/product"}],"wp:featuredmedia":[{"embeddable":true,"href":"https:\/\/staging.nbg.eu\/sk\/wp-json\/wp\/v2\/media\/35371"}],"wp:attachment":[{"href":"https:\/\/staging.nbg.eu\/sk\/wp-json\/wp\/v2\/media?parent=37459"}],"wp:term":[{"taxonomy":"product_brand","embeddable":true,"href":"https:\/\/staging.nbg.eu\/sk\/wp-json\/wp\/v2\/product_brand?post=37459"},{"taxonomy":"product_cat","embeddable":true,"href":"https:\/\/staging.nbg.eu\/sk\/wp-json\/wp\/v2\/product_cat?post=37459"},{"taxonomy":"product_tag","embeddable":true,"href":"https:\/\/staging.nbg.eu\/sk\/wp-json\/wp\/v2\/product_tag?post=37459"}],"curies":[{"name":"wp","href":"https:\/\/api.w.org\/{rel}","templated":true}]}}