{"id":36409,"date":"2024-07-29T19:14:09","date_gmt":"2024-09-02T14:17:20","guid":{"rendered":"https:\/\/staging.nbg.eu\/product\/ten-speed-cummerbund-flap-triple-m4\/"},"modified":"2025-02-16T16:01:18","modified_gmt":"2025-02-16T16:01:18","slug":"ten-speed-paska-na-vystroj-triple-m4","status":"publish","type":"product","link":"https:\/\/staging.nbg.eu\/sk\/produkt\/ten-speed-paska-na-vystroj-triple-m4\/","title":{"rendered":"Ten-Speed\u00ae p\u00e1ska na v\u00fdstroj &#8211; Triple M4"},"content":{"rendered":"<div class=\"product-description\">\n<h2>Ten-Speed\u00ae Stohovate\u013en\u00fd trojit\u00fd z\u00e1sobn\u00edkov\u00fd panel pre Crye Precision\u00ae AVS \/ JPC \/ AirLite od BlueForceGear<\/h2>\n<p>Ten-Speed\u00ae Stohovate\u013en\u00fd trojit\u00fd z\u00e1sobn\u00edkov\u00fd panel je ur\u010den\u00fd pre platformy Crye Precision\u00ae AVS, JPC a AirLite. Tento panel m\u00e1 nasleduj\u00face vlastnosti:<\/p>\n<ul>\n<li>\u013dahk\u00e1 a odoln\u00e1 kon\u0161trukcia<\/li>\n<li>Dr\u017e\u00ed bezpe\u010dne tri pu\u0161kov\u00e9 z\u00e1sobn\u00edky<\/li>\n<li>Ten-Speed\u00ae elastick\u00fd materi\u00e1l pre r\u00fdchly pr\u00edstup a uchytenie<\/li>\n<li>Stohovate\u013en\u00fd dizajn pre prisp\u00f4sobite\u013en\u00e9 usporiadanie<\/li>\n<li>Kompatibiln\u00fd s MOLLE\/PALS syst\u00e9mom<\/li>\n<li>Vyroben\u00e9 v USA<\/li>\n<\/ul>\n<p>Z\u00e1sobn\u00edkov\u00fd panel BlueForceGear pre zlep\u0161enie efektivity a prisp\u00f4sobivosti v ter\u00e9ne.<\/p>\n<\/div>\n","protected":false},"excerpt":{"rendered":"<p>V\u0161estrann\u00fd trojit\u00fd z\u00e1sobn\u00edkov\u00fd panel pre v\u00fdstroj Crye Precision\u00ae. R\u00fdchly pr\u00edstup, stohovate\u013en\u00fd dizajn.<\/p>\n","protected":false},"featured_media":0,"template":"","meta":{"_acf_changed":false},"product_brand":[11144],"product_cat":[13340,13355,13364],"product_tag":[],"class_list":{"0":"post-36409","1":"product","2":"type-product","3":"status-publish","5":"product_brand-blue-force-gear","6":"product_cat-drziaky-na-zasobniky","7":"product_cat-vrecka","8":"product_cat-vystroj","10":"first","11":"instock","12":"taxable","13":"shipping-taxable","14":"purchasable","15":"product-type-variable","16":"wvs-archive-product-wrapper"},"acf":[],"_links":{"self":[{"href":"https:\/\/staging.nbg.eu\/sk\/wp-json\/wp\/v2\/product\/36409","targetHints":{"allow":["GET"]}}],"collection":[{"href":"https:\/\/staging.nbg.eu\/sk\/wp-json\/wp\/v2\/product"}],"about":[{"href":"https:\/\/staging.nbg.eu\/sk\/wp-json\/wp\/v2\/types\/product"}],"wp:attachment":[{"href":"https:\/\/staging.nbg.eu\/sk\/wp-json\/wp\/v2\/media?parent=36409"}],"wp:term":[{"taxonomy":"product_brand","embeddable":true,"href":"https:\/\/staging.nbg.eu\/sk\/wp-json\/wp\/v2\/product_brand?post=36409"},{"taxonomy":"product_cat","embeddable":true,"href":"https:\/\/staging.nbg.eu\/sk\/wp-json\/wp\/v2\/product_cat?post=36409"},{"taxonomy":"product_tag","embeddable":true,"href":"https:\/\/staging.nbg.eu\/sk\/wp-json\/wp\/v2\/product_tag?post=36409"}],"curies":[{"name":"wp","href":"https:\/\/api.w.org\/{rel}","templated":true}]}}