{"id":36146,"date":"2024-04-18T05:40:44","date_gmt":"2024-09-02T13:40:03","guid":{"rendered":"https:\/\/staging.nbg.eu\/product\/blue-force-gear-vickers-sling-1-25\/"},"modified":"2024-09-13T09:17:57","modified_gmt":"2024-09-13T09:17:57","slug":"blue-force-gear-vickers-popruh-125","status":"publish","type":"product","link":"https:\/\/staging.nbg.eu\/sk\/produkt\/blue-force-gear-vickers-popruh-125\/","title":{"rendered":"Blue Force Gear Vickers popruh, 1.25&#8243;"},"content":{"rendered":"<div class=\"product-description\">\n<h2>Blue Force Gear Vickers popruh, 1.25&#8243;<\/h2>\n<p>Vickers Combat Applications Sling\u2122 je taktick\u00fd popruh vyvinut\u00fd v spolupr\u00e1ci s Larrym Vickersom, b\u00fdval\u00fdm \u010dlenom 1st SFOD-Delta a autorom Vickers Guide. Tento patentovan\u00fd popruh pon\u00faka v\u0161estrannos\u0165 a pohodlie.<\/p>\n<ul>\n<li>R\u00fdchlo nastavite\u013en\u00fd dizajn pre r\u00fdchle prechody<\/li>\n<li>\u0160\u00edrka 1.25&#8243; pre optim\u00e1lne rozlo\u017eenie hmotnosti<\/li>\n<li>Pou\u017e\u00edvan\u00fd americk\u00fdmi vojensk\u00fdmi silami<\/li>\n<li>Odoln\u00e1 kon\u0161trukcia pre dlhodob\u00fa v\u00fdkonnos\u0165<\/li>\n<\/ul>\n<p>Tento popruh zlep\u0161uje manipul\u00e1ciu s pu\u0161kou a mobilitu. Je vhodn\u00fd pre profesion\u00e1lnych oper\u00e1torov aj pre nad\u0161encov.<\/p>\n<\/div>\n","protected":false},"excerpt":{"rendered":"<p>Taktick\u00fd popruh od Larryho Vickersa. R\u00fdchlo nastavite\u013en\u00fd, vojenskej kvality.<\/p>\n","protected":false},"featured_media":36147,"template":"","meta":{"_acf_changed":false},"product_brand":[11144],"product_cat":[13360,13364],"product_tag":[],"class_list":{"0":"post-36146","1":"product","2":"type-product","3":"status-publish","4":"has-post-thumbnail","6":"product_brand-blue-force-gear","7":"product_cat-remene","8":"product_cat-vystroj","10":"first","11":"instock","12":"taxable","13":"shipping-taxable","14":"purchasable","15":"product-type-variable","16":"wvs-archive-product-wrapper"},"acf":[],"_links":{"self":[{"href":"https:\/\/staging.nbg.eu\/sk\/wp-json\/wp\/v2\/product\/36146","targetHints":{"allow":["GET"]}}],"collection":[{"href":"https:\/\/staging.nbg.eu\/sk\/wp-json\/wp\/v2\/product"}],"about":[{"href":"https:\/\/staging.nbg.eu\/sk\/wp-json\/wp\/v2\/types\/product"}],"wp:featuredmedia":[{"embeddable":true,"href":"https:\/\/staging.nbg.eu\/sk\/wp-json\/wp\/v2\/media\/36147"}],"wp:attachment":[{"href":"https:\/\/staging.nbg.eu\/sk\/wp-json\/wp\/v2\/media?parent=36146"}],"wp:term":[{"taxonomy":"product_brand","embeddable":true,"href":"https:\/\/staging.nbg.eu\/sk\/wp-json\/wp\/v2\/product_brand?post=36146"},{"taxonomy":"product_cat","embeddable":true,"href":"https:\/\/staging.nbg.eu\/sk\/wp-json\/wp\/v2\/product_cat?post=36146"},{"taxonomy":"product_tag","embeddable":true,"href":"https:\/\/staging.nbg.eu\/sk\/wp-json\/wp\/v2\/product_tag?post=36146"}],"curies":[{"name":"wp","href":"https:\/\/api.w.org\/{rel}","templated":true}]}}