{"id":34894,"date":"2024-07-30T19:21:28","date_gmt":"2024-08-27T14:43:52","guid":{"rendered":"https:\/\/staging.nbg.eu\/product\/leg-strap-for-holster-adapter\/"},"modified":"2024-08-27T14:44:50","modified_gmt":"2024-08-27T14:44:50","slug":"stehenny-pas-pre-adapter-na-puzdro","status":"publish","type":"product","link":"https:\/\/staging.nbg.eu\/sk\/produkt\/stehenny-pas-pre-adapter-na-puzdro\/","title":{"rendered":"Stehenn\u00fd p\u00e1s pre adapt\u00e9r na puzdro"},"content":{"rendered":"<div class=\"product-description\">\n<h2>BlueForceGear Stehenn\u00fd popruh pre adapt\u00e9r puzdra<\/h2>\n<p>Vylep\u0161ite stabilitu a pohodlie v\u00e1\u0161ho puzdra pomocou stehenn\u00e9ho popruhu BlueForceGear pre adapt\u00e9r puzdra. Tento odoln\u00fd, nastavite\u013en\u00fd popruh je navrhnut\u00fd tak, aby zabezpe\u010dil va\u0161e puzdro k stehnu, \u010do poskytuje spo\u013eahliv\u00e9 a konzistentn\u00e9 vytiahnutie zbrane.<\/p>\n<ul>\n<h3>Vlastnosti:<\/h3>\n<li>Kompatibiln\u00fd s v\u00e4\u010d\u0161inou adapt\u00e9rov puzdier<\/li>\n<li>Nastavite\u013en\u00fd pre dokonal\u00e9 prisp\u00f4sobenie<\/li>\n<li>Vyroben\u00fd z vysokokvalitn\u00fdch, priedu\u0161n\u00fdch materi\u00e1lov<\/li>\n<li>Proti\u0161mykov\u00fd dizajn pre maxim\u00e1lnu stabilitu<\/li>\n<li>R\u00fdchloup\u00ednacia pracka pre jednoduch\u00e9 nasadenie\/zlo\u017eenie<\/li>\n<\/ul>\n<p>Ide\u00e1lny pre pr\u00edslu\u0161n\u00edkov bezpe\u010dnostn\u00fdch zlo\u017eiek, arm\u00e1du a civiln\u00e9 pou\u017eitie, tento stehenn\u00fd popruh zabezpe\u010duje, \u017ee va\u0161e puzdro zostane na mieste po\u010das intenz\u00edvnych aktiv\u00edt.<\/p>\n<\/div>\n","protected":false},"excerpt":{"rendered":"<p>Bezpe\u010dn\u00fd popruh na nohu zvy\u0161uje stabilitu puzdra pre plynul\u00e9 tasenie.<\/p>\n","protected":false},"featured_media":34895,"template":"","meta":{"_acf_changed":false},"product_brand":[11144],"product_cat":[13384,13351,13364],"product_tag":[],"class_list":{"0":"post-34894","1":"product","2":"type-product","3":"status-publish","4":"has-post-thumbnail","6":"product_brand-blue-force-gear","7":"product_cat-prislusenstvo-k-puzdram","8":"product_cat-puzdro","9":"product_cat-vystroj","11":"first","12":"instock","13":"taxable","14":"shipping-taxable","15":"purchasable","16":"product-type-variable","17":"wvs-archive-product-wrapper"},"acf":[],"_links":{"self":[{"href":"https:\/\/staging.nbg.eu\/sk\/wp-json\/wp\/v2\/product\/34894","targetHints":{"allow":["GET"]}}],"collection":[{"href":"https:\/\/staging.nbg.eu\/sk\/wp-json\/wp\/v2\/product"}],"about":[{"href":"https:\/\/staging.nbg.eu\/sk\/wp-json\/wp\/v2\/types\/product"}],"wp:featuredmedia":[{"embeddable":true,"href":"https:\/\/staging.nbg.eu\/sk\/wp-json\/wp\/v2\/media\/34895"}],"wp:attachment":[{"href":"https:\/\/staging.nbg.eu\/sk\/wp-json\/wp\/v2\/media?parent=34894"}],"wp:term":[{"taxonomy":"product_brand","embeddable":true,"href":"https:\/\/staging.nbg.eu\/sk\/wp-json\/wp\/v2\/product_brand?post=34894"},{"taxonomy":"product_cat","embeddable":true,"href":"https:\/\/staging.nbg.eu\/sk\/wp-json\/wp\/v2\/product_cat?post=34894"},{"taxonomy":"product_tag","embeddable":true,"href":"https:\/\/staging.nbg.eu\/sk\/wp-json\/wp\/v2\/product_tag?post=34894"}],"curies":[{"name":"wp","href":"https:\/\/api.w.org\/{rel}","templated":true}]}}