{"id":34728,"date":"2024-07-30T19:26:43","date_gmt":"2024-08-27T14:30:18","guid":{"rendered":"https:\/\/staging.nbg.eu\/product\/mag-now-triple-m4-pouch\/"},"modified":"2024-08-27T14:31:18","modified_gmt":"2024-08-27T14:31:18","slug":"mag-now-trojite-puzdro-m4","status":"publish","type":"product","link":"https:\/\/staging.nbg.eu\/sk\/produkt\/mag-now-trojite-puzdro-m4\/","title":{"rendered":"MAG NOW! trojit\u00e9 puzdro M4"},"content":{"rendered":"<p><strong>MAG NOW! TRIPLE M4 POUCH<\/strong> od spolo\u010dnosti BlueForceGear je vysoko v\u00fdkonn\u00fd nosi\u010d z\u00e1sobn\u00edkov navrhnut\u00fd pre taktick\u00fdch profesion\u00e1lov a nad\u0161encov. Medzi jeho vlastnosti patr\u00ed:<\/p>\n<ul>\n<li>Bezpe\u010dne dr\u017e\u00ed tri 30-n\u00e1bojov\u00e9 z\u00e1sobn\u00edky M4\/AR-15<\/li>\n<li>Odoln\u00e1 kon\u0161trukcia z 500D Cordura nylonu<\/li>\n<li>Syst\u00e9m upevnenia Helium Whisper pre \u013eahk\u00fa kompatibilitu s MOLLE<\/li>\n<li>R\u00fdchlo pr\u00edstupn\u00e9 elastick\u00e9 up\u00ednacie popruhy<\/li>\n<li>N\u00edzky profil pre zmen\u0161enie objemu<\/li>\n<li>Dostupn\u00fd vo viacer\u00fdch farb\u00e1ch, aby sa zladil s va\u0161ou v\u00fdstrojou<\/li>\n<\/ul>\n<p>Vylep\u0161ite svoju v\u00fdbavu t\u00fdmto v\u0161estrann\u00fdm, spo\u013eahliv\u00fdm puzdrom, ktor\u00e9 zabezpe\u010duje r\u00fdchlu v\u00fdmenu z\u00e1sobn\u00edkov, ke\u010f z\u00e1le\u017e\u00ed na ka\u017edej sekunde.<\/p>\n","protected":false},"excerpt":{"rendered":"<p>Bezpe\u010dn\u00e9 puzdro na tri z\u00e1sobn\u00edky M4. R\u00fdchly pr\u00edstup. Odoln\u00fd dizajn.<\/p>\n","protected":false},"featured_media":34729,"template":"","meta":{"_acf_changed":false},"product_brand":[11144],"product_cat":[13340,13355,13364],"product_tag":[],"class_list":{"0":"post-34728","1":"product","2":"type-product","3":"status-publish","4":"has-post-thumbnail","6":"product_brand-blue-force-gear","7":"product_cat-drziaky-na-zasobniky","8":"product_cat-vrecka","9":"product_cat-vystroj","11":"first","12":"instock","13":"taxable","14":"shipping-taxable","15":"purchasable","16":"product-type-variable","17":"wvs-archive-product-wrapper"},"acf":[],"_links":{"self":[{"href":"https:\/\/staging.nbg.eu\/sk\/wp-json\/wp\/v2\/product\/34728","targetHints":{"allow":["GET"]}}],"collection":[{"href":"https:\/\/staging.nbg.eu\/sk\/wp-json\/wp\/v2\/product"}],"about":[{"href":"https:\/\/staging.nbg.eu\/sk\/wp-json\/wp\/v2\/types\/product"}],"wp:featuredmedia":[{"embeddable":true,"href":"https:\/\/staging.nbg.eu\/sk\/wp-json\/wp\/v2\/media\/34729"}],"wp:attachment":[{"href":"https:\/\/staging.nbg.eu\/sk\/wp-json\/wp\/v2\/media?parent=34728"}],"wp:term":[{"taxonomy":"product_brand","embeddable":true,"href":"https:\/\/staging.nbg.eu\/sk\/wp-json\/wp\/v2\/product_brand?post=34728"},{"taxonomy":"product_cat","embeddable":true,"href":"https:\/\/staging.nbg.eu\/sk\/wp-json\/wp\/v2\/product_cat?post=34728"},{"taxonomy":"product_tag","embeddable":true,"href":"https:\/\/staging.nbg.eu\/sk\/wp-json\/wp\/v2\/product_tag?post=34728"}],"curies":[{"name":"wp","href":"https:\/\/api.w.org\/{rel}","templated":true}]}}