{"id":34312,"date":"2024-07-30T19:31:05","date_gmt":"2024-08-27T14:09:15","guid":{"rendered":"https:\/\/staging.nbg.eu\/product\/boo-boo-pouch\/"},"modified":"2024-08-27T14:10:39","modified_gmt":"2024-08-27T14:10:39","slug":"zdravotnicke-puzdro","status":"publish","type":"product","link":"https:\/\/staging.nbg.eu\/sk\/produkt\/zdravotnicke-puzdro\/","title":{"rendered":"Zdravotn\u00edcke puzdro"},"content":{"rendered":"<p>Boo Boo Pouch od Blue Force Gear je kompaktn\u00e1, v\u0161estrann\u00e1 lek\u00e1rni\u010dka navrhnut\u00e1 na ka\u017edodenn\u00e9 nosenie. Toto \u013eahk\u00e9 puzdro sa \u013eahko pripevn\u00ed k va\u0161ej v\u00fdstroji pomocou MOLLE\/PALS syst\u00e9mu alebo opaskov\u00fdch p\u00fatok. Vyroben\u00e9 z odoln\u00e9ho 500D Cordura nylonu, je stvoren\u00e9 na to, aby odolalo drsn\u00fdm podmienkam.<\/p>\n<ul>\n<li>Rozmery: 10,16 cm x 10,16 cm x 5,08 cm<\/li>\n<li>Viacero mo\u017enost\u00ed upevnenia<\/li>\n<li>Vn\u00fatorn\u00e9 elastick\u00e9 p\u00fatka na organiz\u00e1ciu<\/li>\n<li>Dostupn\u00e9 v r\u00f4znych farb\u00e1ch<\/li>\n<li>Ide\u00e1lne na ulo\u017eenie z\u00e1kladn\u00fdch potrieb prvej pomoci<\/li>\n<\/ul>\n<p>\u010ci u\u017e idete na turistiku, kempovanie alebo ste v slu\u017ebe, Boo Boo Pouch zabezpe\u010d\u00ed, \u017ee budete pripraven\u00ed na men\u0161ie zranenia a n\u00fadzov\u00e9 situ\u00e1cie. Kompaktn\u00e9, no priestrann\u00e9, je nevyhnutn\u00fdm doplnkom va\u0161ej ka\u017edodennej v\u00fdbavy.<\/p>\n","protected":false},"excerpt":{"rendered":"<p>Kompaktn\u00e9 zdravotn\u00edcke puzdro na z\u00e1kladn\u00e9 vybavenie prvej pomoci na cesty.<\/p>\n","protected":false},"featured_media":34318,"template":"","meta":{"_acf_changed":false},"product_brand":[11144],"product_cat":[13355,13364],"product_tag":[],"class_list":{"0":"post-34312","1":"product","2":"type-product","3":"status-publish","4":"has-post-thumbnail","6":"product_brand-blue-force-gear","7":"product_cat-vrecka","8":"product_cat-vystroj","10":"first","11":"instock","12":"taxable","13":"shipping-taxable","14":"purchasable","15":"product-type-variable","16":"wvs-archive-product-wrapper"},"acf":[],"_links":{"self":[{"href":"https:\/\/staging.nbg.eu\/sk\/wp-json\/wp\/v2\/product\/34312","targetHints":{"allow":["GET"]}}],"collection":[{"href":"https:\/\/staging.nbg.eu\/sk\/wp-json\/wp\/v2\/product"}],"about":[{"href":"https:\/\/staging.nbg.eu\/sk\/wp-json\/wp\/v2\/types\/product"}],"wp:featuredmedia":[{"embeddable":true,"href":"https:\/\/staging.nbg.eu\/sk\/wp-json\/wp\/v2\/media\/34318"}],"wp:attachment":[{"href":"https:\/\/staging.nbg.eu\/sk\/wp-json\/wp\/v2\/media?parent=34312"}],"wp:term":[{"taxonomy":"product_brand","embeddable":true,"href":"https:\/\/staging.nbg.eu\/sk\/wp-json\/wp\/v2\/product_brand?post=34312"},{"taxonomy":"product_cat","embeddable":true,"href":"https:\/\/staging.nbg.eu\/sk\/wp-json\/wp\/v2\/product_cat?post=34312"},{"taxonomy":"product_tag","embeddable":true,"href":"https:\/\/staging.nbg.eu\/sk\/wp-json\/wp\/v2\/product_tag?post=34312"}],"curies":[{"name":"wp","href":"https:\/\/api.w.org\/{rel}","templated":true}]}}