{"id":33770,"date":"2024-07-30T19:33:04","date_gmt":"2024-08-27T13:14:36","guid":{"rendered":"https:\/\/staging.nbg.eu\/product\/mag-now-single-pistol-pouch-bullets-flat\/"},"modified":"2024-08-27T13:15:48","modified_gmt":"2024-08-27T13:15:48","slug":"mag-now-jednoduche-puzdro-na-pistolovy-zasobnik-naboje-naplocho","status":"publish","type":"product","link":"https:\/\/staging.nbg.eu\/sk\/produkt\/mag-now-jednoduche-puzdro-na-pistolovy-zasobnik-naboje-naplocho\/","title":{"rendered":"MAG NOW! jednoduch\u00e9 puzdro na pi\u0161tolov\u00fd z\u00e1sobn\u00edk (n\u00e1boje naplocho)"},"content":{"rendered":"<p>\n<strong>MAG NOW! SINGLE PISTOL POUCH (BULLETS FLAT)<\/strong> od Blue Force Gear je v\u0161estrann\u00e9 a odoln\u00e9 rie\u0161enie na nosenie z\u00e1sobn\u00edka va\u0161ej pi\u0161tole. Vlastnosti:<\/p>\n<ul>\n<li>N\u00edzkoprofilov\u00fd dizajn pre diskr\u00e9tne nosenie<\/li>\n<li>Bezpe\u010dn\u00e9 uchytenie s mo\u017enos\u0165ou r\u00fdchleho uvo\u013enenia<\/li>\n<li>Kompatibiln\u00e9 s v\u00e4\u010d\u0161inou dvojradov\u00fdch pi\u0161to\u013eov\u00fdch z\u00e1sobn\u00edkov<\/li>\n<li>\u013dahk\u00e1 kon\u0161trukcia z materi\u00e1lu ULTRAcomp<\/li>\n<li>Kompatibiln\u00e9 s MOLLE\/PALS syst\u00e9mom<\/li>\n<li>Dostupn\u00e9 vo viacer\u00fdch farb\u00e1ch<\/li>\n<\/ul>\n<p>Ide\u00e1lne pre vojensk\u00e9, policajn\u00e9 a civiln\u00e9 pou\u017eitie, t\u00e1to sumka pon\u00faka r\u00fdchly pr\u00edstup a spo\u013eahliv\u00fd v\u00fdkon v ka\u017edej situ\u00e1cii. Vylep\u0161ite svoje vybavenie inovat\u00edvnym dizajnom od Blue Force Gear.<\/p>\n","protected":false},"excerpt":{"rendered":"<p>\u0160t\u00edhle, bezpe\u010dn\u00e9 puzdro na pi\u0161to\u013eov\u00fd z\u00e1sobn\u00edk. Ploch\u00e9 n\u00e1boje. Dizajn pre r\u00fdchly pr\u00edstup.<\/p>\n","protected":false},"featured_media":33771,"template":"","meta":{"_acf_changed":false},"product_brand":[11144],"product_cat":[13355,13364],"product_tag":[],"class_list":{"0":"post-33770","1":"product","2":"type-product","3":"status-publish","4":"has-post-thumbnail","6":"product_brand-blue-force-gear","7":"product_cat-vrecka","8":"product_cat-vystroj","10":"first","11":"instock","12":"taxable","13":"shipping-taxable","14":"purchasable","15":"product-type-variable","16":"wvs-archive-product-wrapper"},"acf":[],"_links":{"self":[{"href":"https:\/\/staging.nbg.eu\/sk\/wp-json\/wp\/v2\/product\/33770","targetHints":{"allow":["GET"]}}],"collection":[{"href":"https:\/\/staging.nbg.eu\/sk\/wp-json\/wp\/v2\/product"}],"about":[{"href":"https:\/\/staging.nbg.eu\/sk\/wp-json\/wp\/v2\/types\/product"}],"wp:featuredmedia":[{"embeddable":true,"href":"https:\/\/staging.nbg.eu\/sk\/wp-json\/wp\/v2\/media\/33771"}],"wp:attachment":[{"href":"https:\/\/staging.nbg.eu\/sk\/wp-json\/wp\/v2\/media?parent=33770"}],"wp:term":[{"taxonomy":"product_brand","embeddable":true,"href":"https:\/\/staging.nbg.eu\/sk\/wp-json\/wp\/v2\/product_brand?post=33770"},{"taxonomy":"product_cat","embeddable":true,"href":"https:\/\/staging.nbg.eu\/sk\/wp-json\/wp\/v2\/product_cat?post=33770"},{"taxonomy":"product_tag","embeddable":true,"href":"https:\/\/staging.nbg.eu\/sk\/wp-json\/wp\/v2\/product_tag?post=33770"}],"curies":[{"name":"wp","href":"https:\/\/api.w.org\/{rel}","templated":true}]}}