{"id":33356,"date":"2024-01-30T18:06:01","date_gmt":"2024-08-27T12:55:43","guid":{"rendered":"https:\/\/staging.nbg.eu\/product\/plate6-molleminus-plate-carrier\/"},"modified":"2024-08-27T12:57:00","modified_gmt":"2024-08-27T12:57:00","slug":"plate6-molleminus-nosic-platov","status":"publish","type":"product","link":"https:\/\/staging.nbg.eu\/sk\/produkt\/plate6-molleminus-nosic-platov\/","title":{"rendered":"PLATE6\u00ae MOLLEminus nosi\u010d pl\u00e1tov"},"content":{"rendered":"<p>\nNosi\u010d platn\u00ed PLATE6\u00ae MOLLEminus od spolo\u010dnosti BlueForceGear je \u013eahk\u00e9, n\u00edzkoprofilov\u00e9 rie\u0161enie pre taktick\u00fdch oper\u00e1torov. Vyzna\u010duje sa:<\/p>\n<ul>\n<li>Propriet\u00e1rnou kon\u0161trukciou z lamin\u00e1tu ULTRAcomp\u00ae<\/li>\n<li>Inovat\u00edvnym upev\u0148ovac\u00edm syst\u00e9mom MOLLEminus<\/li>\n<li>Nastavite\u013en\u00fdmi ramenn\u00fdmi popruhmi a bru\u0161n\u00fdm p\u00e1som<\/li>\n<li>Kompatibilitou s plat\u0148ami SAPI\/ESAPI do ve\u013ekosti 10&#215;12 palcov<\/li>\n<li>Syst\u00e9mom r\u00fdchleho uvo\u013enenia pre r\u00fdchle zvle\u010denie<\/li>\n<li>Laserom vyrez\u00e1van\u00fdmi ventila\u010dn\u00fdmi otvormi pre lep\u0161iu priedu\u0161nos\u0165<\/li>\n<li>Dostupnos\u0165ou vo viacer\u00fdch farb\u00e1ch<\/li>\n<\/ul>\n<p>PLATE6\u00ae, navrhnut\u00fd pre maxim\u00e1lnu pohyblivos\u0165 a minim\u00e1lnu hmotnos\u0165, pon\u00faka vynikaj\u00facu ochranu bez kompromisov v oblasti agility. Je ide\u00e1lny pre vojensk\u00fdch profesion\u00e1lov, pr\u00edslu\u0161n\u00edkov bezpe\u010dnostn\u00fdch zlo\u017eiek a pracovn\u00edkov v oblasti bezpe\u010dnosti, ktor\u00ed vy\u017eaduj\u00fa to najlep\u0161ie v taktickej v\u00fdstroji.<\/p>\n","protected":false},"excerpt":{"rendered":"<p>Ultra\u013eahk\u00fd, n\u00edzko-profilov\u00fd nosi\u010d platn\u00ed. Prisp\u00f4sobiv\u00fd, pohodln\u00fd, odoln\u00fd.<\/p>\n","protected":false},"featured_media":33360,"template":"","meta":{"_acf_changed":false},"product_brand":[11144],"product_cat":[13379,13364],"product_tag":[],"class_list":{"0":"post-33356","1":"product","2":"type-product","3":"status-publish","4":"has-post-thumbnail","6":"product_brand-blue-force-gear","7":"product_cat-nosne-vesty-na-platove-panciere","8":"product_cat-vystroj","10":"first","11":"instock","12":"taxable","13":"shipping-taxable","14":"purchasable","15":"product-type-variable","16":"wvs-archive-product-wrapper"},"acf":[],"_links":{"self":[{"href":"https:\/\/staging.nbg.eu\/sk\/wp-json\/wp\/v2\/product\/33356","targetHints":{"allow":["GET"]}}],"collection":[{"href":"https:\/\/staging.nbg.eu\/sk\/wp-json\/wp\/v2\/product"}],"about":[{"href":"https:\/\/staging.nbg.eu\/sk\/wp-json\/wp\/v2\/types\/product"}],"wp:featuredmedia":[{"embeddable":true,"href":"https:\/\/staging.nbg.eu\/sk\/wp-json\/wp\/v2\/media\/33360"}],"wp:attachment":[{"href":"https:\/\/staging.nbg.eu\/sk\/wp-json\/wp\/v2\/media?parent=33356"}],"wp:term":[{"taxonomy":"product_brand","embeddable":true,"href":"https:\/\/staging.nbg.eu\/sk\/wp-json\/wp\/v2\/product_brand?post=33356"},{"taxonomy":"product_cat","embeddable":true,"href":"https:\/\/staging.nbg.eu\/sk\/wp-json\/wp\/v2\/product_cat?post=33356"},{"taxonomy":"product_tag","embeddable":true,"href":"https:\/\/staging.nbg.eu\/sk\/wp-json\/wp\/v2\/product_tag?post=33356"}],"curies":[{"name":"wp","href":"https:\/\/api.w.org\/{rel}","templated":true}]}}