{"id":32896,"date":"2024-07-30T19:40:48","date_gmt":"2024-08-27T12:39:49","guid":{"rendered":"https:\/\/staging.nbg.eu\/product\/ten-speed-sf-chest-rig-sr25-ar-10\/"},"modified":"2024-08-27T12:43:38","modified_gmt":"2024-08-27T12:43:38","slug":"ten-speed-sf-hrudny-nosic-sr25-ar-10","status":"publish","type":"product","link":"https:\/\/staging.nbg.eu\/sk\/produkt\/ten-speed-sf-hrudny-nosic-sr25-ar-10\/","title":{"rendered":"Ten-Speed\u00ae SF hrudn\u00fd nosi\u010d SR25 (AR-10)"},"content":{"rendered":"<div class=\"product-description\">\n<h2>Ten-Speed\u00ae SF hrudn\u00fd nosi\u010d SR25 (AR-10) od BlueForceGear<\/h2>\n<p>Navrhnut\u00fd pre maxim\u00e1lnu v\u0161estrannos\u0165 a pohodlie, tento \u013eahk\u00fd hrudn\u00fd nosi\u010d je ide\u00e1lny pre z\u00e1sobn\u00edky SR25 a AR-10. Medzi jeho vlastnosti patria:<\/p>\n<ul>\n<li>Tri viac\u00fa\u010delov\u00e9 vreck\u00e1 Ten-Speed\u00ae na z\u00e1sobn\u00edky alebo pr\u00edslu\u0161enstvo<\/li>\n<li>Nastavite\u013en\u00e9 ramenn\u00e9 popruhy a p\u00e1s pre bezpe\u010dn\u00e9 upevnenie<\/li>\n<li>Vyroben\u00fd z odolnej tkaniny ULTRAcomp\u00ae<\/li>\n<li>Kompatibiln\u00fd s r\u00f4znymi doplnkami BlueForceGear<\/li>\n<li>Dostupn\u00fd v r\u00f4znych farb\u00e1ch<\/li>\n<\/ul>\n<p>Ide\u00e1lny pre vojakov, pr\u00edslu\u0161n\u00edkov bezpe\u010dnostn\u00fdch zlo\u017eiek a s\u00fa\u0165a\u017en\u00fdch strelcov, ktor\u00ed h\u013eadaj\u00fa n\u00edzkoprofilov\u00e9, vysoko v\u00fdkonn\u00e9 rie\u0161enie hrudn\u00e9ho nosi\u010da.<\/p>\n<\/div>\n","protected":false},"excerpt":{"rendered":"<p>\u013dahk\u00e1 taktick\u00e1 vesta na z\u00e1sobn\u00edky AR-10\/SR25. R\u00fdchly pr\u00edstup, modul\u00e1rny dizajn.<\/p>\n","protected":false},"featured_media":32900,"template":"","meta":{"_acf_changed":false},"product_brand":[11144],"product_cat":[13406,13364],"product_tag":[],"class_list":{"0":"post-32896","1":"product","2":"type-product","3":"status-publish","4":"has-post-thumbnail","6":"product_brand-blue-force-gear","7":"product_cat-hrudne-nosice","8":"product_cat-vystroj","10":"first","11":"instock","12":"taxable","13":"shipping-taxable","14":"purchasable","15":"product-type-variable","16":"wvs-archive-product-wrapper"},"acf":[],"_links":{"self":[{"href":"https:\/\/staging.nbg.eu\/sk\/wp-json\/wp\/v2\/product\/32896","targetHints":{"allow":["GET"]}}],"collection":[{"href":"https:\/\/staging.nbg.eu\/sk\/wp-json\/wp\/v2\/product"}],"about":[{"href":"https:\/\/staging.nbg.eu\/sk\/wp-json\/wp\/v2\/types\/product"}],"wp:featuredmedia":[{"embeddable":true,"href":"https:\/\/staging.nbg.eu\/sk\/wp-json\/wp\/v2\/media\/32900"}],"wp:attachment":[{"href":"https:\/\/staging.nbg.eu\/sk\/wp-json\/wp\/v2\/media?parent=32896"}],"wp:term":[{"taxonomy":"product_brand","embeddable":true,"href":"https:\/\/staging.nbg.eu\/sk\/wp-json\/wp\/v2\/product_brand?post=32896"},{"taxonomy":"product_cat","embeddable":true,"href":"https:\/\/staging.nbg.eu\/sk\/wp-json\/wp\/v2\/product_cat?post=32896"},{"taxonomy":"product_tag","embeddable":true,"href":"https:\/\/staging.nbg.eu\/sk\/wp-json\/wp\/v2\/product_tag?post=32896"}],"curies":[{"name":"wp","href":"https:\/\/api.w.org\/{rel}","templated":true}]}}