{"id":31640,"date":"2024-08-18T19:30:03","date_gmt":"2024-08-24T13:47:02","guid":{"rendered":"https:\/\/staging.nbg.eu\/product\/daa-22x22mm-target-patches\/"},"modified":"2024-09-10T07:36:19","modified_gmt":"2024-09-10T07:36:19","slug":"daa-22x22mm-tercove-nalepky","status":"publish","type":"product","link":"https:\/\/staging.nbg.eu\/sk\/produkt\/daa-22x22mm-tercove-nalepky\/","title":{"rendered":"Daa 22X22Mm ter\u010dov\u00e9 n\u00e1lepky"},"content":{"rendered":"<div class=\"product-description\">\n<h2>Z\u00e1platky na ter\u010de DAA 22x22mm<\/h2>\n<p>Vylep\u0161ite svoj streleck\u00fd z\u00e1\u017eitok s na mieru vyroben\u00fdmi z\u00e1platkami na ter\u010de od DAA, navrhnut\u00fdmi tak, aby dokonale splynuli s be\u017en\u00fdmi kart\u00f3nov\u00fdmi ter\u010dmi.<\/p>\n<ul>\n<li>Farebne prisp\u00f4soben\u00e9 pre takmer nevidite\u013en\u00fa aplik\u00e1ciu na be\u017en\u00fdch ter\u010doch<\/li>\n<li>Jedine\u010dn\u00fd \u0161tvorcov\u00fd dizajn 22x22mm pre v\u00e4\u010d\u0161ie pokrytie<\/li>\n<li>Jednoduch\u0161ie a r\u00fdchlej\u0161ie na aplik\u00e1ciu ako \u0161tandardn\u00e9 okr\u00fahle z\u00e1platky<\/li>\n<li>1 000 z\u00e1plat na rolke, 10 roliek v balen\u00ed<\/li>\n<\/ul>\n<p>Tieto pr\u00e9miov\u00e9 z\u00e1platky pon\u00fakaj\u00fa vynikaj\u00face pokrytie a efektivitu v porovnan\u00ed so \u0161tandardn\u00fdmi 20mm okr\u00fahlymi z\u00e1platkami. Ich \u0161tvorcov\u00fd tvar umo\u017e\u0148uje r\u00fdchlej\u0161iu aplik\u00e1ciu bez potreby presn\u00e9ho mierenia. \u010ci u\u017e ste profesion\u00e1lny alebo rekrea\u010dn\u00fd strelec, z\u00e1platky na ter\u010de DAA poskytuj\u00fa bezprobl\u00e9mov\u00e9 rie\u0161enie pre pred\u013a\u017eenie \u017eivotnosti va\u0161ich ter\u010dov v ak\u00fdchko\u013evek poveternostn\u00fdch podmienkach.<\/p>\n<\/div>\n","protected":false},"excerpt":{"rendered":"<p>Poveternostn\u00fdm vplyvom odoln\u00e9 ter\u010dov\u00e9 n\u00e1lepky 22x22mm. 1000 ks\/rolka, 10 roliek\/balenie.<\/p>\n","protected":false},"featured_media":29110,"template":"","meta":{"_acf_changed":false},"product_brand":[11282],"product_cat":[13370,13395,13362],"product_tag":[],"class_list":{"0":"post-31640","1":"product","2":"type-product","3":"status-publish","4":"has-post-thumbnail","6":"product_brand-doublealpha","7":"product_cat-papierove-terce","8":"product_cat-terce","9":"product_cat-zaplaty-a-zaplatove-pistole","11":"first","12":"instock","13":"taxable","14":"shipping-taxable","15":"purchasable","16":"product-type-variable","17":"wvs-archive-product-wrapper"},"acf":[],"_links":{"self":[{"href":"https:\/\/staging.nbg.eu\/sk\/wp-json\/wp\/v2\/product\/31640","targetHints":{"allow":["GET"]}}],"collection":[{"href":"https:\/\/staging.nbg.eu\/sk\/wp-json\/wp\/v2\/product"}],"about":[{"href":"https:\/\/staging.nbg.eu\/sk\/wp-json\/wp\/v2\/types\/product"}],"wp:featuredmedia":[{"embeddable":true,"href":"https:\/\/staging.nbg.eu\/sk\/wp-json\/wp\/v2\/media\/29110"}],"wp:attachment":[{"href":"https:\/\/staging.nbg.eu\/sk\/wp-json\/wp\/v2\/media?parent=31640"}],"wp:term":[{"taxonomy":"product_brand","embeddable":true,"href":"https:\/\/staging.nbg.eu\/sk\/wp-json\/wp\/v2\/product_brand?post=31640"},{"taxonomy":"product_cat","embeddable":true,"href":"https:\/\/staging.nbg.eu\/sk\/wp-json\/wp\/v2\/product_cat?post=31640"},{"taxonomy":"product_tag","embeddable":true,"href":"https:\/\/staging.nbg.eu\/sk\/wp-json\/wp\/v2\/product_tag?post=31640"}],"curies":[{"name":"wp","href":"https:\/\/api.w.org\/{rel}","templated":true}]}}